{"id":1289,"date":"2006-11-21T00:18:44","date_gmt":"2006-11-21T00:18:44","guid":{"rendered":""},"modified":"-0001-11-30T00:00:00","modified_gmt":"-0001-11-29T21:00:00","slug":"ramboyu-askere-almislar-cenderme-olcekmis","status":"publish","type":"page","link":"https:\/\/www.emresururi.com\/blogs\/sururi\/ramboyu-askere-almislar-cenderme-olcekmis\/","title":{"rendered":"Rambo&#8217;yu askere alm\u0131\u015flar&#8230; Cenderme olcekmi\u015f&#8230;"},"content":{"rendered":"<p><TABLE class=remark><TR><TD><\/p>\n<div align=justify><b>From:<\/b> Koray Loker<br \/>\n<b>To:<\/b> All<br \/>\n<b>Konu:<\/b> Rambo&#8217;yu askere almislar&#8230; Cenderme olcekmis&#8230;<br \/>\n<b>Tarih:<\/b> 1997-08-18 14:56:58<\/p>\n<p><b>Mesaj<\/b><\/p>\n<p>&#8212;&#8212;&#8212;&#8212;&#8212;&#8212;&#8212;&#8212;&#8212;&#8212;&#8212;&#8212;&#8212;&#8212;&#8212;&#8212;&#8212;&#8212;&#8212;&#8212;&#8212;&#8212;&#8212;&#8212;&#8212;&#8212;&#8211;<\/p>\n<p>\n<i>@MSGID: 8:103\/102.0 33f911c3<\/i><br \/>\nCep rambosuydu Ramazan. Kisa boylu, (tas tasiyarak yaptigi icin) yamuk <br \/>\nkasli, neseli, cesur, komik bir cocukluk arkadasimdi. Ust kusaktan <br \/>\nabisinin biraktigi mirasla, mahalle takiminin en iyi oyuncusuydu. <br \/>\nEger mahalle icinde mac yapacak olsak da sayi tek olsaydi; az kisinin <br \/>\noldugu takimdakilerden biri mutlaka Rambo&#8217;ydu.  Duvardan atlar, balkon-<br \/>\nlara cikar, agaclarin en ust dallarina dalar &#8216;&#8216;Rambo&#8217;luk yapar&#8217;&#8216;di.<\/p>\n<p>&#8216;Muhendisler birligi&#8217; vardi mahallede. ITU muhendisleri lokali yani. <br \/>\nAntreman maclari onun bahcelerinde yapilirdi. Kucuk bir on bahcesi <br \/>\nile &#8216;&#8216;yayla gibin arkabahce&#8217;&#8216;si vardi. Ama mahalle maclari okul yo-<br \/>\nlunda ki &#8216;&#8216;arsa&#8217;&#8216; da yapilirdi.<\/p>\n<p>Ramazan&#8217;in babasi muhendisler birliginin yanindaki apartmanin kapi-<br \/>\ncisiydi, bizde karsisindaki apartmanin &#8216;sakinleri&#8217;. Gerci biz 4 <br \/>\nyil oturup tasinmistik ama sadece &#8216;dagin ote yanina&#8217;. Sahi dag <br \/>\nvardi mahallede; ailesiyle kavgali olan &#8216;daga cikardi&#8217;. Rambo da-<br \/>\nyak yedigi zaman, biz eve goturdugumuz hayvanlar kovuldugu zaman. <br \/>\nNe kadar cok kedi kopegi dagda besledik simdiye dek&#8230;(Belediye <br \/>\nonlari oldurene dek) Aslinda dag dedigimiz yer de iki sokaga bakan <br \/>\napartmanlarin arkabahceleri arasinda kalan bir toprak tepe; ama ol-<br \/>\ndukca genis (hepimizin birer metrelik cuceler oldugu unutulmamali) <br \/>\nve 4. kat yuksekliginde bir tepe idi. Ve bizde dag adli bu tepenin <br \/>\note yanindaki sokaga tasinmistik. Ben inatla bizim mahallede oturu-<br \/>\nyor sayilirdim ve boyle sayilmak da isime gelirdi. Cunku yeni mahal-<br \/>\nle farkliydi&#8230; Bizim mahalle yalnizca buyukler ve kucukler diye <br \/>\nayrilmisti ve her kucuk birbirinin arkadasi idi. Ama yeni gittigimiz <br \/>\nsokakta buyukler icin iki tip kucuk vardi. Kapici cocuklari, apart-<br \/>\nman cocuklari&#8230; Peki sayin orospu cocuklari.<br \/>\nBenim mahalle icindeki statumde degismisti. Evin camindan kendi otur-<br \/>\ndugumuz sokaktaki cocuklarin dagimiza gitmelerini telefonla haber ve-<br \/>\nren bir casus olmustum. Ama gerekli idi bu. Her yaz tepeye cadir ku-<br \/>\nrar, kitap mitap goturur yurt edinirdik orayi. Ve her yaz diger ma-<br \/>\nhallelerin cakallari biz yokken gelir,  yikardi herseyi.  Biz de <br \/>\nnobet bekler, kavgaya gider, yeniden herseyi kurardik. Asterix&#8217;in ko-<br \/>\nyuydu dagimiz.<\/p>\n<p>Bir de cati mahallemiz vardi. Gerci bizim mahalle ile arasinda on<br \/>\nmahalle vardi (cocuklarin mahalle kavramlari muhtarlardan daha deg-<br \/>\nisiktir; bizim oturdugumuz sokak kennedi caddesinden tahran cadde-<br \/>\nsine yaklasik on mahalle idi&#8230;) ama oranin cocuk kapasitesi biraz <br \/>\ndusuk ya da cocuklari biraz salakti. Bir cocugun orada oynadigina <br \/>\nait bir iz varsa bizden kalmaydi. Cati mahallesi, Tunali&#8217;da, Pasa-<br \/>\nbahce&#8217;nin oldugu tarafta, Pasabahce&#8217;nin her iki tarafina dogru orta-<br \/>\nlama 7-8 pasaj ve apartman depolarinin catilarindan olusuyordu. Her<br \/>\npasajin yuksekligi ayni olmadigi icin dumduz bir yer degildi. Ornegin <br \/>\nYetkin pasajinin ve bitisigindeki anahtarcinin catilari, Tunali pasaji,<br \/>\nPasabahce ve Balkanerler(sonradan Besi ciftligi olmus) catilarindan bir<br \/>\n metre daha alcakti. Pasajlarin iclerini gozetler koku bombasi atardik.<\/p>\n<p>Ortaokula basladigimiz yillarda, tepenin bir ucunda bulunan tekel depo-<br \/>\nsuna (calip kirdigimiz raki siselerinin haddi hesabi yoktur.) sirtini <br \/>\ndayamis olan bir kumesin icin yikip kirec ve sprey boyayla boyayarak <br \/>\nadam ettik. Iki odali bir kumesti, bir odasi Rambo&#8217;hane ve komurluk <br \/>\nbir odasi ise bizim boyadigimiz kulubemiz idi. Tam bu siralarda tepe-<br \/>\nnin diger ucu yikildi. Muhendisler birligi yikilinca insaati kolaylas-<br \/>\ntirip, garaj olurmus. Muhendisler birligide yikildi zaten. (Merak edi-<br \/>\nyorum simdi ITU evi diye anilan &#8216;modern&#8217; binaya takilanlar eski haliy-<br \/>\nle dursa gelirler miydi?) Biz bir apartmanin kapicisindan odunc aldig-<br \/>\nimiz sobamiz, simdi Migros&#8217;a otopark olan bir manavdan caldigimiz kas-<br \/>\nalardan yapilma odunlarimiz, yastiklarimiz, duslerimiz ve playboylar-<br \/>\nimizla kendimize guzel bir yasam kurmustuk. Pasabahce&#8217;de calisanlar <br \/>\nyillar yili sattiklari mallarin karton kutularini catidan kimin aldig-<br \/>\nini merak edip durmuslardir. E ne yapalim, yerler rutubetliydi, ayda <br \/>\nbir zemine yeni karton sermek lazimdi. Catisina nasil gidildigini bilen<br \/>\n insanlar ise sadece bizdik. (tabii ki cok gizli bir yer degildi orasi <br \/>\nama yalniz cocuklar, eskiciler ve cocuk kalabilenler gidiyordur oraya; <br \/>\nve eskiciler o kartonlari gormezdi&#8230;) <\/p>\n<p>Rambo dedeme asker selami verip albayinin nasil oldugunu sorardi hep. <br \/>\nCunku ben ona dedemin yarbay oldugunu bir turlu anlatamamistim. Albay-<br \/>\niydi dedem onun, askiydi Hatice. Rambo, Hatice&#8217;ye asik olmustu da, <br \/>\nHatice Rambo&#8217;ya donunu gostermisti de, babasi onlari gormustu de&#8230; <br \/>\nHatice&#8217;yi komurlukte bastilar evde de Rambo&#8217;ya basacaklar demistik. <br \/>\nBir ara okurdu da okulda da asik oldugu kizlar olurdu ama sonradan o-<br \/>\nkulu birakti&#8230;<\/p>\n<p>Kislari kar tutardi dag. Dagin kulubemize yakin tarafi iki metrelik bir<br \/>\n duvarla baslardi. Kizakla, laylon tosetle dagdan asagi kayardik. Tam <br \/>\nduvarin ustune gelince kizaktan kendimizi atardik; yoksa kizakla bir-<br \/>\nlikte apartmanin duvarina cakilma ihtimali vardi. Biz kizagin ustunden<br \/>\natlardik, kizak da firlar giderdi.<\/p>\n<p>Telefon caldi da gecen gun, icimdeki cocuk firladi, gitti acti telefo-<br \/>\nnu; bildi, &#8216;&#8216;onlardan&#8217;&#8216;di arayan. Rambo&#8217;ydu. Kisin arayip bahara celp <br \/>\ngeliyor yoklamayi yaptirdim demisti. Ne cabuk unutmusum. Ancak calis-<br \/>\ntigi kuruyemisciye bir ugrayip soyle bir gormustum. Hepi topu on dakka.<br \/>\n Hala ayniydi boyu, esmerdi, neseliydi. Koye tasinali en az bi dort <br \/>\nsene oluyordu. Baksan gene Rambo&#8217;ydu Rambo olmasina ama degismisti <br \/>\nbiraz. <\/p>\n<p>dedi. Cenderme olacakmis. O boyla piyadeye <br \/>\nalmamislar. Cocuklugunu gorseler komando yaparlardi ya demekki Rambo <br \/>\nolmak yetmiyor dedim icimden.<br \/>\n dedi. Olur dedim ben de ne diyeyim. Ctesi gittim <br \/>\nmahalleye, bekledim, gelmedi. Aslinda sadece gecikmis ama ben saat <br \/>\nkacta bulusacagimizdan da emin degildim onun icin bir saat kirkbes<br \/>\ndakka sonra sikilip dondum. Gelmis meger. Murti&#8217;yi bulmus. Konusmus-<br \/>\nlar. Ogrenci olaylarindan bahsetmis Rambo. Polis olsaymis o da dover-<br \/>\nmis. Cocuklar ayip ediyormus. Eh be Rambo, bizi ayiran, siniflandiran <br \/>\norospu cocuklarina ne cocugu oldugumuzu gosterirken, dayak yerken agla-<br \/>\nmazdin, geri donmezdin, kopek yavrularimizi zehirleten apartmanliya da <br \/>\nberaber kufredip &#8216;&#8216;pisligimizi&#8217;&#8216; yapmistik, hep ayniydik da bir koy <br \/>\nyasantisi mi degistirdi seni&#8230;<\/p>\n<p>E Rambo&#8217;ya cocuklar ozgur okul istiyor denmez ki, Rambo okuyamamis. <br \/>\nOrta ikiden terk. Hayat okuluna yatay gecis. Is tuttu calisti. Bir <br \/>\nara Flamingo pastanesinde kadayiflari yapmaya baslamisti ama celp <br \/>\ngeldi dayandi. Boynu kildan ince. Koyde &#8216;Allah devlete millete zeval <br \/>\nvermesin&#8217; denir. Okul bulunmus da begenilmemis midir ? Ayip edilmisdir.<br \/>\nRambo&#8217;yu askere almislar, cenderme yapacaklar. Ogrenci yuruyuslerine <br \/>\ngonderilirse birligi, komtani vur derse vuracak. Acaba komtan&#8217;i albay <br \/>\nmi olacak. Her gun selam cakip hatirini sordugu &#8216;Albay&#8217;inin o bunu an-<br \/>\nlamazliktan da gelse neden yarbay kaldigini, komtan dovdugunu, gizlice<br \/>\nyatakhaneye girip de keman caldi diye hucre hapsi yedigini duysa, bil-<br \/>\nse, gene de Albay&#8217;i vur dese vuracak.<\/p>\n<p>Hani benim karsima ciksa, sari uniformasi, mavi, yatik kepi ile de <br \/>\ngorsem tanirim. O da beni tanir, vuramaz. Vuramayiz birbirimize; ama <br \/>\nya Hatice&#8217;yi gorse&#8230; Acaba yine tanir durur mu, yoksa &#8216;anarsit&#8217;der <br \/>\nvurur mu ?<\/p>\n<p>Yok yok. Rambo&#8217;da, ben de, Hatice&#8217;de yokuz. &#8216;Arsa&#8217; mac sahaligindan <br \/>\ncikip da hastane insaati oldugu zaman, Yetkin pasajinin catisina &#8216;Caf\u00e9&#8217;<br \/>\nyapilirken, muhendisler birligi &#8216;modern&#8217; edilirken, kulubelerimiz yiki-<br \/>\nlirken, dagimiza insaat yaparlarken, kopek dostlarimiz zehirlenirken, <br \/>\nbuyurken, politika ogrenirken olduk biz de.<\/p>\n<p>Rambo&#8217;yu askere almislar, cenderme yapmak icin. Kimlerle savasmasi <br \/>\nicin ? Hangi mahalle takimlarinin kalecileri, hangi analarin ogullari <br \/>\nbizleri coplayanlar da, hangimiz kimlerle savasmak icin nerelere <br \/>\ngonderilecegiz acaba ?<\/p>\n<p>Cendermee, cendermee bizi savasa gondermee&#8230;<\/p>\n<p>     Sevgiler..<br \/>\n     Loker Koray Loker noolmus?<\/p>\n<p>&#8230; Birimiz bile ozgur diilse, hepimiz tutsagiz&#8230;<br \/>\n-!- Blue Wave\/386 v2.20 [NR]<br \/>\n ! Origin: ADABBS Hot Line ++90-312-4671208 (8 Lines) (8:103\/102)<\/div>\n<p><\/TD><\/TR><\/TABLE><\/p>\n","protected":false},"excerpt":{"rendered":"<p>From: Koray Loker To: All Konu: Rambo&#8217;yu askere almislar&#8230; Cenderme olcekmis&#8230; Tarih: 1997-08-18 14:56:58 Mesaj &#8212;&#8212;&#8212;&#8212;&#8212;&#8212;&#8212;&#8212;&#8212;&#8212;&#8212;&#8212;&#8212;&#8212;&#8212;&#8212;&#8212;&#8212;&#8212;&#8212;&#8212;&#8212;&#8212;&#8212;&#8212;&#8212;&#8211; @MSGID: 8:103\/102.0 33f911c3 Cep rambosuydu Ramazan. Kisa boylu, (tas tasiyarak yaptigi icin) yamuk kasli, neseli, cesur, komik bir cocukluk arkadasimdi. Ust kusaktan abisinin biraktigi mirasla, mahalle takiminin en iyi oyuncusuydu. Eger mahalle icinde mac yapacak olsak da sayi tek &hellip; <a href=\"https:\/\/www.emresururi.com\/blogs\/sururi\/ramboyu-askere-almislar-cenderme-olcekmis\/\" class=\"more-link\">Okumaya devam et<span class=\"screen-reader-text\"> &#8220;Rambo&#8217;yu askere alm\u0131\u015flar&#8230; Cenderme olcekmi\u015f&#8230;&#8221;<\/span><\/a><\/p>\n","protected":false},"author":1,"featured_media":0,"parent":0,"menu_order":0,"comment_status":"open","ping_status":"open","template":"","meta":[],"_links":{"self":[{"href":"https:\/\/www.emresururi.com\/blogs\/sururi\/wp-json\/wp\/v2\/pages\/1289"}],"collection":[{"href":"https:\/\/www.emresururi.com\/blogs\/sururi\/wp-json\/wp\/v2\/pages"}],"about":[{"href":"https:\/\/www.emresururi.com\/blogs\/sururi\/wp-json\/wp\/v2\/types\/page"}],"author":[{"embeddable":true,"href":"https:\/\/www.emresururi.com\/blogs\/sururi\/wp-json\/wp\/v2\/users\/1"}],"replies":[{"embeddable":true,"href":"https:\/\/www.emresururi.com\/blogs\/sururi\/wp-json\/wp\/v2\/comments?post=1289"}],"version-history":[{"count":0,"href":"https:\/\/www.emresururi.com\/blogs\/sururi\/wp-json\/wp\/v2\/pages\/1289\/revisions"}],"wp:attachment":[{"href":"https:\/\/www.emresururi.com\/blogs\/sururi\/wp-json\/wp\/v2\/media?parent=1289"}],"curies":[{"name":"wp","href":"https:\/\/api.w.org\/{rel}","templated":true}]}}