{"id":1892,"date":"2007-05-17T00:41:45","date_gmt":"2007-05-17T00:41:45","guid":{"rendered":""},"modified":"-0001-11-30T00:00:00","modified_gmt":"-0001-11-29T21:00:00","slug":"tiyatrofobia-perihan-magden","status":"publish","type":"page","link":"https:\/\/www.emresururi.com\/blogs\/sururi\/tiyatrofobia-perihan-magden\/","title":{"rendered":"Tiyatrofobia \/ Perihan Ma\u011fden"},"content":{"rendered":"<p><TABLE class=remark><TR><TD><\/p>\n<div align=justify>Bilmiyorum tam ka\u00e7 ya\u015f\u0131ndayd\u0131m: Yirmi \u00fc\u00e7? Yirmi d\u00f6rt? Yirmi be\u015f? Oralarda bir yerlerde i\u015fte. <\/p>\n<p>Annemin organizasyonuyla Kenterler&#8217;e gitmi\u015f buldum kendimi. &#8216;Harold ve Maude&#8217;u izlemeye. <\/p>\n<p>Bu bir d\u00f6n\u00fcm noktas\u0131d\u0131r; zira \u00fc\u00e7-be\u015f ya\u015f\u0131ndan itibaren nerdeyse t\u00fcm truplar\u0131n t\u00fcm oyunlar\u0131na ta\u015f\u0131narak b\u00fcy\u00fct\u00fclm\u00fc\u015f bulunan BU \u00e7ocuk (bendeniz yani) orda geri d\u00f6n\u00fc\u015fs\u00fcz ve devas\u0131z bir hastal\u0131\u011fa yakaland\u0131: Tiyatrofobia. (Bu tabir de buradan kamu yarar\u0131na yarat\u0131kland\u0131r\u0131l\u0131yor.) <\/p>\n<p>Aman Allah\u0131m!.. Y\u0131ld\u0131z Kenter kendini ordan oraya att\u0131k\u00e7a, T\u00fcrk Tiyatrosu&#8217;nun Grande Damme&#8217;\u0131 biz basith halklar i\u00e7in kendini par\u00e7alad\u0131k\u00e7a, beni \u015fiddeti giderek artan bir mah\u00e7ubiyet hissi esir almaya ba\u015flad\u0131. <\/p>\n<p>&#8216;Niye yap\u0131yor ki?&#8217; gibi oluyorum. &#8220;Niye b\u00f6yle bizlerin \u00f6n\u00fcnde\/bir nevi bizler i\u00e7in\/ama temelde kendi i\u00e7in kendini mahv-u peri\u015fan ediyor ki?&#8221; <\/p>\n<p>Hani daha hafif, limonatal\u0131 bir halet-i ruhiye olsa beni pen\u00e7elerine ge\u00e7irmi\u015f bulunan: &#8216;De\u011fer mi hi\u00e7&#8217;i ba\u011f\u0131ra ba\u011f\u0131ra s\u00f6ylemeye ba\u015flayaca\u011f\u0131m. <\/p>\n<p>Hem onu bu eziyetten azat etmek, hem de durumumuzu &#8216;e\u015fitlemek&#8217; i\u00e7in. <\/p>\n<p>Zira biliyorsunuz tiyatrocular bir \u00f6m\u00fcr boyu bir r\u00fcyaya esir d\u00fc\u015f\u00fcyorlar: Tiyatroculuk r\u00fcyas\u0131na. Tiyatronun en\/\u00e7ok\/bir m\u00fchim oldu\u011funa. Tiyatrocukluksuzu ya\u015fayamayacaklar\u0131na. Hayat\u0131n t\u00fcm anlam\u0131n\u0131n tiyatrocuklama co\u015fkusunda yatt\u0131\u011f\u0131na. <\/p>\n<p>Tabii, kendi a\u00e7\u0131lar\u0131ndan hakl\u0131 olabilirler. Ama ya bizler? Biz basit insanlar&#8230; Onlar\u0131n bu tutkular\u0131n\u0131 tatmin etmekle m\u00fckellef zavall\u0131 kuzucuklar? <\/p>\n<p>Biz bu oyunlar\u0131, biz bu tiyatrolar\u0131, biz bu tiyatrolucuklar\u0131 hak etmek i\u00e7in ne yapt\u0131k? <\/p>\n<p>Biz basit\/normal\/d\u00fcz insanlar; onlar burnumuzun dibinde kendilerini &#8216;sev beni, sev beni&#8217;, &#8216;izle beni, izle beni&#8217;, &#8216;be\u011fen beni, be\u011fen beni&#8217; diye ordan oraya att\u0131k\u00e7a; k\u0131zar\u0131p bozarmadan, yerin dibine ge\u00e7meden, bu \u0131srarc\u0131 ruhlar\u0131n dram\u0131 kar\u015f\u0131s\u0131nda merhamet dalgalar\u0131yla tir tir titremeden durmaya, evet yaln\u0131zca koltuklar\u0131m\u0131za m\u0131hlan\u0131p orada kalmaya muvaffak olabilecek miyiz? <\/p>\n<p>\u00c7ok \u015fey istemek de\u011fil mi bu? Onlar\u0131n tiyatroculu\u011fu varsa, bizim de can\u0131m\u0131z yok mu? <\/p>\n<p>Bu \u00e7a\u011fa\/bu hayatlara\/bu a\u011f\u0131r yabanc\u0131la\u015fma zamanlar\u0131na hi\u00e7 de uymayan, arkaik bir sanat i\u015fte bu. <\/p>\n<p>O burun burunal\u0131k, i\u015fte \u00fc\u00e7-be\u015f ad\u0131mda ko\u015fsam sahnedeyim; ama hay\u0131r ordan onlar\u0131n kesti\u011fi o alabildi\u011fine demode\/bitmi\u015f t\u00fckenmi\u015f\/i\u00e7i bo\u015falm\u0131\u015f rollere inanmam gerekiyor. Onlar\u0131n orac\u0131kta yapt\u0131klar\u0131 yapmac\u0131kl\u0131klar normalmi\u015f gibi, dahas\u0131 sayg\u0131nm\u0131\u015f gibi, beni duygulanmalardan duygulanmalara s\u00fcr\u00fckl\u00fcyormu\u015f gibi oturmam, oturmam, OTURMAM gerekiyor. <\/p>\n<p>Ben Allah raz\u0131 olsun Y\u0131ld\u0131z Kenter&#8217;in o m\u00fcthi\u015f oyunundan beri tiyatroya gitmiyorum. <\/p>\n<p>Kendi \u00f6zg\u00fcr irademle gitmiyorum yani. <\/p>\n<p>Ama g\u00fcn oluyor, seyran d\u00f6n\u00fcyor; \u00f6zellikle yurtd\u0131\u015f\u0131ndaysam, i\u015fte annemin organizasyonlamas\u0131 gibi bir \u015feyle -zaten yurtd\u0131\u015f\u0131nda bir nevi \u00e7ocuk ya da yeniyetmeye d\u00f6n\u00fc\u015f\u00fcyor insan. Bunun g\u00fczelli\u011fi de var tabii ki. Ordan oraya s\u00fcr\u00fckleniyor, ne kadar isterlerse orada o kadar kal\u0131yor, nerdeyse onlar\u0131n istediklerinden yiyor, onlar\u0131n istediklerini giyiyor. <\/p>\n<p>Yani ben bir s\u0131\u00e7r\u0131yorum, iki s\u0131\u00e7r\u0131yorum, \u00fc\u00e7\u00fcnc\u00fcde D\u00dc\u015eMEM\u0130\u015e M\u0130Y\u0130M T\u0130YATRO ZULM\u00dcN\u00dcN KUCA\u011eINA! <\/p>\n<p>D\u00fcnyan\u0131n t\u00fcm di\u015f\u00e7i koltuklar\u0131n\u0131 bana getirin! Ho\u015f di\u015f\u00e7i korkum yoktur ve de a\u011fz\u0131mda bir adet dolgu var. Yani di\u015f\u00e7i olay\u0131m\u0131z da alt\u0131 ayda bir. Ama diyelim di\u015f\u00e7im beni mah\u00e7up etmiyor. Orda o koltukta a\u011fz\u0131m\u0131 a\u00e7m\u0131\u015f otururken, &#8220;Nedir bu insan\u0131n meselesi? Bunun bir \u00e7aresi, bir ilac\u0131 yok mudur ya Rabbim?&#8221; diye utan\u00e7tan al\u0131 al, moru mor bin bir fikrin pen\u00e7esinde kurtulu\u015f re\u00e7eteleri e\u015felendirmiyor. <\/p>\n<p>Evet di\u015f\u00e7imle olan, bakkal\u0131mla, manav\u0131mla, mimar\u0131mla, ba\u015fmabeyincimle (dermi\u015fim) <\/p>\n<p>-yani ba\u015fka mesleklerle kurabildi\u011fim insani\/sayg\u0131l\u0131\/mesafeli ili\u015fkiyi sahnedeki bu \u00e7\u0131rp\u0131\u015fan ruhlarla kurmam\u0131n imk\u00e2n ve ihtimali yok. <\/p>\n<p>E\u015fitli\u011fin olmad\u0131\u011f\u0131 t\u00fcm ili\u015fkilerde mutsuzluk vard\u0131r. Ve ben \u00f6mr\u00fcmde tiyatro oyuncusuyla seyircisinin aras\u0131ndaki kadar e\u015fitliksiz bir ili\u015fki d\u00fc\u015f\u00fcnemiyorum. Belki psikanalistle hastas\u0131n\u0131n ili\u015fkisi -o bile, o bile azzz kal\u0131r. Azzz kal\u0131r. <\/p>\n<p>D\u00fc\u015f\u00fcn\u00fcn bir grup insan s\u00fcsleniyor, p\u00fcsleniyor o y\u00fcksekli\u011fe \u00e7\u0131k\u0131yor. Perdeler a\u00e7\u0131l\u0131yor, perdeler kapan\u0131yor ve t\u00fcm derdi \u015fu: BEN \u00c7OCUK KALAYIM. <\/p>\n<p>Hani baz\u0131 \u00e7ok yorucu \u00e7ocuklar ba\u011f\u0131r\u0131r \u00e7a\u011f\u0131r\u0131r, ko\u015far, takla atar, kendini yaralar, olmad\u0131; yerlere yap\u0131\u015f\u0131p tantiumlar atar: BAK BANA. BAK BANA. \u0130LG\u0130LEN BEN\u0130MLE. Derdi, bu. <\/p>\n<p>Tiyatrocular da \u00f6yle \u00e7\u0131k\u0131p habire oynas\u0131nlar, oynas\u0131nlar. Aman onlar \u00f6mr\u00fc billah oynas\u0131n \u00f6yle; c\u00fcc\u00fck, pardon \u00e7ocuk ruhlar kals\u0131n bizler de bay\u0131lal\u0131m, ay\u0131lal\u0131m. Alk\u0131\u015f, k\u0131yamet. Ve hatta kuliste ayakkab\u0131lar\u0131ndan \u015fampanya i\u00e7elim. <\/p>\n<p>\u015eimdi bu Cahide Sonku&#8217;ya yap\u0131labilir. Cahide Sonku&#8217;nun zamanlar\u0131nda, b\u00f6yle hissiyatlanmalar\u0131n m\u00fcmk\u00fcnat\u0131 da olabilir. Ama: &#8216;IN AN AGE LIKE TH\u0130S&#8217;. B\u00f6yle bir zamanda nedir yani tiyatronun durumu ve de dram\u0131? Yabanc\u0131la\u015fma alm\u0131\u015f ba\u015f\u0131n\u0131 gitmi\u015f, postpost yabanc\u0131la\u015fma olmu\u015f. Sinema orda ko\u00e7 gibi. Hi\u00e7bir canl\u0131y\u0131 soluk al\u0131p verme mesafene sokmuyor. <\/p>\n<p>Birka\u00e7 \u00e7ocuk ille de &#8216;zevk vermekten zevk als\u0131nlar&#8217; diye (b\u00f6yle bir form\u00fcllemeleri filan vard\u0131r herhalde) biz na\u00e7ar halklar\u0131n mah\u00e7ubiyet domatesleri gibi habire ezilmeleri mi gerekmektedir? \u0130syan\u0131m\u0131z sonsuzlarda art\u0131k yani.<\/p>\n<p><b>Perihan Ma\u011fden, <i>Radikal Gazetesi<\/i> 9 Kas\u0131m 2002<\/b><\/div>\n<p><\/TD><\/TR><\/TABLE><\/p>\n","protected":false},"excerpt":{"rendered":"<p>Bilmiyorum tam ka\u00e7 ya\u015f\u0131ndayd\u0131m: Yirmi \u00fc\u00e7? Yirmi d\u00f6rt? Yirmi be\u015f? Oralarda bir yerlerde i\u015fte. Annemin organizasyonuyla Kenterler&#8217;e gitmi\u015f buldum kendimi. &#8216;Harold ve Maude&#8217;u izlemeye. Bu bir d\u00f6n\u00fcm noktas\u0131d\u0131r; zira \u00fc\u00e7-be\u015f ya\u015f\u0131ndan itibaren nerdeyse t\u00fcm truplar\u0131n t\u00fcm oyunlar\u0131na ta\u015f\u0131narak b\u00fcy\u00fct\u00fclm\u00fc\u015f bulunan BU \u00e7ocuk (bendeniz yani) orda geri d\u00f6n\u00fc\u015fs\u00fcz ve devas\u0131z bir hastal\u0131\u011fa yakaland\u0131: Tiyatrofobia. (Bu tabir &hellip; <a href=\"https:\/\/www.emresururi.com\/blogs\/sururi\/tiyatrofobia-perihan-magden\/\" class=\"more-link\">Okumaya devam et<span class=\"screen-reader-text\"> &#8220;Tiyatrofobia \/ Perihan Ma\u011fden&#8221;<\/span><\/a><\/p>\n","protected":false},"author":1,"featured_media":0,"parent":0,"menu_order":0,"comment_status":"open","ping_status":"open","template":"","meta":[],"_links":{"self":[{"href":"https:\/\/www.emresururi.com\/blogs\/sururi\/wp-json\/wp\/v2\/pages\/1892"}],"collection":[{"href":"https:\/\/www.emresururi.com\/blogs\/sururi\/wp-json\/wp\/v2\/pages"}],"about":[{"href":"https:\/\/www.emresururi.com\/blogs\/sururi\/wp-json\/wp\/v2\/types\/page"}],"author":[{"embeddable":true,"href":"https:\/\/www.emresururi.com\/blogs\/sururi\/wp-json\/wp\/v2\/users\/1"}],"replies":[{"embeddable":true,"href":"https:\/\/www.emresururi.com\/blogs\/sururi\/wp-json\/wp\/v2\/comments?post=1892"}],"version-history":[{"count":0,"href":"https:\/\/www.emresururi.com\/blogs\/sururi\/wp-json\/wp\/v2\/pages\/1892\/revisions"}],"wp:attachment":[{"href":"https:\/\/www.emresururi.com\/blogs\/sururi\/wp-json\/wp\/v2\/media?parent=1892"}],"curies":[{"name":"wp","href":"https:\/\/api.w.org\/{rel}","templated":true}]}}