{"id":2094,"date":"2007-08-03T13:19:58","date_gmt":"2007-08-03T13:19:58","guid":{"rendered":""},"modified":"-0001-11-30T00:00:00","modified_gmt":"-0001-11-29T21:00:00","slug":"mezat","status":"publish","type":"page","link":"https:\/\/www.emresururi.com\/blogs\/sururi\/mezat\/","title":{"rendered":"Mezat.."},"content":{"rendered":"<p><b>Not: Bu giri\u015fe sonradan birka\u00e7 yorum geldi, o y\u00fczden \u00f6zellikle belirtmek gere\u011fini duydum : Bu sayfadaki sat\u0131\u015f \u00e7abalar\u0131 art\u0131k ge\u00e7erli de\u011fildir, <i>sayg\u0131lar\u0131mla bilgilerinize arz ederim..<\/i><\/b><\/p>\n<hr>\n<p><center><img decoding=\"async\" src=\"images\/puf.jpg\" alt=\"Puflar - \u0130kisi 150 YTL\"><\/center><br \/>\n<strike>Puflar (ikisi: 150 YTL)<\/strike> &#8212; H&#038;L B gule gule otursunlar efendim.. 8)<\/p>\n<p><center><img decoding=\"async\" src=\"images\/kitaplik.jpg\" alt=\"Kitapl\u0131klar\"><\/center><br \/>\nKitapl\u0131klar (ikisi: 100 YTL) (Kitaplar hari\u00e7! 8) Fiyat\u0131 d\u00fczelttim, bir tanesi SD&#8217;a gitti, <strike>digeri hala kendisine bir yuva ariyor.<\/strike> Kitapl\u0131\u011f\u0131 kurtar\u0131c\u0131lar\u0131m\u0131z N&#038;C T ald\u0131lar<\/p>\n<p><center><img decoding=\"async\" src=\"images\/koltuk.jpg\" alt=\"Koltuk Tak\u0131m\u0131\"><\/center><br \/>\nKoltuk Tak\u0131m\u0131 (1&#215;3&#8217;l\u00fc, 1&#215;2&#8217;li, 2&#215;1&#8217;li) 700YTL<\/p>\n<p><center><img decoding=\"async\" src=\"images\/camasirMakinesi.jpg\" alt=\"\u00c7ama\u015f\u0131r Makinesi\"><\/center><br \/>\nAr\u00e7elik \u00c7ama\u015f\u0131r Makinesi (300 YTL)<\/p>\n<p><center><img decoding=\"async\" src=\"images\/buzdolabi.jpg\" alt=\"Buzdolab\u0131\"><\/center><br \/>\nAr\u00e7elik Buzdolab\u0131 (250 YTL) <b>16\/08 itibar\u0131 ile ek: Bu buzdolab\u0131 elden \u00e7\u0131karsa \u00e7ok sevinece\u011fiz. Son derece g\u00fczel \u00e7al\u0131\u015fmaktad\u0131r, ucuz olmas\u0131n\u0131n sebebi taa \u0130stanbul&#8217;dan getirmi\u015f oldu\u011fumdan (=7+ sene), ya\u015fl\u0131 bir k\u0131zca\u011f\u0131z durumunda bulunmas\u0131d\u0131r.<\/b> <\/p>\n<p><center><img decoding=\"async\" src=\"images\/teyp.jpg\" alt=\"Radyo, Bilgisayar Masas\u0131\"><\/center><br \/>\n<strike>Philips Radyo &#8211; Teyp (50 YTL) (Teybin CD&#8217;si \u00e7al\u0131\u015fm\u0131yor, ama ben hep amfi olarak kullan\u0131yordum, iyi hoparl\u00f6rleri var..)<\/strike> N&#038;C T sa\u011folsunlar, VF&#8217;tan \u00f6z\u00fcrlerimizle&#8230;<br \/>\n<strike>Bilgisayar Masas\u0131 (<strike>40 YTL<\/strike>)(40 YTL yazd\u0131ktan sonraki notum: Bedavaya da verilir) <\/strike> &#8212; bunu elden \u00e7\u0131kard\u0131k (ya SD, ya DF)<\/p>\n<p><center><img decoding=\"async\" src=\"images\/bkoltugu.jpg\" alt=\"Bilgisayar Koltu\u011fu\"><\/center><br \/>\n<strike>Bilgisayar Koltu\u011fu (20 YTL)<\/strike> &#8212; bu da gitti (ZE)<\/p>\n<p><center><img decoding=\"async\" src=\"images\/sehpa.jpg\" alt=\"Sehpa\"><\/center><br \/>\nSehpa (2 K\u00fc\u00e7\u00fck 1 B\u00fcy\u00fck) (45 YTL) (Sehpalar\u0131n kaplamalar\u0131 zamanla oradan buradan yol verdi. B\u00fcy\u00fck olan \u00fczerinde puzzle yapmak i\u00e7in ideal.) <b>16\/08 itibar\u0131 ile ek: Arkada\u015flar, gelin al\u0131n bunlar\u0131 bedavaya, normal evde normal bir salon i\u00e7in tamam, biraz y\u0131pranm\u0131\u015f ama \u00f6\u011frenci evi i\u00e7in ya da normal bir evde &#8220;\u00f6\u011frenci odas\u0131&#8221; i\u00e7in \u00e7ok uygun..<\/b><\/p>\n<p><center><img decoding=\"async\" src=\"images\/salon_konsol.jpg\" alt=\"Konsol\"><\/center><br \/>\nKonsol (200 YTL)<\/p>\n<p><strike>Neredeyse unutuyordum: Bir de biri bazal\u0131, biri bazas\u0131z iki yata\u011f\u0131m\u0131z var, isteyen olursa \u00fccretsiz olarak gelip alabilirler..<\/strike> bunlar\u0131n biri gitti (\u015eH), di\u011feri de gitti (SD)<\/p>\n<p><center><img decoding=\"async\" src=\"images\/decTelefon.jpg\" alt=\"Dect Telefon\"><\/center><br \/>\n<strike>Siemens Dect Telefon 30 YTL<\/strike> &#8211; SM g\u00fcle g\u00fcle konu\u015fsun! 8)<\/p>\n<p><center><img decoding=\"async\" src=\"images\/elSupurgesi.jpg\" alt=\"Ar\u00e7elik El S\u00fcp\u00fcrgesi\"><\/center><br \/>\n<strike>Ar\u00e7elik El S\u00fcp\u00fcrgesi 35 YTL<\/strike> A\u00d6 sa\u011folsun<\/p>\n<p><center><img decoding=\"async\" src=\"images\/iskemle.jpg\" alt=\"\u0130skemle\"><\/center><br \/>\nMutfak \u0130skemlesi 2 adet, ikisi toplam: 30 YTL (Beng\u00fc sonradan belirtmemi istedi: bunlar\u0131n g\u00fczel yan\u0131 y\u00fcksek olmalar\u0131 imi\u015f, bu sayede oturarak rahatl\u0131kla tezgahta i\u015f yap\u0131labiliniyormu\u015f)<\/p>\n<p><center><img decoding=\"async\" src=\"images\/konsolZigon.jpg\" alt=\"Konsol ve Zigon\"><\/center><br \/>\nKonsol 100 YTL, <strike>Zigon sehpalar bir \u015fey alana yan\u0131nda hediye verilir, tutkallar\u0131 \u00e7\u0131k\u0131p duruyor yaln\u0131z<\/strike>, \u00e7ocuk sat\u0131l\u0131k de\u011fil (sabah\u0131n 3&#8217;\u00fcnde a\u011flarken ararsan\u0131z fikrim de\u011fi\u015febilir..) Bu konsolla yukar\u0131daki 200 YTL&#8217;lik b\u00fcy\u00fck konsol ikisi bir arada 250 YTL efendim. Zigonlar: N&#038;C T, yan\u0131nda ah\u015fap tutkal\u0131 hediye vermek gerekiyordu asl\u0131nda&#8230;<\/p>\n<p><center><img decoding=\"async\" src=\"images\/meyveSikacagi.jpg\" alt=\"Meyve S\u0131kaca\u011f\u0131\"><\/center><br \/>\n<strike>Meyve S\u0131kaca\u011f\u0131 40 YTL<\/strike> A\u00d6 sa\u011folsun 2<\/p>\n<p><center><img decoding=\"async\" src=\"images\/portakalSikacagi.jpg\" alt=\"Portakal S\u0131kaca\u011f\u0131\"><\/center><br \/>\n<strike>Portakal S\u0131kaca\u011f\u0131 &#8211; Bunu 5 sene evvel, Pa\u015fabah\u00e7e&#8217;den o zaman\u0131n paras\u0131yla 70 Milyona alm\u0131\u015ft\u0131k, yazmadan edemeyece\u011fim&#8230; 8) 30 YTL<\/strike> N&#038;C T<\/p>\n<p><center><img decoding=\"async\" src=\"images\/mikrodalga.jpg\" alt=\"Mikrodalga F\u0131r\u0131n\"><\/center><br \/>\n<strike>BEKO Mikrodalga F\u0131r\u0131n 100 YTL &#8211; <i>Kuzu pi\u015firmek i\u00e7in ideal<\/i> (Can\u0131m k\u0131z\u0131m benim, nas\u0131l tatl\u0131 \u00e7\u0131km\u0131\u015f! 8)<\/strike> N&#038;C T sagolsunlar, gule gule kullansinlar.<\/p>\n<p><center><img decoding=\"async\" src=\"images\/mutfakMasasi.jpg\" alt=\"Mutfak Masas\u0131\"><\/center> <br \/>\n<strike>Mutfak Masas\u0131 30 YTL<\/strike> A\u00d6 sa\u011folsun III! 8)<\/p>\n<p><center><img decoding=\"async\" src=\"images\/soba.jpg\" alt=\"Elektrik Sobas\u0131\"><\/center> <br \/>\nElektrik Sobas\u0131 40 YTL  <b>16\/08 itibar\u0131 ile ek: kendine kismet olarak ODTU&#8217;lu bir asistan aramaktadir&#8230; \u015eimdi yaz diye burun k\u0131v\u0131ran &#8220;a\u011fustos b\u00f6cekleri&#8221;, elbet k\u0131\u015f\u0131n kap\u0131m\u0131z\u0131 \u00e7alacaklard\u0131r ama biz o kap\u0131n\u0131n arkas\u0131nda olmayaca\u011f\u0131z o zaman! 8)<\/b><\/p>\n<p><center><img decoding=\"async\" src=\"images\/tostMakinesi.jpg\" alt=\"Tost Makinesi\"><\/center><br \/>\nTost Makinesi 40 YTL <b>16\/08 itibar\u0131 ile ek: yok mu bekarlar?<\/b><\/p>\n<p><center><img decoding=\"async\" src=\"images\/yastikTepsi.jpg\" alt=\"Yast\u0131k Tepsi\"><\/center> <br \/>\n<strike>Yast\u0131kl\u0131 Tepsi &#8211; \u0130ki adet, ikisi 25 YTL, tek tek de sat\u0131l\u0131r.<\/strike> H&#038;L B rahatlar\u0131na d\u00fc\u015fk\u00fcnler, o ispatland\u0131. 8)<\/p>\n<p><center><img decoding=\"async\" src=\"images\/yemekMasasi1.jpg\" alt=\"Yemek Tak\u0131m\u0131\"><br \/><img decoding=\"async\" src=\"images\/yemekMasasi2.jpg\" alt=\"Yemek Tak\u0131m\u0131\"><\/center><br \/>\nYemek Tak\u0131m\u0131 (Masa + \u0130skemleler) 500 YTL<\/p>\n<p><center><img decoding=\"async\" src=\"images\/ayna.JPG\" alt=\"Ayna\"><\/center><br \/>\n<strike>50 x 120 \u00c7er\u00e7eveli Boy Aynas\u0131 35 YTL<\/strike> N&#038;C T bakt\u0131k\u00e7a bizi hat\u0131rlas\u0131nlar diyece\u011fim, ne kadar usta bir wordslinger oldu\u011fum ortaya \u00e7\u0131kacak breh breh!<\/p>\n<p><center><img decoding=\"async\" src=\"images\/bulasikMakinasi.JPG\" alt=\"Bula\u015f\u0131k Makinesi\"><\/center><br \/>\nBosch Bula\u015f\u0131k Makinesi 500 YTL &#8211; \u00c7ok sessiz \u00e7al\u0131\u015f\u0131yor, gece \u00e7al\u0131\u015ft\u0131rmak i\u00e7in ideal, bir de \u00e7ok az elektrik ve su harc\u0131yor. Beyaz e\u015fyalar aras\u0131nda Beng\u00fc&#8217;n\u00fcn g\u00f6zbebe\u011fi.. 8)<\/p>\n<p><center><img decoding=\"async\" src=\"images\/elektrikSupurgesi.JPG\" alt=\"elektrik s\u00fcp\u00fcrgesi\"><\/center><br \/>\nAr\u00e7elik Elektrikli S\u00fcp\u00fcrge, emi\u015f g\u00fcc\u00fc \u00e7ok y\u00fcksek, alal\u0131 2 y\u0131l oldu &#8212; 60 YTL<\/p>\n<p><center><img decoding=\"async\" src=\"images\/elektrikSupurgesi2.JPG\" alt=\"elektrik s\u00fcp\u00fcrgesi 2\"><\/center><br \/>\nDi\u011fer -eski- elektrik s\u00fcp\u00fcrgemiz, bu da Ar\u00e7elik, biraz hantal oldu\u011fu i\u00e7in \u00fcsttekini alm\u0131\u015ft\u0131k. 35 YTL<\/p>\n","protected":false},"excerpt":{"rendered":"<p>Not: Bu giri\u015fe sonradan birka\u00e7 yorum geldi, o y\u00fczden \u00f6zellikle belirtmek gere\u011fini duydum : Bu sayfadaki sat\u0131\u015f \u00e7abalar\u0131 art\u0131k ge\u00e7erli de\u011fildir, sayg\u0131lar\u0131mla bilgilerinize arz ederim.. Puflar (ikisi: 150 YTL) &#8212; H&#038;L B gule gule otursunlar efendim.. 8) Kitapl\u0131klar (ikisi: 100 YTL) (Kitaplar hari\u00e7! 8) Fiyat\u0131 d\u00fczelttim, bir tanesi SD&#8217;a gitti, digeri hala kendisine bir yuva &hellip; <a href=\"https:\/\/www.emresururi.com\/blogs\/sururi\/mezat\/\" class=\"more-link\">Okumaya devam et<span class=\"screen-reader-text\"> &#8220;Mezat..&#8221;<\/span><\/a><\/p>\n","protected":false},"author":1,"featured_media":0,"parent":0,"menu_order":0,"comment_status":"open","ping_status":"open","template":"","meta":[],"_links":{"self":[{"href":"https:\/\/www.emresururi.com\/blogs\/sururi\/wp-json\/wp\/v2\/pages\/2094"}],"collection":[{"href":"https:\/\/www.emresururi.com\/blogs\/sururi\/wp-json\/wp\/v2\/pages"}],"about":[{"href":"https:\/\/www.emresururi.com\/blogs\/sururi\/wp-json\/wp\/v2\/types\/page"}],"author":[{"embeddable":true,"href":"https:\/\/www.emresururi.com\/blogs\/sururi\/wp-json\/wp\/v2\/users\/1"}],"replies":[{"embeddable":true,"href":"https:\/\/www.emresururi.com\/blogs\/sururi\/wp-json\/wp\/v2\/comments?post=2094"}],"version-history":[{"count":0,"href":"https:\/\/www.emresururi.com\/blogs\/sururi\/wp-json\/wp\/v2\/pages\/2094\/revisions"}],"wp:attachment":[{"href":"https:\/\/www.emresururi.com\/blogs\/sururi\/wp-json\/wp\/v2\/media?parent=2094"}],"curies":[{"name":"wp","href":"https:\/\/api.w.org\/{rel}","templated":true}]}}