{"id":2223,"date":"2007-10-17T12:40:04","date_gmt":"2007-10-17T12:40:04","guid":{"rendered":""},"modified":"-0001-11-30T00:00:00","modified_gmt":"-0001-11-29T21:00:00","slug":"solarisle-ilgili-hitnet-mesajlari","status":"publish","type":"page","link":"https:\/\/www.emresururi.com\/blogs\/sururi\/solarisle-ilgili-hitnet-mesajlari\/","title":{"rendered":"Solaris&#8217;le ilgili HitNet mesajlar\u0131"},"content":{"rendered":"<p>=-=-=-=-=-=-=-=-=-=-=-=-=-=-=-=-=-=-=-=-=-=-=-=-=-=-=-=-=-=-=-=-=-=-=-=-=-=-=-=<br \/>\nFrom:    Emre Sururi Tasci <br \/>\nTo:      Dogan Gegeoglu <br \/>\nDate:    Tuesday, June 6, 2000, 8:46:43 PM<br \/>\nSubject: [DUZYAZI] solaris..<br \/>\nFiles:   <br \/>\n&#8211;====&#8212;-====&#8212;-====&#8212;-====&#8212;-====&#8212;-====&#8212;-====&#8212;-====&#8212;-====&#8212;-===&#8211;<br \/>\nQuoting Dogan Gegeoglu:<\/p>\n<p>\nmerhaba  dogan!  pakedini  hala  gondermedim,  ozur &#8211; son hazirliklari<br \/>\nyapmaktayim  lakin,  haberin  ola&#8230;  (werther&#8217;i  okumustun, degil mi?<br \/>\ndegilse acilen soyle!)<\/p>\n<p>>> 24 haz &#8211; 14.00<br \/>\n>> Solaris  (y\u00f6n    :  tarkovsky.  oyn:  Natalya  bi\u015fey ile anotoly bi\u015fey<br \/>\n>> (satran\u00e7\u00e7\u0131 olan de\u011fil))<br \/>\nDG> Tesaduf bu ya, dun aksam Rai&#8217; de izledim. Tamam italyancam iyi degil (bilen<br \/>\nDG> bilir, bir ara unutup en bastan ogrenmek zorunda kalmistim) ama her zaman<br \/>\nDG> oldugu gibi kitabin tadini bulamadim dogrusu..<br \/>\nyahu,   iki  hafta  onceydi galiba, eki&#8217;lerdeydik ve sanirsam, ve eki,<br \/>\npamir  olmasi  lazim,  bir  arkadasimiza &#8220;yinegene&#8221; solaris&#8217;in filmini<br \/>\nkotulemekteydi -ve dahi arkasimiz da pamir degil de cetin&#8217;di sanki- ve<br \/>\nben, ve ben gene mudahale ettim:<\/p>\n<p>solaris&#8217;i,  vaktiyle emresevinc&#8217;in tavsiyesiyle okumus idim. emre (the<br \/>\nother),  kitapta,  gezegenin iletisim kurma tesebbuslerine bitmis idi,<br \/>\ndusunen  koskoca  bir sey! ve humanoid degil! dusunce tarzi bizimkiyle<br \/>\nalakasiz!  muhtesem bir sey! bu bir gezegen (bu bir ucgen!)&#8230; benzeri<br \/>\nbir heyecandi -hakli olarak- yasadigi&#8230;<\/p>\n<p>oysa  ben,  oysa  ben  gidip  guzelim  kitapta  neye takilmistim bilir<br \/>\nmisiniz    (efendiler)?    evet,    ben   gidip   &#8220;giden   sevgilinin<br \/>\ndonusune&#8221; takmistim kafayi, o miniminnacik ayrintiya vurulmus, bitmis,<br \/>\nolmustum,  aksama  bir sanci. ve filmine gittigimizde de (aman tanrim,<br \/>\nsimdi son yemek gibi bir sey sayilir artik o pidecideki mini-zirvemiz,<br \/>\nain&#8217;t  it?) bir de bakmistim ki, koskoca tarkovsky, potemkin tarkovsky<br \/>\nde  ayni  noktaya  takilmamis  mi!  ahh..  ahh&#8230; &#8220;gidip de geri donen<br \/>\nsevgili&#8221;nin  o guzelim sari-kizil saclari (bu arada, kisisel bir gorus<br \/>\nolarak,   &#8220;giden   sevgililer&#8221;   asla   ve   de  asla  ve  asla  geri<br \/>\ndonmemelidirler,   &#8220;giden  sevgili&#8221;  olduklari  gercegini  o  guzelim<br \/>\ngozlerinden,  guzelim  endamlarindan  ve  guzelim her seylerinden asla<br \/>\ncikarmamalidirlar.<\/p>\n<p>beni  sorarsan, hamdolsun yuce Rabbime, cok iyiyim&#8230;sinavlar kotu basladi,<br \/>\nkotu  baslayanlar iyiye donustu ve su siralar (the 2nd day) iyi olarak<br \/>\nda  seyirlerine devam ediyorlar cok sukur. whiskey in the jar bitti az<br \/>\nonce   (konser   versiyonu,   bahadir&#8217;dan  almistim)  simdi  de  last<br \/>\ncaress\/green hell calmalarda&#8230; hoj bir sey yani..<\/p>\n<p>ben baska ne diyecektim ki? unuttum.<\/p>\n<p>>> &#8230; I don&#8217;t knoW whY, I don&#8217;T knoW HoW, buT She&#8217;s NoboDy&#8217;S babY NOw. nIcKc<br \/>\nDG> &#8230; Nobody&#8217;s fault but mine    &#8211; zeppelin?<br \/>\nhi-him. ama simdi bunun altina ne yazmali, hangi sarkiya dalmali?<br \/>\n&#8230; she&#8217;s leaving home after living alone for so many years bye, bye<\/p>\n<p>\nyiheaa!  blitzkrieg  konser  yorumu  basladi simdi de&#8230; metal! metal!<br \/>\nmetal!..<\/p>\n<p>ve gelelim gunun oyununa: half-life:<br \/>\n&#8220;to  begin with, we must decide what physical quantities we would like<br \/>\nto  calculate. In the case of decays, the item of greatest interest is<br \/>\nthe lifetime of the particle in question. What precisely do we mean by<br \/>\nthe  lifetime of, say, the muon? We have in mind, of course, a muon at<br \/>\nrest;  a  moving  muon  lasts longer (from our perspective) because of<br \/>\ntime  dilation.  But  even  stationary  muons  don&#8217;t all last the same<br \/>\namount  of  time,  for there is an intrinscially random element in the<br \/>\ndecay  process.  We  cannot  hope  to  calculate  the  lifetime of any<br \/>\nparticular  muon; rather, what we are after is the average (or &#8220;mean&#8221;)<br \/>\nlifetime,  tao,  of  the  muons  in  any large sample. Now, elementary<br \/>\nparticles  have  no  memories,  so  the  probability  of  a given muon<br \/>\ndecaying  in  the next microsecond is independent of how long ago that<br \/>\nmuon  is  created.  (It&#8217;s  quite  different  in biological systems: An<br \/>\n80-year-old  man is much more likely to die in the next year than is a<br \/>\n20-year-old, and his body shows the signs of eight decades of wear and<br \/>\ntear.)<br \/>\n&#8220;Introduction to elementary particles&#8221;, david griffiths<\/p>\n<p>simdi   oyun   basliyor,  isimler,  yazilar  vesaire  filan  geciyor,<br \/>\ngorduklerimiz  bizim bakis acimizdan, adam ilerliyor iste, bir kurumun<br \/>\n(black   mesa)   arastirma   merkezine  gitmek  icin  kurumun  dahili<br \/>\nteleferikimsi  tasitina  biniyor,  bir  yandan  da  bir  tur  rehberi,<br \/>\ninline-phoning&#8217;den  gecilen  yerleri  tanitiyor, neyse, yaklasik yarim<br \/>\nsaatten sonra, bizim calisma yerimize geliniyor&#8230; adamimiz 27 yasinda<br \/>\nve  teorik  fizikci,  sakali,  biyigi  ve gozlukleri var, laboratuvara<br \/>\ndogru    ilerlerken   karsilastigi  ak  cubbeli  bilim  adamlari  onu<br \/>\nhasliyorlar,  iste  &#8220;nerede kaldin, yarim saat once burada olmaliydin,<br \/>\ndeneyin  baslamak  uzere&#8221;  (bu noktada, oyuncu olan zat ciglik cigliga<br \/>\nbagirmaktadir:  &#8220;ne  deneyi! ne deneyi! yahu ben teorik fizikciyim, ne<br \/>\ndeneyi!  bohu  bohu  ulan burada da deney, burada da deney&#8230; nedir bu<br \/>\nbenim cektigim \/ bahtsiz kaderim?)<\/p>\n<p>neyse,  sonucta  deneyde  bir  aksaklik  oluyor  ve  merkezdeki  bilim<br \/>\nadamlari  yaratiklara  donusuyor  ve  baska bir boyuttan da yaratiklar<br \/>\ngeliyor&#8230; is bu kadarla da bitmiyor: sirket, rezillik disari sizmasin<br \/>\ndeyu asker masker gonderiyor dellilleri ve fizikciyi ortadan kaldirmak<br \/>\nicin&#8230; iste boylece oyun da tam anlamiyla baslamis oluyor&#8230; atmosfer<br \/>\no  kadar  iyi  ki,  iki  kere  altimi  islattim.  acaip  tirsa  tirsa<br \/>\noynuyorum&#8230; ama oynuyorum da oynuyorum&#8230;<\/p>\n<p>bunlari da gecelim efendim, gelelim dun aksama:<br \/>\nondan once, gelelim evvelki aksama: 27 mayis&#8217;ta soniki&#8217;yi yazmaya devam<br \/>\netmeye   basladim,   ilk  yazdigim  bolumun  icerisinde  de  karakter<br \/>\nhamlet&#8217;ten  ve  jutland  prensi  amleth&#8217;ten  bahseder&#8230;  neyse,  iste<br \/>\nevvelki aksam bengu&#8217;yle konusurken, ona bu bolumu okudum&#8230; ertesi gun<br \/>\nise  (yani  dun aksam) ben bora hakan koray&#8217;larda toplandik (bu koray,<br \/>\nlokerkorayloker   degil,  baska  bir  arkadas)..  ders  calismiyorken<br \/>\ntelevizyonda  baktik  kanalE  jutland  prensi&#8217;ni  koymus,  basrolde de<br \/>\ngabriel byrne amcamiz (rapelle toi-usual suspects ve dahi -asil olarak<br \/>\nda-  &#8220;a  polish  wedding&#8221;  off  ya,  cok  guzel  bir  filmdi,  oradaki<br \/>\ninsanlardi)&#8230;  cok hos bir surpriz oldu bu benim icin tabii, daha bir<br \/>\ngun   once   bahsini  acmis  oldugum  bir  eserle  ertesi  gun  tv&#8217;de<br \/>\nkarsilasmak&#8230; partial bora&#8217;yla jutland prensini seyrettik ve, cok iyi<br \/>\nolmasina ragmen, bazi sahnelerde gulmekten koptuk: yahu eserin dekmani<br \/>\namleth  butun  savaslarini hile ile kazaniyor, adilik yapiyor, sonunda<br \/>\nbas  kotuyu de cotank diye oldurunce ben &#8220;dua edelim, hic degilse bunu<br \/>\nsirtindan   bicaklamadi&#8221;  dediydim  de  epeyi  gulduk (nb, savas olayi<br \/>\nmuhtesem islenmisti)&#8230; neis, neis, amleth<br \/>\nbitti,  bir  baktik ikinci kanal&#8217;da ne baslamis? &#8220;macbeth&#8221;&#8230; oturdum,<br \/>\nonu  da  seyrettim,  bora  yari  yolda uyudu (hain bora). macbeth&#8217;i de<br \/>\nyedim  yedim  bitirdim, ikinci kanalda onun ardindan renoir ile ilgili<br \/>\nbir  prog.  verdiler  (c++),  izledim, kulturum artti (bugun bengu&#8217;yle<br \/>\nkonusurken,  olaylari  anlatiyordum,  renoir&#8217;in  adini hatirlayamadim,<br \/>\n&#8220;ama  sana  adi  haric  butun yasamini anlatayim&#8221; dedim, yok boyle bir<br \/>\nsey&#8230;  gittim,  sair regnier ile karistirdim adami da, sagolsun bengu<br \/>\ntahmin  etti,  ama  bu  benim cehaletimi gostermez efendim! emir&#8217;lerde<br \/>\npizza   yerkene  bora&#8217;yla  yasadigimiz  cezanne  &#8211;  gaughin  meselini<br \/>\nhatirlayiniz  (bora&#8217;ya  not:  BEN  ASLA  UNUTMAYACAGIM HAR HAR HAR! 8)<br \/>\nneyse,  renoir  da  bitti  ki  bir  baktim  atv&#8217;de  bir  fransiz filmi<br \/>\nbaslamakta  (bu  arada  sana,  idris&#8217;le  saptadigimiz fransiz filmleri<br \/>\naksiyomunu aciklayayim:<br \/>\ntum  fransiz filmlerinin konusu: iki erkek ve bir kadin vardir, kadin,<br \/>\nbirinci adami ikinci adamla aldatir ve herkes aci ceker. istisnalar da<br \/>\nkaideyi bozamaz efendim, zinhar!)<\/p>\n<p>iste  dunku  filmde  muhtesem  bir  istisnaydi: bir kadin var, hamile,<br \/>\nkocasi  terk  etmis,  ayrica  da  9  yasinda  bir  oglu  var&#8230;  dogum<br \/>\nyaklastigi  icin  oglani,  tasra&#8217;daki  arkadasinin yanina goturuyor ve<br \/>\nfilmin  sonuna  kadar  da bir daha gorunmuyor&#8230; kadinin arkadasi olan<br \/>\nkadin  da,  onun kocasi da muhtesem insanlar, muhtesem muhtesem&#8230; ama<br \/>\naralari  cok bozuk, adam surekli iciyor, kadin onu onemsemiyor (filmin<br \/>\nortalarinda, kadinin, adamin evde dogum yaptirmasina israr ettigi icin<br \/>\nvaktiyle  olu  bir  dogum  yaptigini  ogreniyoruz)  ikisi de bu cocuga<br \/>\nbaglaniyor  ama  muhtesemlik  de  burada: filmde yer alan cocuklar (ki<br \/>\nbunlar  da  zaten  bir  bizim oglan, bir de komsu kucuk kizdan ibaret)<br \/>\nbuyuklerin   gozunden   anlatilmiyor\/  buyukleri  kendi  gozlerinden,<br \/>\ncocuklari kendi gozunden goruyoruz&#8230; off ya, cok guzeldi film dogan..<br \/>\ninsallah  alanda  vaktiyle izlemis olanlar vardir da, bu mesaji okuyup<br \/>\nfilmi  tekrar hatirlayip iclerini isitirlar&#8230; neyse, iste boyle boyle<br \/>\nstop.<\/p>\n<p>\ncok sevgiler f.k.k.<\/p>\n<p>\n&#8230; EN GuZelI \/ HIcbIr sEYIN OlmayIsIYdI&#8230; gALIba.                emre<\/p>\n<p>\nhaydi  neyse,  madem  dustu  cenem bir kere, devam edeyim: film saat 4<br \/>\ngibi bitti ve o sirada kanalE, amleth&#8217;i bir daha vermeye basladi (yok,<br \/>\nbu   sefer  seyretmedim).  oturdum,  bugunku  sinava  calistim,  ezan<br \/>\nfasillarindan   sonra  da  dualarla  yattim,  uyudum.  ruyamda  buyuk<br \/>\nulkuculerden birinin cenazesindeydim ama sanirim ulkucu degildim. olen<br \/>\nkisinin  adi  hilmi  ziya  gurses  imis  ve tabutu tasiyanlara bakinca<br \/>\nyildirim  gurses&#8217;i  (ne  alaka?)  gorup,  onun agabeyi olduguna kanaat<br \/>\ngetiriyorum.  torene  katilinca,  gozlerim  nasil doluyor, nasil kahir<br \/>\nbasiyor, agliyorum&#8230; once tutmaya calisiyorum, ama sonra koyveriyorum<br \/>\nkendimi, iki gozum iki cesme, icimi ceke ceke&#8230; sonra, yuzumu yikamak<br \/>\nuzere,  orada  bulunan  bir camiinin altindaki pasaja giriyorum, orada<br \/>\nnur  yuzlu  bir adam var (sakali yoktu ama biyiklari gur ve bembeyazdi<br \/>\nve  cok  babacandi),  o  bize (benim yanimda pamir de vardi) lavabonun<br \/>\nyerini  gosteriyor,  yikiyoruz  yuzumuzu (pamir buralari okumayacagina<br \/>\ngore,  kendimce  yorumlayip,  kehanet  kivamina sokayim ruyamin su son<br \/>\nkismini:<br \/>\n1. ihtimal: pamir musluman ve ulkucu olacak (himm, gecelim 8)<br \/>\n2.  ihtimal:  pamir  ferahlayacak.  (insallah oyle olur zira iki hafta<br \/>\nsonra  oss&#8217;ye  girecek,  insallah  (hayirlisiyla)  gonlunce  bir  yer<br \/>\nkazanir, bassarili, mutlu ve huzurlu olur)<\/p>\n<p>iste  boyle..  ruyada  bir  de  bir  oyun  olayi  var,  ben  de oyunun<br \/>\n(bilgisayar  oyunu)  icindeyim,  halflife&#8217;tan  onceki  favorim  oyunum<br \/>\ndungeon   keeper&#8217;in  jutland  versiyonu gibi bir sey, ruyada ben de bu<br \/>\nozentiligin  farkina  variyorum  ama  pek  takmiyorum,  &#8220;guzel  olmus&#8221;<br \/>\ndiyorum hatta.<\/p>\n<p>stop.<\/p>\n<p>hamis  #3:  metallica,  lynyrd  skynyrd&#8217;in  meshur &#8220;tuesday&#8217;s gone&#8221;ina<br \/>\ncover cekmis, olmamis haliylen&#8230;<\/p>\n<p>kaptanin seyir defteri: tag&#8217;a eklenecek:<\/p>\n<p>&#8230; tuesday&#8217;s gone with the wind \/ my baby&#8217;s gone with the wind<br \/>\n&#8230; train roll on.<\/p>\n<p>\n&#8212;&#8212;&#8212;&#8212;&#8212;&#8212;&#8212;&#8212;&#8212;&#8212;&#8212;&#8212;&#8212;&#8212;&#8212;&#8212;&#8212;&#8212;&#8212;&#8212;&#8212;&#8212;&#8212;&#8212;&#8212;&#8212;-<br \/>\nOrigin : HiTNeT E-Posta Listeleri &#8211; http:\/\/www.hitnet.bbs.tr<\/p>\n<p>=-=-=-=-=-=-=-=-=-=-=-=-=-=-=-=-=-=-=-=-=-=-=-=-=-=-=-=-=-=-=-=-=-=-=-=-=-=-=-=<\/p>\n<p>=-=-=-=-=-=-=-=-=-=-=-=-=-=-=-=-=-=-=-=-=-=-=-=-=-=-=-=-=-=-=-=-=-=-=-=-=-=-=-=<br \/>\nFrom:    Ekin Meroglu <br \/>\nTo:      pek sayin d\u00fczyazi okurlari.. <br \/>\nDate:    Sunday, December 31, 2000, 5:20:43 PM<br \/>\nSubject: [DUZYAZI] bunca zaman, bunca mekan&#8230;<br \/>\nFiles:   <br \/>\n&#8211;====&#8212;-====&#8212;-====&#8212;-====&#8212;-====&#8212;-====&#8212;-====&#8212;-====&#8212;-====&#8212;-===&#8211;<br \/>\nSelam pek sayin d\u00fczyazi okurlari..,<\/p>\n<p>  \u00d6ncelikle ortalikta dolasip duran su ASCII madalyalardan bir adet<br \/>\n  istemekteyim, zira az \u00f6nce 200 kusur d\u00fczyazi mesaji okudum :)( daha<br \/>\n  da bi 267 adet var, azimliyim bi kac saate biter&#8230;)<\/p>\n<p>  \u00f6nce yuh olsun bana bu kadar zaman okumamisim dedirtenler &#8230;<\/p>\n<p>       Neslihan&#8217;\u0131n yesim&#8217;i &#8230; nasi yani &#8230;<\/p>\n<p>       Gurkan Yilmaz , kusadasi 31\/08 .. adi gecen parcalar esliginde<br \/>\n       daa bi leziz oluyo .. (saolas\u0131n mp3 :)) )<\/p>\n<p>       Emre s. !nusuko neves inihalla, yaw 27. okuyusta da yuh demezki<br \/>\n       insan ?<\/p>\n<p>       Hande Tekin , &#8220;Zaten dort ay once mahvolmus birsey nasil<br \/>\n       mahvedilebilir ki?&#8221;  &#8230; Sivri dil ses cikarmaz, gurur da<br \/>\n       saklaniverir.. diyecek birsey yok galiba ..<\/p>\n<p>araya bi \u00f6zsavunma ;<\/p>\n<p>DG>> Tesaduf bu ya, dun aksam Rai&#8217; de izledim. Tamam italyancam iyi degil (bilen<br \/>\nDG>> bilir, bir ara unutup en bastan ogrenmek zorunda kalmistim) ama her zaman<br \/>\nDG>> oldugu gibi kitabin tadini bulamadim dogrusu..<\/p>\n<p>EST> yahu,   iki  hafta  onceydi galiba, eki&#8217;lerdeydik ve sanirsam, ve eki,<br \/>\nEST> pamir  olmasi  lazim,  bir  arkadasimiza &#8220;yinegene&#8221; solaris&#8217;in filmini<br \/>\nEST> kotulemekteydi -ve dahi arkasimiz da pamir degil de cetin&#8217;di sanki- ve<br \/>\nEST> ben, ve ben gene mudahale ettim:<\/p>\n<p>Istediginiz kadar mudahale ediniz sururi beyfendi, ama beni yolumdan<br \/>\nd\u00f6nd\u00fcremeyeceksiniz.. Itiraz ettigim filmin g\u00fczelligi, takildigi<br \/>\nnoktanin &#8216;rare&#8217; olmasi falan deil, kitaptaki -bence- muthis<br \/>\ncanland\u0131rmalara ucundan bile dokumamis olmasi&#8230; oysa ben solarisi<br \/>\n-gezegen- g\u00f6recem diye gitmistim o filme .. uhuu&#8230; ama kimin<br \/>\nsooledigini unuttum simdi, d\u00fcs\u00fcnen gezegen temasinin unutulmasi<br \/>\nbenimkinden de buyuk bi suc bence de, simdiden soona bunu da<br \/>\nsavuncam.. Yanniz giden sevililerin asla ve asla geri d\u00f6nmemeleri<br \/>\ngerktigi konusunda sana katilmak zorundayim galiba, uzgunum..<\/p>\n<p>Bu arada ben uuramiyali fena halde moda olmus o anda dinlenen<br \/>\nmusikinin tanitilmasi, biz de eksik kalmayal\u0131m , all along<br \/>\nthe watchtower, dylan, budokan konseri .. tavsiye fena halde&#8230;<\/p>\n<p>emre, koray karayi hatirlattin ya, saol..<\/p>\n<p>>&#8221;The Hitchhiker&#8217;s Guide to the Galaxy&#8221; sells rather better than the<br \/>\n>&#8221;Encyclopedia Galactica&#8221;.<br \/>\n                           emre reklam aliyo da benim neyim eskik ?<\/p>\n<p>EST> yataca\u011f\u0131m ben birazdan. ara s\u0131ra \u015fu dilekte bulunuyorum:<br \/>\nEST> &#8220;duzyazi alaninda kendi kendime yaz\u0131lar g\u00f6nderip bu yaz\u0131lar\u0131 gene<br \/>\nEST> kendim okuyorum. tepki beklemiyorum, hatta tepki istemiyorum. ama, bu<br \/>\nEST> durumumun ac\u0131kl\u0131 bulunmas\u0131 en son isteyece\u011fim \u015fey. kendi \u00e7emberimi<br \/>\nEST> tamamlam\u0131\u015f durumda oldu\u011fumu d\u00fc\u015f\u00fcn\u00fcyorum &#8211; bunu bu kadar a\u00e7\u0131k\u00e7a<br \/>\nEST> yazmaya utand\u0131\u011f\u0131m\u0131 da eklemeliyim ama durum bu. demek istedi\u011fim, art\u0131k<br \/>\nEST> &#8220;ben bunu, bunlar\u0131 yaz\u0131yorum da, insanlar acaba g\u00fcnah \u00e7\u0131kard\u0131\u011f\u0131m\u0131,<br \/>\nEST> eskiye \u00f6zlem duydu\u011fumu mu sanacak&#8221; diye d\u00fc\u015f\u00fcnm\u00fcyorum ama beni bunu<br \/>\nEST> d\u00fc\u015f\u00fcn\u00fcrken d\u00fc\u015f\u00fcnmeniz ger\u00e7ekten normal bir insan i\u00e7in \u00e7\u0131ld\u0131rt\u0131c\u0131<br \/>\nEST> olmal\u0131.<\/p>\n<p>   eskiye \u00f6zlem duydugunu diil de, eskiyle yeni arsindaki farklari<br \/>\n   torpuledigini dusunuyorum . saniyorum .  (kravatin g\u00fczelmis.)<\/p>\n<p>EST> &#8220;ke\u015fke insanlar, beni tan\u0131mayan yahut da umursamayan insanlar,<br \/>\nEST> birbirleriyle bu alanda yaz\u0131\u015fsalar da art\u0131k hi\u00e7 kar\u0131\u015fmadan onlar\u0131<br \/>\nEST> okusam, okusam sadece, tan\u0131kl\u0131k etsem.&#8221;<\/p>\n<p>diyosun da ,ben de tam tersini yapiyorum ..  sonra da bakiyorum tarih<br \/>\n16 ekim 2000, belki de vazgecmissindir bu dusuncenden simdiye, ya da<br \/>\nbenim icin vazgec, noolcak ki..<\/p>\n<p>\nBugun aylardan soona ilk defa istedigim bisey yaptim, oturup mesaj<br \/>\nokudum, hem de duzyazi mesaji.. aranizdan bunun normal bir zrive<br \/>\nsonrasi tepkisi oldugunu soyleyenler cikabilir , ciksin , belki de<br \/>\nooledir , ama ben mutluyum . o oole..<\/p>\n<p>aslinda read only olmamin sebebini dusundum bi kac gundur, bi sonuca<br \/>\nvaramadim, yazmanin zor gelisiydi belki.. hala zor geliyo ama arkaya<br \/>\nbi new mail (pardon ,letter !)  acip oole okuyom artik, ama sonucta<br \/>\nboole karisik mesajlar cikiyo, olsun varsin diyom..<\/p>\n<p>Neyse, soonaki 260 kusur mesaji yarina birakiyom galiba , yoksa bu<br \/>\nmesaj da icinden cikilmaz bi hal alcak, size iyi yillar, cok icmeyin<br \/>\nbu aksam (sen icebilin emre. hi ho )  hoccakalin&#8230;<\/p>\n<p>&#8230; &#8220;Butun dunya read-only&#8217;leri, birlesin!&#8221;<\/p>\n<p>son dakika&#8230; az kalsin unutuyodum, Neslihan artikin biliyo musun &#8216;O $imdi<br \/>\n              Istanbul&#8217;da&#8217; n\u0131n anlamini ?<br \/>\n          &#8230; yuh dedirtenler listesi, tamamlanmamis olup, listede<br \/>\n              olmasi gerektigini dusunup de olmayanlar bunu benim<br \/>\n              mesaj hatirlama konusundaki antremans\u0131zl\u0131g\u0131ma<br \/>\n              baal\u0131yabilirler&#8230; :)) pardon.<\/p>\n<p>&#8212; <br \/>\ngorusuruz.<br \/>\n      eki.<\/p>\n<p>&#8212;  <\/p>\n<p>\n&#8212;&#8212;&#8212;&#8212;&#8212;&#8212;&#8212;&#8212;&#8212;&#8212;&#8212;&#8212;&#8212;&#8212;&#8212;&#8212;&#8212;&#8212;&#8212;&#8212;&#8212;&#8212;&#8212;&#8212;&#8212;&#8212;-<br \/>\nOrigin : HiTNeT E-Posta Listeleri &#8211; http:\/\/www.hitnet.bbs.tr<\/p>\n<p>=-=-=-=-=-=-=-=-=-=-=-=-=-=-=-=-=-=-=-=-=-=-=-=-=-=-=-=-=-=-=-=-=-=-=-=-=-=-=-=<\/p>\n","protected":false},"excerpt":{"rendered":"<p>=-=-=-=-=-=-=-=-=-=-=-=-=-=-=-=-=-=-=-=-=-=-=-=-=-=-=-=-=-=-=-=-=-=-=-=-=-=-=-= From: Emre Sururi Tasci To: Dogan Gegeoglu Date: Tuesday, June 6, 2000, 8:46:43 PM Subject: [DUZYAZI] solaris.. Files: &#8211;====&#8212;-====&#8212;-====&#8212;-====&#8212;-====&#8212;-====&#8212;-====&#8212;-====&#8212;-====&#8212;-===&#8211; Quoting Dogan Gegeoglu: merhaba dogan! pakedini hala gondermedim, ozur &#8211; son hazirliklari yapmaktayim lakin, haberin ola&#8230; (werther&#8217;i okumustun, degil mi? degilse acilen soyle!) >> 24 haz &#8211; 14.00 >> Solaris (y\u00f6n : tarkovsky. oyn: Natalya &hellip; <a href=\"https:\/\/www.emresururi.com\/blogs\/sururi\/solarisle-ilgili-hitnet-mesajlari\/\" class=\"more-link\">Okumaya devam et<span class=\"screen-reader-text\"> &#8220;Solaris&#8217;le ilgili HitNet mesajlar\u0131&#8221;<\/span><\/a><\/p>\n","protected":false},"author":1,"featured_media":0,"parent":0,"menu_order":0,"comment_status":"open","ping_status":"open","template":"","meta":[],"_links":{"self":[{"href":"https:\/\/www.emresururi.com\/blogs\/sururi\/wp-json\/wp\/v2\/pages\/2223"}],"collection":[{"href":"https:\/\/www.emresururi.com\/blogs\/sururi\/wp-json\/wp\/v2\/pages"}],"about":[{"href":"https:\/\/www.emresururi.com\/blogs\/sururi\/wp-json\/wp\/v2\/types\/page"}],"author":[{"embeddable":true,"href":"https:\/\/www.emresururi.com\/blogs\/sururi\/wp-json\/wp\/v2\/users\/1"}],"replies":[{"embeddable":true,"href":"https:\/\/www.emresururi.com\/blogs\/sururi\/wp-json\/wp\/v2\/comments?post=2223"}],"version-history":[{"count":0,"href":"https:\/\/www.emresururi.com\/blogs\/sururi\/wp-json\/wp\/v2\/pages\/2223\/revisions"}],"wp:attachment":[{"href":"https:\/\/www.emresururi.com\/blogs\/sururi\/wp-json\/wp\/v2\/media?parent=2223"}],"curies":[{"name":"wp","href":"https:\/\/api.w.org\/{rel}","templated":true}]}}