{"id":313,"date":"2005-10-28T23:58:11","date_gmt":"2005-10-28T23:58:11","guid":{"rendered":""},"modified":"-0001-11-30T00:00:00","modified_gmt":"-0001-11-29T21:00:00","slug":"sevdiklerim-edebiyat","status":"publish","type":"page","link":"https:\/\/www.emresururi.com\/blogs\/sururi\/sevdiklerim-edebiyat\/","title":{"rendered":"sevdiklerim: edebiyat"},"content":{"rendered":"<li><b>O\u011fuz Atay<\/b>, \u00f6zellikle de <i>Tehlikeli Oyunlar<\/i>.\n<li><b>Edip Cansever<\/b>, hele de <i>Ben Ruhi Bey Nas\u0131l\u0131m<\/i>.\n<li><b>Jean-Paul Sartre<\/b>, <i>\u00d6zg\u00fcrl\u00fck Yollar\u0131 \u00dc\u00e7lemesi<\/i>.\n<li><b>Haruki Murakami<\/b> <i>The Wind-Up Bird Chronicle<\/i>, <i>The Hard-Boiled Wonderland and The End of the World<\/i>.\n<li><b>\u00d6mer Madra<\/b>, <i>Roman\u0131mla Sana Bir Ses<\/i>.\n<li><b>J.D. Salinger<\/b>, \u00f6zellikle Glass&#8217;lar hakk\u0131nda olanlar ama favorim d\u0131\u015far\u0131dan: <i>The Inverted Forest<\/i>.\n<li><b>Stephen King<\/b>, <i>Sis, It<\/i> ve <i>Dark Tower<\/i> serisi.\n<li><b>Homeros<\/b>&#8216;tan <i>\u0130lyada<\/i> (<i>Odyssea<\/i>&#8216;y\u0131 pek tutmam\u0131\u015ft\u0131m).\n<li><b>Lale M\u00fcld\u00fcr, Haydar Erg\u00fclen, Turgut Uyar<\/b>.\n<li><b>\u015eeyh Galip<\/b>, <i>H\u00fcsn \u00fc A\u015fk<\/i>.\n<li><b>Nick Hornby<\/b>, <i>High Fidelity<\/i>, <b>Chuck Palahniuk<\/b>, <i>The Fight Club<\/i> (filmdeki son, kitaptakinden daha iyi kotar\u0131lm\u0131\u015f olsa da, kitab\u0131n\u0131n yeri ayr\u0131).\n<li><b>Neil Gaiman<\/b>&#8216;\u0131n <i>Sandman<\/i>&#8216;i, <b>Garth Ennis<\/b>&#8216;in <i>The Preacher<\/i>&#8216;\u0131 ve <i>Hellblazer<\/i>&#8216;\u0131n ilk 50 say\u0131s\u0131 filan, <b>Milazzo<\/b> ve <b>Berardi<\/b>&#8216;den <i>Ken Parker<\/i>.\n<li>T\u00fcm <b>Balzac<\/b>&#8216;lar (ve t\u00fcm derken, ciddiyim)\n<li><b>Iain M. Banks<\/b>, <i>Culture serisi<\/i>.\n<li><b>Matsuo Ba\u015fo<\/b>.\n<li><b>Oru\u00e7 Aruoba<\/b>&#8216;n\u0131n <i>Uzak<\/i>&#8216;\u0131 (Oru\u00e7 Aruoba&#8217;dan hi\u00e7 haz etmesem de).\n<li><b>Ahmet Ha\u015fim<\/b>.\n<li><b>Orhan Pamuk<\/b>, <i>Kara Kitap<\/i>.\n<li><b>Roland Barthes<\/b>.\n<li><b>Iris Murdoch<\/b>&#8216;\u0131n ba\u015fta <i>The Sea, The Sea <\/i>ve<i> Black Prince<\/i>&#8216;i olmak \u00fczere k\u00fclliyat\u0131n\u0131n b\u00fcy\u00fck bir b\u00f6l\u00fcm\u00fc.\n<li>Cemal S\u00fcreya, <i>&#8220;hangi roman\u0131n devam\u0131 yaz\u0131ls\u0131n isterdiniz?&#8221; <\/i>sorusunu &#8220;Karamazov Karde\u015fler&#8217;in&#8221; diye cevaplar. \u0130lk okudu\u011fumda, akl\u0131ma Karamazov Karde\u015fler&#8217;in oylumunu getirip tebess\u00fcm etmi\u015ftim ama roman\u0131 okuduktan sonra kesinlikle Cemalettin Seber efendi ile ayn\u0131 fikirdeydim. Yani, <b>Dostoyevski<\/b>, <i>Karamazov Karde\u015fler<\/i>.\n<li><b>Doris Lessing<\/b>&#8216;in Afrika&#8217;yla ilgili olmayan ve fantastik de olmayan hikayeleri (\u00f6rne\u011fin: <i>Bir Ya\u015fam \u00d6yk\u00fcs\u00fcnden Notlar<\/i>, <i>Pek Sevimli Olmayan Bir Hikaye<\/i> ve <i>Bir Sokak \u00c7e\u015fmesinin \u0130\u00e7inden<\/i>).\n<li><b>Raymond Carver<\/b>, <i>A\u015fktan S\u00f6z Etti\u011fimizde S\u00f6z\u00fcn\u00fc Ettiklerimiz<\/i>.\n<li>Ayn\u0131 ba\u011flamda: <b>Horace Mac Coy<\/b>, <i>Atlar\u0131 da Vururlar<\/i>.\n<li><b>Boris Vian<\/b>, <i>G\u00fcnlerin K\u00f6p\u00fc\u011f\u00fc<\/i>. Di\u011fer hi\u00e7bir Boris Vian&#8217;da bu kitapta buldu\u011fum g\u00fczelli\u011fi bulamad\u0131m.\n<li>Neredeyse unutuyordum! <b>Charles Bukowski<\/b>, <i>Kasaban\u0131n En G\u00fczel K\u0131z\u0131<\/i> ba\u015fta olmak \u00fczere, t\u00fcm k\u00fclliyat\u0131 (\u015fiirleri \u00f6zellikle dahil!).\n<li>Hayat\u0131m\u0131n kitaplar\u0131ndan: <b>Michel Butor<\/b>, <i>De\u011fi\u015fme<\/i>.. ah! ahh!\n<li>Fatih \u00d6zg\u00fcven&#8217;in nefis \u00e7evirisiyle: <b>Jonathan Ames<\/b>, <i>Gece Gibi Ge\u00e7iyorum<\/i>. Jonathan Ames&#8217;e en son Miranda July&#8217;\u0131n sitesindeki linklerden biri olan bir radyo kanal\u0131nda kar\u015f\u0131la\u015ft\u0131m, d\u00fcnya k\u00fc\u00e7\u00fck..\n<li><b>Ernesto Sabato<\/b> &#8211; <i>T\u00fcnel<\/i>. Bendeki bask\u0131s\u0131 Varl\u0131k&#8217;\u0131n cep bask\u0131lar\u0131ndand\u0131, Sait Maden&#8217;in olmas\u0131 laz\u0131m, sapsar\u0131 da bir kapa\u011f\u0131 vard\u0131.\n<li><b>Julian Barnes<\/b>, <i>10\u00bd B\u00f6l\u00fcmde D\u00fcnya Tarihi<\/i>.\n<p><center><a href=\"index.php?msg=364\">Biyografime D\u00f6n\u00fc\u015f<\/a><\/center><\/p>\n","protected":false},"excerpt":{"rendered":"<p>O\u011fuz Atay, \u00f6zellikle de Tehlikeli Oyunlar. Edip Cansever, hele de Ben Ruhi Bey Nas\u0131l\u0131m. Jean-Paul Sartre, \u00d6zg\u00fcrl\u00fck Yollar\u0131 \u00dc\u00e7lemesi. Haruki Murakami The Wind-Up Bird Chronicle, The Hard-Boiled Wonderland and The End of the World. \u00d6mer Madra, Roman\u0131mla Sana Bir Ses. J.D. Salinger, \u00f6zellikle Glass&#8217;lar hakk\u0131nda olanlar ama favorim d\u0131\u015far\u0131dan: The Inverted Forest. Stephen King, Sis, &hellip; <a href=\"https:\/\/www.emresururi.com\/blogs\/sururi\/sevdiklerim-edebiyat\/\" class=\"more-link\">Okumaya devam et<span class=\"screen-reader-text\"> &#8220;sevdiklerim: edebiyat&#8221;<\/span><\/a><\/p>\n","protected":false},"author":1,"featured_media":0,"parent":0,"menu_order":0,"comment_status":"open","ping_status":"open","template":"","meta":[],"_links":{"self":[{"href":"https:\/\/www.emresururi.com\/blogs\/sururi\/wp-json\/wp\/v2\/pages\/313"}],"collection":[{"href":"https:\/\/www.emresururi.com\/blogs\/sururi\/wp-json\/wp\/v2\/pages"}],"about":[{"href":"https:\/\/www.emresururi.com\/blogs\/sururi\/wp-json\/wp\/v2\/types\/page"}],"author":[{"embeddable":true,"href":"https:\/\/www.emresururi.com\/blogs\/sururi\/wp-json\/wp\/v2\/users\/1"}],"replies":[{"embeddable":true,"href":"https:\/\/www.emresururi.com\/blogs\/sururi\/wp-json\/wp\/v2\/comments?post=313"}],"version-history":[{"count":0,"href":"https:\/\/www.emresururi.com\/blogs\/sururi\/wp-json\/wp\/v2\/pages\/313\/revisions"}],"wp:attachment":[{"href":"https:\/\/www.emresururi.com\/blogs\/sururi\/wp-json\/wp\/v2\/media?parent=313"}],"curies":[{"name":"wp","href":"https:\/\/api.w.org\/{rel}","templated":true}]}}