{"id":343,"date":"2005-11-09T14:38:45","date_gmt":"2005-11-09T14:38:45","guid":{"rendered":""},"modified":"-0001-11-30T00:00:00","modified_gmt":"-0001-11-29T21:00:00","slug":"sevdiklerim-muzik","status":"publish","type":"page","link":"https:\/\/www.emresururi.com\/blogs\/sururi\/sevdiklerim-muzik\/","title":{"rendered":"sevdiklerim: m\u00fczik"},"content":{"rendered":"<li><b>joy division<\/b> ama new order kesinlikle de\u011fil.\n<li><b>the smiths<\/b>\n<li><b>the cardigans<\/b>\n<li><b>tom waits<\/b>\n<li><b>tori amos<\/b>\n<li><b>nick cave<\/b>\n<li><b>leonard cohen<\/b>\n<li><b>velvet underground<\/b> <i>(her zaman, her yerde&#8230;)<\/i>\n<li><b>the wire<\/b>\n<li><b>the cure<\/b> <i>(en k\u00f6t\u00fc zamanlar\u0131nda bile..)<\/i>\n<li><b>2\/5BeZe<\/b> <i>(Opua D\u0131$\u0131n! D\u00fczenin 7 Ceddine&#8217;yle s\u0131n\u0131rl\u0131 kald\u0131m yaln\u0131z)<\/i>\n<li><b>led zep<\/b> ama o kadar da yo\u011fun olmamak kayd\u0131yla. benzer \u015fekilde <b>the cream<\/b>.\n<li><b>metallica<\/b> diyece\u011fim komik olacak ama ne yapay\u0131m, hala b\u00fct\u00fcn \u015fark\u0131lar\u0131 (ya da en az\u0131ndan Load&#8217;a kadar olanlar\u0131) ezberimde 8)\n<li><b>dido<\/b> han\u0131mefendi var tabii.\n<li>kar wai wong&#8217;un film m\u00fczikleri diyeyim, genel olsun (<b>Xavier Cougat<\/b>&#8216;d\u0131 san\u0131r\u0131m).\n<li><b>elastica<\/b> <i>(hastas\u0131y\u0131z donna matthews&#8217;un da, justine frischman&#8217;in de&#8230; ama ikisinden birini se\u00e7mek zorunda kal\u0131rsam, yani illaki b\u00f6yle bir \u015fey yapmam gerekirse, donna derim ama akl\u0131m justine&#8217;de kal\u0131r..)<\/i>\n<li><b>echobelly<\/b>&#8216;nin <i>bellyache<\/i> alb\u00fcm\u00fc sadece\n<li><b>suicidal tendencies<\/b>\n<li><b>chumbawamba<\/b>\n<li>bir yere kadar <b>the queen<\/b>\n<li><b>sex pistols<\/b>\n<li><b>nine inch nails<\/b>\n<li>depre\u015ftik\u00e7e <b>the beatles<\/b>\n<li><b>therapy?<\/b> <i>(therapy? babad\u0131r. nedense hep g\u00f6khan&#8217;\u0131 (san) hat\u0131rlar\u0131m dinlerken. lisans\u0131n son y\u0131llar\u0131nda yo\u011fun ders y\u00fck\u00fcm nedeniyle sabahlar\u0131 6&#8217;da kalkar olmu\u015ftum &#8212; o saatte dinlenilen bir therapy? b\u00fct\u00fcn uyku partik\u00fcllerini yok etmeye birebir gelir, onu bilir, onu s\u00f6ylerim)<\/i>\n<li><b>anthrax<\/b> <i>(joey belladonna d\u00f6nemi \u00f6zellikle. bu arada, belladonna&#8217;n\u0131n gruba d\u00f6nd\u00fc\u011f\u00fcn\u00fc <a href=\"http:\/\/en.wikipedia.org\/wiki\/Anthrax_%28band%29#Reunion_.282005-present.29\">\u00f6\u011frendim<\/a>, yeni alb\u00fcm\u00fc heyecanla bekliyorum..)<\/i>\n<li><b>nirvana<\/b> <i>(nirvana&#8217;yla, \u00e7ok iyi hat\u0131rl\u0131yorum, lise 1&#8217;de (1991) tan\u0131\u015fm\u0131\u015ft\u0131m, Nevermind alb\u00fcm\u00fc ile. derinden etkilemi\u015fti, ger\u00e7ek bir devrim niteli\u011findeydi. o y\u0131llarda death de individual thought patterns&#8217;i \u00e7\u0131karm\u0131\u015ft\u0131, o da ba\u015fl\u0131 ba\u015f\u0131na bir yenilikti ama Nirvana bamba\u015fkayd\u0131. sonradan pearl jam&#8217;i filan da sever olmu\u015ftum ama bug\u00fcn pearl jam&#8217;i de\u011fil, d\u00f6n\u00fcp d\u00f6n\u00fcp nirvana&#8217;y\u0131 dinlerken buluyorum kendimi)<\/i>\n<li>Sonradan \u015f\u00f6yle bir bakt\u0131m da, <i>2\/5BeZe<\/i>&#8216;yi saymaz isek -ki onlar\u0131n da gocunacaklar\u0131n\u0131 pek sanmam!- hi\u00e7 <i>T\u00fcrko<\/i> isim vermemi\u015fim. Tabii ki, taa ortaokul y\u0131llar\u0131ndan g\u00f6z\u00fcm\u00fcn bebe\u011fi, ah nerede ki onlar \u015fimdi dedi\u011fim <b>Dr. Skull<\/b>, HiTNet&#8217;\u00e7e birlikte ke\u015ffedip heyecanland\u0131\u011f\u0131m\u0131z, h\u00e2l\u00e2 da bay\u0131la bay\u0131la dinledi\u011fimiz <b>Vega <\/b>ve <i>Sert<\/i>&#8216;ten sonra b\u00fcy\u00fck beklenti i\u00e7ine girdikten sonra <i>\u0130nsanlar<\/i>&#8216;da hayal k\u0131r\u0131kl\u0131\u011f\u0131na u\u011frad\u0131\u011f\u0131m\u0131z ama yine de da\u011f\u0131lmalar\u0131na hakikaten \u00fcz\u00fcld\u00fc\u011f\u00fcm\u00fcz <b>Kurban<\/b>.\n<p><center><img decoding=\"async\" src=\"images\/ctn_band.jpg\" alt=\"elastica\"><\/center><\/p>\n<p><center><a href=\"index.php?msg=364\">Biyografime D\u00f6n\u00fc\u015f<\/a><\/center><\/p>\n","protected":false},"excerpt":{"rendered":"<p>joy division ama new order kesinlikle de\u011fil. the smiths the cardigans tom waits tori amos nick cave leonard cohen velvet underground (her zaman, her yerde&#8230;) the wire the cure (en k\u00f6t\u00fc zamanlar\u0131nda bile..) 2\/5BeZe (Opua D\u0131$\u0131n! D\u00fczenin 7 Ceddine&#8217;yle s\u0131n\u0131rl\u0131 kald\u0131m yaln\u0131z) led zep ama o kadar da yo\u011fun olmamak kayd\u0131yla. benzer \u015fekilde the cream. &hellip; <a href=\"https:\/\/www.emresururi.com\/blogs\/sururi\/sevdiklerim-muzik\/\" class=\"more-link\">Okumaya devam et<span class=\"screen-reader-text\"> &#8220;sevdiklerim: m\u00fczik&#8221;<\/span><\/a><\/p>\n","protected":false},"author":1,"featured_media":0,"parent":0,"menu_order":0,"comment_status":"open","ping_status":"open","template":"","meta":[],"_links":{"self":[{"href":"https:\/\/www.emresururi.com\/blogs\/sururi\/wp-json\/wp\/v2\/pages\/343"}],"collection":[{"href":"https:\/\/www.emresururi.com\/blogs\/sururi\/wp-json\/wp\/v2\/pages"}],"about":[{"href":"https:\/\/www.emresururi.com\/blogs\/sururi\/wp-json\/wp\/v2\/types\/page"}],"author":[{"embeddable":true,"href":"https:\/\/www.emresururi.com\/blogs\/sururi\/wp-json\/wp\/v2\/users\/1"}],"replies":[{"embeddable":true,"href":"https:\/\/www.emresururi.com\/blogs\/sururi\/wp-json\/wp\/v2\/comments?post=343"}],"version-history":[{"count":0,"href":"https:\/\/www.emresururi.com\/blogs\/sururi\/wp-json\/wp\/v2\/pages\/343\/revisions"}],"wp:attachment":[{"href":"https:\/\/www.emresururi.com\/blogs\/sururi\/wp-json\/wp\/v2\/media?parent=343"}],"curies":[{"name":"wp","href":"https:\/\/api.w.org\/{rel}","templated":true}]}}