{"id":347,"date":"2005-11-10T00:19:46","date_gmt":"2005-11-10T00:19:46","guid":{"rendered":""},"modified":"-0001-11-30T00:00:00","modified_gmt":"-0001-11-29T21:00:00","slug":"sevdiklerim-sinema","status":"publish","type":"page","link":"https:\/\/www.emresururi.com\/blogs\/sururi\/sevdiklerim-sinema\/","title":{"rendered":"sevdiklerim: sinema"},"content":{"rendered":"<li><a href=\"http:\/\/www.imdb.com\/name\/nm0000464\/\"><b>jim jarmusch<\/b><\/a>\n<li><a href=\"http:\/\/www.imdb.com\/name\/nm0442454\/\"><b>aki kaurism\u00e4ki<\/b><\/a>\n<li><a href=\"http:\/\/www.imdb.com\/name\/nm0001068\/\"><b>sophia coppola<\/b><\/a> &#8211; <a href=\"http:\/\/www.imdb.com\/title\/tt0335266\/\">lost in translation<\/a> (kald\u0131 ki <a href=\"http:\/\/www.imdb.com\/title\/tt0159097\/\">virgin suicides<\/a> da sa\u011flam bir filmdi)\n<li><a href=\"http:\/\/www.imdb.com\/name\/nm0446819\/\"><b>richard kelly<\/b><\/a> &#8211; <a href=\"http:\/\/www.imdb.com\/title\/tt0246578\/\">donnie darko<\/a>\n<li><a href=\"http:\/\/www.imdb.com\/name\/nm0000108\/\"><b>luc besson<\/b><\/a> &#8211; <a href=\"http:\/\/www.imdb.com\/title\/tt0090095\/\">subway<\/a>\n<li><a href=\"http:\/\/www.imdb.com\/name\/nm0767110\/\"><b>claude sautet<\/b><\/a> &#8211; <a href=\"http:\/\/www.imdb.com\/title\/tt0105682\/\">un coeur en hiver<\/a>\n<li><a href=\"http:\/\/www.imdb.com\/name\/nm0001008\/\"><b>frank capra<\/b><\/a> &#8211; <a href=\"http:\/\/www.imdb.com\/title\/tt0038650\/\">it&#8217;s a wonderful life<\/a>\n<li><a href=\"http:\/\/www.imdb.com\/name\/nm0001241\/\"><b>stephen frears<\/b><\/a> &#8211; <a href=\"http:\/\/www.imdb.com\/title\/tt0146882\/\">high fidelity<\/a>\n<li><a href=\"http:\/\/www.imdb.com\/name\/nm0000419\/\"><b>jean luc godard<\/b><\/a> &#8211; <a href=\"http:\/\/www.imdb.com\/title\/tt0053472\/\">\u00e0 bout de souffle<\/a>\n<li><b><a href=\"http:\/\/www.imdb.com\/name\/nm0939182\/\">kar wai wong<\/a><\/b>\n<li><a href=\"http:\/\/www.imdb.com\/name\/nm0001988\/\"><b>marc caro<\/b><\/a>, <a href=\"http:\/\/www.imdb.com\/name\/nm0000466\/\"><b>jean-pierre jeunet<\/b><\/a> &#8211; <a href=\"http:\/\/www.imdb.com\/title\/tt0112682\/\">la cit\u00e9 des enfants perdus<\/a>\n<li><a href=\"http:\/\/www.imdb.com\/name\/nm0432380\/\"><b>miranda july<\/b><\/a> &#8211; <a href=\"http:\/\/www.imdb.com\/title\/tt0415978\/\">me and you and everyone we know<\/a>\n<li><a href=\"http:\/\/www.imdb.com\/name\/nm0001054\/\"><b>coen<\/b><\/a> <a href=\"http:\/\/www.imdb.com\/name\/nm0001053\/\"><b>biraderler<\/b><\/a> (genelde t\u00fcm filmleri ama k\u00f6t\u00fc olunca tam k\u00f6t\u00fc oluyor: <a href=\"http:\/\/www.imdb.com\/title\/tt0116282\/\">fargo<\/a> ile <a href=\"http:\/\/www.imdb.com\/title\/tt0190590\/\">o brother where art thou?<\/a> neydi \u00f6yle.. <a href=\"http:\/\/www.imdb.com\/title\/tt0110074\/\">hudsucker proxy<\/a> ile <a href=\"http:\/\/www.imdb.com\/title\/tt0243133\/\">the man who wasn&#8217;t there<\/a> diyelim en iyisi)\n<li><a href=\"http:\/\/www.imdb.com\/title\/tt0128445\/\">rushmore<\/a>, <a href=\"http:\/\/www.imdb.com\/title\/tt0265666\/\">the royal tenenbaums<\/a>, <a href=\"http:\/\/www.imdb.com\/title\/tt0362270\/\">life aquatic with steve zissou<\/a> ile <a href=\"http:\/\/www.imdb.com\/name\/nm0027572\/\"><b>wes anderson<\/b><\/a> (ya\u015fa! varol! \u015fak \u015fak \u015fak!)\n<li><a href=\"http:\/\/www.imdb.com\/name\/nm0000095\/\"><b>woody allen<\/b><\/a>\n<li><a href=\"http:\/\/www.imdb.com\/name\/nm0193485\/\"><b>richard curtis<\/b><\/a> &#8211; <a href=\"http:\/\/www.imdb.com\/title\/tt0314331\/\">love actually<\/a>\n<li><a href=\"http:\/\/www.imdb.com\/name\/nm1030706\/\"><b>jae-young kwak<\/b><\/a> &#8211; <a href=\"http:\/\/www.imdb.com\/title\/tt0293715\/\">yeopgijeogin geunyeo (my sassy girl)<\/a>\n<li><a href=\"http:\/\/www.imdb.com\/name\/nm0421314\/\"><b>Anders Thomas Jensen<\/b><\/a> olsun, ne olursa olsun.. Flickering Lights, Green Butchers, Adam&#8217;s Apples,&#8230; <i>bring it on!..<\/i>\n<p><a href=\"index.php?msg=1174\">TV\/Dizi listesi i\u00e7in..<\/a><\/p>\n<p><center><a href=\"index.php?msg=364\">Biyografime D\u00f6n\u00fc\u015f<\/a><\/center><\/p>\n","protected":false},"excerpt":{"rendered":"<p>jim jarmusch aki kaurism\u00e4ki sophia coppola &#8211; lost in translation (kald\u0131 ki virgin suicides da sa\u011flam bir filmdi) richard kelly &#8211; donnie darko luc besson &#8211; subway claude sautet &#8211; un coeur en hiver frank capra &#8211; it&#8217;s a wonderful life stephen frears &#8211; high fidelity jean luc godard &#8211; \u00e0 bout de souffle kar &hellip; <a href=\"https:\/\/www.emresururi.com\/blogs\/sururi\/sevdiklerim-sinema\/\" class=\"more-link\">Okumaya devam et<span class=\"screen-reader-text\"> &#8220;sevdiklerim: sinema&#8221;<\/span><\/a><\/p>\n","protected":false},"author":1,"featured_media":0,"parent":0,"menu_order":0,"comment_status":"open","ping_status":"open","template":"","meta":[],"_links":{"self":[{"href":"https:\/\/www.emresururi.com\/blogs\/sururi\/wp-json\/wp\/v2\/pages\/347"}],"collection":[{"href":"https:\/\/www.emresururi.com\/blogs\/sururi\/wp-json\/wp\/v2\/pages"}],"about":[{"href":"https:\/\/www.emresururi.com\/blogs\/sururi\/wp-json\/wp\/v2\/types\/page"}],"author":[{"embeddable":true,"href":"https:\/\/www.emresururi.com\/blogs\/sururi\/wp-json\/wp\/v2\/users\/1"}],"replies":[{"embeddable":true,"href":"https:\/\/www.emresururi.com\/blogs\/sururi\/wp-json\/wp\/v2\/comments?post=347"}],"version-history":[{"count":0,"href":"https:\/\/www.emresururi.com\/blogs\/sururi\/wp-json\/wp\/v2\/pages\/347\/revisions"}],"wp:attachment":[{"href":"https:\/\/www.emresururi.com\/blogs\/sururi\/wp-json\/wp\/v2\/media?parent=347"}],"curies":[{"name":"wp","href":"https:\/\/api.w.org\/{rel}","templated":true}]}}