{"id":36,"date":"2005-09-05T17:46:09","date_gmt":"2005-09-05T17:46:09","guid":{"rendered":""},"modified":"-0001-11-30T00:00:00","modified_gmt":"-0001-11-29T21:00:00","slug":"yapilacaklar","status":"publish","type":"page","link":"https:\/\/www.emresururi.com\/blogs\/sururi\/yapilacaklar\/","title":{"rendered":"Yap\u0131lacaklar.."},"content":{"rendered":"<li><strike>Resim Galerisinde bir sayfada <i>n<\/i> resim g\u00f6sterilecek, artanlar 2.,3.,.. sayfalarda g\u00f6r\u00fcnt\u00fclenecek.<\/strike>\n<li>Keza, arama sonu\u00e7lar\u0131 ve statik sayfalarda da <i>n<\/i> kadar sonu\u00e7 g\u00f6sterilecek, artanlar den den, den den&#8230;\n<li><strike>\u0130stenilen giri\u015flere yorum yaz\u0131lmas\u0131 engellenebilsin<\/strike>\n<li><strike><b>RSS Feed <\/b>elzem..<\/strike>\n<li>Advanced RSS Feed: kullan\u0131c\u0131 e\u011fer \u00e7ok isterse, gidiyor advanced RSS Feed sayfas\u0131na, diyor ki : &#8220;bana bu bloga yaz\u0131lan entry&#8217;lerden sadece \u015fu \u015fu \u015fu kategoridekiler gelsin.&#8221;\n<li><strike>Men\u00fcde kategori se\u00e7imi olsun<\/strike><\/li>\n<li><strike>Resim galerisindeki resimlere de isteyen giri\u015flere oldu\u011fu gibi yorum yazabilsinler<\/strike><\/li>\n<li><strike>Resim galerisine link verilebilsin<\/strike><\/li>\n<li><strike><b>Bir yorum eklendi\u011fi zaman, blog sahibine mail&#8217;le haber u\u00e7urulmas\u0131 <\/b>(<i>Hande ile Disq&#8217;in yorumlar\u0131n\u0131n ancak \u015fimdi fark\u0131na vard\u0131m da&#8230; 8(<\/i> )<\/strike>\n<li><b>Resim Galerisi<\/b> ba\u015fl\u0131\u011f\u0131 <i>(linki)<\/i> gibi, bir de profil linki olacak. profildeki giri\u015f database&#8217;de tutulan statik bir sayfa de\u011fil, do\u011frudan dosyada tutulan bir sayfa olacak. bunun d\u0131\u015f\u0131nda tamam\u0131yla mesaj \u00f6zelliklerine sahip olacak, yani i\u00e7erdi\u011fi resimler filan images&#8217;\u0131n alt\u0131nda olacak ama bu resimlerin bir \u015fekilde <i>kullan\u0131lmayan resimler<\/i>&#8216;de g\u00f6r\u00fcnmesi engellenecek (belki ba\u015flar\u0131na bir &#8220;profil_&#8221; \u00f6neki getirilip, kullan\u0131lmayan resimlerde buna dikkat \u00e7ekilebilir. &#8220;profil.inc.php&#8221; dosyas\u0131, kullan\u0131c\u0131 olu\u015fturuldu\u011funda, kullan\u0131c\u0131n\u0131n dir&#8217;ina konacak, varsay\u0131lan muhteviyat\u0131 (ki, bu muhteviyat bir de\u011fi\u015fkende saklanacak) da &#8220;bu kullan\u0131c\u0131 hen\u00fcz profilini girmedi&#8221; gibi bir uyar\u0131 c\u00fcmlesinden m\u00fcrekkep olacak.\n<li>a\u00e7\u0131klamalar tamamlanacak. bunlar\u0131n aras\u0131nda ilk akl\u0131ma gelenler: mesaj yazarken kullan\u0131labilecek tag listesi, galeriye resim g\u00f6nderirkenki dosya boyu s\u0131n\u0131r\u0131, zip&#8217;li resim g\u00f6nderilebilmesi.\n<li>footer konacak. bu footer&#8217;\u0131n i\u00e7eri\u011fi ayarlarda girilecek.\n<li>renkler ve do\u011fal olarak css*.php&#8217;ler g\u00f6zden ge\u00e7irilecek, ba\u015ftan yaz\u0131lacak hatta. renkler k\u0131sm\u0131nda, sadece renkler de\u011fil, metin boyutu ve fontu da se\u00e7ilebilsin. rolling stones&#8217;un fontlar\u0131 \u00e7ok ho\u015f g\u00f6r\u00fcnd\u00fc g\u00f6z\u00fcme..\n<li><strike><i>tarihte bug\u00fcn<\/i>&#8216;de \u00f6zel ve genel se\u00e7enekleri olacak. \u00f6zel&#8217;i sadece blogownerlar g\u00f6rebilecek. ayr\u0131ca &#8216;%y&#8217; gibi bir de\u011fi\u015fken olacak, a\u00e7\u0131klamaya yaz\u0131ld\u0131\u011f\u0131nda, olay\u0131n tarihinden itibaren ka\u00e7 g\u00fcn ge\u00e7ti\u011fi hesaplan\u0131p buraya yaz\u0131lacak (mesela <i>\u0130stanbul&#8217;un Kurtulu\u015fu&#8217;nun %y. y\u0131l\u0131<\/i>). occuring olup olmad\u0131\u011f\u0131 da se\u00e7ilebilecek.<\/strike>\n<li><strike>commenter user de\u011filse, arkada\u015fa bir kuki g\u00f6nderilecek, bir daha yorumda bulunmak istedi\u011fi zaman ismini, email adresini tekrar girmesi gerekmeyecek..<\/strike>\n<li><strike>admin sayfas\u0131: admin sayfas\u0131nda kullan\u0131c\u0131 eklerken id&#8217;leri tarayacak, ilk bo\u015f olan id&#8217;ye atayacak.<\/strike> kullan\u0131c\u0131 silinirse, istenirse kullan\u0131c\u0131y\u0131 t\u00fcmden u\u00e7uracak, onun yazd\u0131\u011f\u0131 entry ve comment&#8217;leri iste\u011fe ba\u011fl\u0131 olarak u\u00e7uracak ya da sender_id&#8217;lerini 255 filan bir \u015fey yapacak, kulan\u0131c\u0131 ad\u0131n\u0131 anonymous commentler&#8217;de yap\u0131ld\u0131\u011f\u0131 gibi, mesaj\u0131n i\u00e7ine g\u00f6mecek.\n<li><strike>admin&#8217;de kullan\u0131c\u0131 eklerken yap\u0131lan id taraman\u0131n bir benzeri de s\u00f6zl\u00fck entry&#8217;lerinde yap\u0131lacak.<\/strike>\n<li><b>Kullan\u0131c\u0131lar-aras\u0131 mesajla\u015fma<\/b>\n<li><strike><b>tarihte bug\u00fcn <\/b>kodulacak..<\/strike>\n<li>yeni bir kullan\u0131c\u0131 e\u011fer hi\u00e7 entry yazmam\u0131\u015fsa, Apache Server&#8217;\u0131nkine benzer bir <i>ge\u00e7ici kar\u015f\u0131lama ekran\u0131<\/i> \u00e7\u0131kacak..\n<li>sitenin html&#8217;e export&#8217;u.\n<li><strike>mozilla&#8217;da resim filan ekledikten sonra yaz\u0131lar niye b\u00fcy\u00fcyor, bulunacak.<\/strike>\n<li><strike>section s\u00fctununda fazladan siyah bir border var, birka\u00e7 kere kald\u0131rmay\u0131 denedim, beceremedim. css&#8217;ye el at\u0131nca, bir zahmet bu arkada\u015fla da ilgilenelim.<\/strike>\n<li><strike>istatistikler&#8217;de kullan\u0131c\u0131 ad\u0131, ayn\u0131 zamanda kullan\u0131c\u0131n\u0131n sitesine link olacak<\/strike>\n<li><strike>resim ekledikten sonra bir &#8216;javascript error&#8217; generate ediliyor, nedeni bulunacak (t\u00fcrk\u00e7e&#8217;ye bak be! 8P )<\/strike>\n<li><strike><b>\u00f6zl\u00fc s\u00f6zler<\/b> olabilir, <i>random <\/i>\u00e7\u0131kan..<\/strike><TABLE class=remark><TR><TD>sonradan deneme yap\u0131nca, &#8220;\u00d6zl\u00fc s\u00f6zler&#8221; \u00e7ok dandik g\u00f6r\u00fcnd\u00fc, koyacak yer bulamad\u0131m, o y\u00fczden iptal ediyorum.. ettim!..<\/TD><\/TR><\/TABLE>\n<li><strike>statik sayfalar listelenirken b\u00fct\u00fcn blog&#8217;u de\u011fil, bir k\u0131sm\u0131n\u0131 als\u0131n <i>(arama&#8217;n\u0131n yapt\u0131\u011f\u0131 gibi)<\/i><\/strike>\n<li><strike>non-user yorum ekledi\u011finde, blogownerlar bu yoruma bakarken non-user&#8217;\u0131n e-mail adresini g\u00f6rebilecek<\/strike>\n<li><strike>users table&#8217;\u0131na &#8220;bool user_owns_a_blog&#8221; konulacak. nitekim, her kullan\u0131c\u0131n\u0131n blog&#8217;u olmak zorunda de\u011fil..<\/strike>\n<li><strike>&#8220;[[s\u00f6zl\u00fck]]&#8221;, <i>maybe?<\/i> <TABLE class=remark><TR><TD>s\u00f6zl\u00fc\u011f\u00fc yazmaya ba\u015flad\u0131m. bir maddeye her kullan\u0131c\u0131 istedi\u011fi kadar giri\u015f yapabilecek (her biri 255 karakteri a\u015fmamak kayd\u0131yla). s\u00f6zl\u00fc\u011fe bak\u0131l\u0131rken, e\u011fer varsa, \u00f6nce blogowner&#8217;\u0131n giri\u015fleri g\u00f6r\u00fclecek, ard\u0131ndan di\u011fer user&#8217;lar\u0131n. bunu biraz a\u00e7ay\u0131m: \u00f6ncelik hangi mesajdan gelindiyse, o mesaj\u0131n yazar\u0131n\u0131n, sonras\u0131nda o blog&#8217;a yazma hakk\u0131na sahip olanlar\u0131n, en sonra da di\u011ferleri..<\/TD><\/TR><\/TABLE><br \/>\n<\/strike><\/p>\n<li><strike>resimler alb\u00fcme istenirse ziplenip, toplu halde de g\u00f6nderilebilsin &#8212; \u00f6yle tek tek u\u011fra\u015ft\u0131rmas\u0131n.<\/strike>\n<li><strike><b>Cookies<\/b><br \/>\n1. user ismi \u00f6yle ortal\u0131kta durmayacak. <i>encode \/ decode<\/i> mekanizmas\u0131 yaz\u0131lacak<br \/>\n2. cookie vas\u0131tas\u0131yla user&#8217;a gonderilecek <i>expire time<\/i>, user&#8217;\u0131n saati kullan\u0131larak yap\u0131lacak.<\/strike><\/p>\n<li><strike>foto\u011fraf alb\u00fcm\u00fc <i>(m\u00fcmk\u00fcnse <b>flash<\/b>)<\/i><\/strike>\n<li><strike>dbase&#8217;de cinsiyetler &#8220;e&#8221;, &#8220;k&#8221; ve &#8220;d&#8221; olarak tutuluyor, di\u011fer dillere uyarlanabilir hale getirilmeli (ie., enum(0,1,2)).<\/strike>\n<li><strike>kullan\u0131c\u0131lar kendi renklerini kaydedip, kullanabilmeli..<\/strike>\n<li><strike>kullan\u0131c\u0131lar \u015fifrelerini de\u011fi\u015ftirebilmeli.<\/strike>\n<li><strike>sayfaya ilk gelindi\u011finde son girilen 5 mesaj g\u00f6sterilsin..<\/strike>\n<li><strike><b>logo <\/b>haz\u0131rlan\u0131p, sa\u011f s\u00fctunun alt\u0131na yerle\u015ftirilecek.<\/strike>\n<li><strike>kategorilere bakarken, <i>sonraki<\/i>, index&#8217;e bak\u0131yormu\u015f gibi \u00e7al\u0131\u015f\u0131yor..<\/strike>\n<li><strike><b>Yorum Ekleme<\/b><\/strike>\n<li><strike><b>ayr\u0131ca:<\/b> Kullan\u0131c\u0131 login oldu\u011funda, lastlogin&#8217;i g\u00fcncelliyor mu bu alet?<\/strike>\n<li><strike>G\u00fcvenlik i\u00e7in, mesajlardan Javascript \u00e7al\u0131\u015ft\u0131ran keyword&#8217;ler (<i>onClick, onHover, onBilmemne,..<\/i>) ay\u0131klanacak.<\/strike>\n<li><strike>Kullan\u0131c\u0131 index d\u0131\u015f\u0131ndaki bir sayfaya gitti\u011finde (<i>d\u00fczenle, ayarlar, mesaj yaz,..<\/i>) gitmeden \u00f6nceki browser location&#8217;\u0131n\u0131 cookie&#8217;ye atsak, i\u015flemini bitirdikten sonra d\u00f6nece\u011fi yer <b>ba\u015flad\u0131\u011f\u0131 yer<\/b> olsa ne g\u00fczel olurdu, de\u011fil mi?.. Efendim?.. 8)<\/strike><TABLE class=remark><TR><TD><i>bunu, linkler i\u00e7in <b>HTTP_REFERER<\/b> ve window.open&#8217;lar i\u00e7in de <b>&#8216;?..&#038;url=&#8217;<\/b> kullanarak halletim.. afiyet olsun<\/i><\/TD><\/TR><\/TABLE>\n<li><strike><i>blog sahibi<\/i>, blog&#8217;una kendisinden ba\u015fka yazabilecek kimseleri belirleyebilir. bu durumda mesajlar\u0131n <i>gonderen_id<\/i>&#8216;si, yine mesaji gonderene ait olur ama ek olarak, <i>gonderilen_blog<\/i> da, gonderilen blog&#8217;un sahibinin id&#8217;si olabilir.. mesaj gosterirken de <i>where gonderen_id <\/i>de\u011fil de, where <i>gonderilen_blog<\/i> gibi bir \u015fey denebilir.<\/strike> <TABLE class=remark><TR><TD>bundan vazge\u00e7tim. \u00e7ok isteyen olursa, <i>statik sayfa <\/i>yap\u0131p, yorumlarla hallederler olay\u0131.<\/TD><\/TR><\/TABLE>\n<p> <TABLE class=remark><TR><TD>ya, sonradan d\u00fc\u015f\u00fcn\u00fcnce, yapsam iyi olacak, nitekim, efelerin blog&#8217;una yasemin de yazabilmeli.. yazan ki\u015fi, yaz\u0131lan\u0131n kategorilerini kullanmal\u0131, ama kullan\u0131c\u0131 ad\u0131 kendi ad\u0131 olmal\u0131. bunu belki yorumlardaki gibi \u00e7\u00f6zebilirim. yani gonderen_id blogowner_id olur, mesajozele bir not duserim (bu gerci zor, cunku kategoriler var orada, belki mesajin cinsini degistirip, diyelim 4 yaparim, mesajin basligi da blogowner_id ile blogowner olur, mesela: 2efelek|&#038;deneme mesaj\u0131)<\/TD><\/TR><\/TABLE><\/p>\n<li><strike><b>mesajlarda arama yapmak..<\/b><\/strike>\n<li><strike>&#8216;<b>statik sayfa<\/b>&#8216;lar\u0131 ve <i>msg_id<\/i>&#8216;lerini g\u00f6steren bir toplu-g\u00f6sterim sayfas\u0131 yap\u0131l\u0131p, <i>&#8216;Ayarlar&#8217;<\/i> k\u0131sm\u0131na konacak.<\/strike><TABLE class=remark><TR><TD>bu arada, &#8216;<i>Ayarlar<\/i>&#8216;, index.php haricindeki sayfalarda da (<i>comment_make.php, static_pages.php<\/i>) kullan\u0131ld\u0131\u011f\u0131ndan, i\u00e7eri\u011fini section_ayarlar.inc.php&#8217;ye ta\u015f\u0131d\u0131m.<\/TD><\/TR><\/TABLE>\n<li><strike> kullan\u0131lmayan resimlerin bulunmas\u0131 (i\u00e7inde &#8220;<i>\\&lt;img src=><\/i>&#8221; laf\u0131 ge\u00e7en entry&#8217;ler aran\u0131r, i\u00e7indeki <b>&#8220;.jpg&#8221;, ,&#8221;.jpeg&#8221;, &#8220;.gif&#8221;, &#8220;.png&#8221;<\/b>li s\u00f6zc\u00fckler ay\u0131klan\u0131r, sonra da &#8220;<i>images\/<\/i>&#8221; klas\u00f6r\u00fcndekilerle kar\u015f\u0131la\u015ft\u0131r\u0131l\u0131r.. hatta en ba\u015fta &#8220;<i>img src=<\/i>&#8221; de\u011fil de, do\u011frudan <i>&#8220;.jpg&#8221;,&#8221;.jpeg&#8221;,&#8221;.png&#8221;,&#8221;.gif&#8221; <\/i>aran\u0131r.<\/strike>\n<li><strike>\u015fu \\&lt;a href=&#8221;&#8221;..>ler iyi de, yeni pencere a\u00e7\u0131l\u0131nca, a\u00e7an\u0131 da rootdir&#8217;a gonderiyor.. onu da halledebilmeli.. ne demek istedi\u011fim anla\u015f\u0131lm\u0131yorsa, bir mesaja bakarken, <i>&#8216;mesaj yaz&#8217;<\/i>\u0131 se\u00e7, sonra mesaj yazmaktan vazge\u00e7, bak bakal\u0131m ilk pencerede nereye gelmi\u015fsin.. bir \u00e7\u00f6z\u00fcm\u00fc mevcut sayfan\u0131n adresi \\&lt;a href&#8217;in hedefine konabilir, ama mutlaka daha g\u00fczel bir \u00e7\u00f6z\u00fcm\u00fc vard\u0131r, olmal\u0131..<\/strike><br \/>\n","protected":false},"excerpt":{"rendered":"<p>Resim Galerisinde bir sayfada n resim g\u00f6sterilecek, artanlar 2.,3.,.. sayfalarda g\u00f6r\u00fcnt\u00fclenecek. Keza, arama sonu\u00e7lar\u0131 ve statik sayfalarda da n kadar sonu\u00e7 g\u00f6sterilecek, artanlar den den, den den&#8230; \u0130stenilen giri\u015flere yorum yaz\u0131lmas\u0131 engellenebilsin RSS Feed elzem.. Advanced RSS Feed: kullan\u0131c\u0131 e\u011fer \u00e7ok isterse, gidiyor advanced RSS Feed sayfas\u0131na, diyor ki : &#8220;bana bu bloga yaz\u0131lan entry&#8217;lerden &hellip; <a href=\"https:\/\/www.emresururi.com\/blogs\/sururi\/yapilacaklar\/\" class=\"more-link\">Okumaya devam et<span class=\"screen-reader-text\"> &#8220;Yap\u0131lacaklar..&#8221;<\/span><\/a><\/p>\n","protected":false},"author":1,"featured_media":0,"parent":0,"menu_order":0,"comment_status":"open","ping_status":"open","template":"","meta":[],"_links":{"self":[{"href":"https:\/\/www.emresururi.com\/blogs\/sururi\/wp-json\/wp\/v2\/pages\/36"}],"collection":[{"href":"https:\/\/www.emresururi.com\/blogs\/sururi\/wp-json\/wp\/v2\/pages"}],"about":[{"href":"https:\/\/www.emresururi.com\/blogs\/sururi\/wp-json\/wp\/v2\/types\/page"}],"author":[{"embeddable":true,"href":"https:\/\/www.emresururi.com\/blogs\/sururi\/wp-json\/wp\/v2\/users\/1"}],"replies":[{"embeddable":true,"href":"https:\/\/www.emresururi.com\/blogs\/sururi\/wp-json\/wp\/v2\/comments?post=36"}],"version-history":[{"count":0,"href":"https:\/\/www.emresururi.com\/blogs\/sururi\/wp-json\/wp\/v2\/pages\/36\/revisions"}],"wp:attachment":[{"href":"https:\/\/www.emresururi.com\/blogs\/sururi\/wp-json\/wp\/v2\/media?parent=36"}],"curies":[{"name":"wp","href":"https:\/\/api.w.org\/{rel}","templated":true}]}}