{"id":364,"date":"2005-11-17T11:17:54","date_gmt":"2005-11-17T11:17:54","guid":{"rendered":""},"modified":"-0001-11-30T00:00:00","modified_gmt":"-0001-11-29T21:00:00","slug":"emre-sururi-hakkinda","status":"publish","type":"page","link":"https:\/\/www.emresururi.com\/blogs\/sururi\/emre-sururi-hakkinda\/","title":{"rendered":"Emre Sururi Hakk\u0131nda"},"content":{"rendered":"<p><i>Bo\u015f b\u0131rakmamak laz\u0131m buralar\u0131.. <\/i>Efendim, ad\u0131m <b>Emre Sururi Ta\u015fc\u0131<\/b>, 1977 do\u011fumluyum. \u0130lkokulu <i>\u00d6zel Evrim Lisesi<\/i>&#8216;nde tamamlad\u0131ktan sonra ortaokul ve liseyi de <i>\u00d6zel Bo\u011fazi\u00e7i Koleji<\/i>&#8216;nde bitirdim. Lise sonda ilk defa Ankara&#8217;ya geldim ve ilk g\u00f6r\u00fc\u015fte vuruldum. 1996 y\u0131l\u0131n\u0131n yaz\u0131nda tatil i\u00e7in d\u00fczenli olarak gitti\u011fimiz Bal\u0131kesir&#8217;deki Ar-Tur &#8220;k\u00f6y\u00fcnde&#8221; Beng\u00fc Yaz\u0131c\u0131o\u011flu Han\u0131mefendi ile tan\u0131\u015ft\u0131k. <i>\u0130stanbul Teknik \u00dcniversitesi Fizik M\u00fchendisli\u011fi<\/i> b\u00f6l\u00fcm\u00fcnden mezun olduktan sonra y\u00fcksek lisans i\u00e7in <i>Orta Do\u011fu Teknik \u00dcniversitesi<\/i>&#8216;ne ba\u015flad\u0131m ve ba\u015flad\u0131ktan birka\u00e7 ay sonra da b\u00f6l\u00fcme asistan olarak al\u0131nd\u0131m. Master&#8217;\u0131 bitirdi\u011fim sene de (2002) birka\u00e7 c\u00fcmle \u00f6nce tan\u0131\u015ft\u0131\u011f\u0131m Beng\u00fc ile evlendik (14 Eyl\u00fcl 2002) ve murad\u0131m\u0131za erdik <i>(h\u00e2l\u00e2 da ermekteyiz for that matters 8)<\/i> Halen ODT\u00dc Fizik B\u00f6l\u00fcm\u00fc&#8217;nde asistanl\u0131k ve doktora yapmaktay\u0131m, buradan sonra Japonya, Kore, Avusturalya veya Fransa&#8217;ya (in that specific order) gitme planlar\u0131m\u0131z var, bakal\u0131m, k\u0131smetse.. Fizikteki \u00e7al\u0131\u015fma alan\u0131m <b>Karbon Nanot\u00fcpler ve Uygulamalar\u0131<\/b>. ODT\u00dc&#8217;ye ba\u015flad\u0131\u011f\u0131mdan beridir <a href=\"http:\/\/erkoc.physics.metu.edu.tr\/\">Prof. \u015eakir Erko\u00e7<\/a>&#8216;un yan\u0131nda \u00e7al\u0131\u015f\u0131yorum, kendisi muhte\u015fem bir insan ve hocad\u0131r, bu bak\u0131mdan da \u00e7ok \u015fansl\u0131y\u0131m. \u0130T\u00dc&#8217;deyken bamba\u015fka bir konuda, Quantum Alan Teorisi \u00fczerine \u00e7al\u0131\u015fmalar yapmaktayken, ve oradaki halimden de, hocam Ne\u015fe \u00d6zdemir&#8217;den de \u00e7ok memnunken, ODT\u00dc&#8217;de bu konuda \u00e7al\u0131\u015fma yapacak bir hoca bulamay\u0131nca mecburen konu de\u011fi\u015fikli\u011fine gittim, iyi ki de gitmi\u015fim diyebilirim. \u00d6teden beri matemati\u011fe hayli ilgim vard\u0131 ve bu y\u00fczden san\u0131r\u0131m, h\u00e2l\u00e2 matematiksel fizik\u00e7iler sayg\u0131 kulvar\u0131mda her daim di\u011ferlerinden bir ad\u0131m \u00f6ndedirler. <\/p>\n<p>Bilgisayarlara a\u015f\u0131r\u0131 bir d\u00fc\u015fk\u00fcnl\u00fc\u011f\u00fcm vard\u0131r. Kendi \u00e7ap\u0131mda programlar yazmaktan hazzederim. Bu blogu okuman\u0131z\u0131 sa\u011flayan <b>GUBEN<\/b> blogger&#8217;\u0131 da el eme\u011fim ve g\u00f6z nurumdur. PHP, MySQL, FORTRAN, BASIC, C++ filan biraz bir \u015feyler bilirim (\u00e7oktand\u0131r bakmad\u0131\u011f\u0131m BASIC&#8217;i b\u00fcy\u00fck ihtimalle unutmu\u015f olsam da ve ne zaman Visual C++ ile bir \u015feyler yapmaya kalksam, kendimi ayn\u0131 i\u015fi yapan -daha az <i>g\u00f6rsel<\/i>&#8211; bir kodu PHP ile yazarken bulsam da..)<\/p>\n<p>Edebiyata d\u00fc\u015fk\u00fcnl\u00fc\u011f\u00fcm vard\u0131r. Zaman\u0131nda na\u00e7izane bir \u015feyler yazard\u0131m lakin nicedir mutlulu\u011fun ve huzurun verdi\u011fi rehavet ile (\u00e7ok \u015f\u00fck\u00fcr) bir \u015fey yazamaz oldum. <a href=\"http:\/\/epigraf.fisek.com.tr\">Epigraf edebiyat sitesi<\/a> de bu de\u011fersiz yazar\u0131n\u0131z\u0131n projelerindendir.<\/p>\n<p>Arkada\u015flar\u0131m\u0131n \u00e7o\u011funu yaban ellere (USA) kapt\u0131rd\u0131\u011f\u0131mdan, bu aralar eldekilerin k\u0131ymetini bilmeye \u00e7al\u0131\u015fmaktay\u0131m. Bir ara ayr\u0131 ayr\u0131 arkada\u015flar\u0131m\u0131 anlatt\u0131\u011f\u0131m sayfalar yapmak da boynumun borcudur.<\/p>\n<p>Zararl\u0131 al\u0131\u015fkanl\u0131klar\u0131m vard\u0131r: fena halde pipo i\u00e7erim, nargile hastas\u0131y\u0131md\u0131r <i>(G\u00fcncelleme: 03 ocak 2006 tarihinden beridir duman t\u00fcketimimi durdurmu\u015f durumday\u0131m)<\/i>. Asl\u0131nda, <b>Kafe T\u00f6mbeki<\/b>&#8216;ye (\u015fu Metropol Sinemas\u0131n\u0131n yan\u0131ndaki) e\u011fer gitmi\u015fli\u011finiz varsa, mutlaka beni g\u00f6rm\u00fc\u015fs\u00fcn\u00fczd\u00fcr. Ger\u00e7i T\u00f6mbeki&#8217;ye de Beng\u00fc&#8217;n\u00fcn mevcut ko\u015fullar\u0131 nedeniyle son 6 ayd\u0131r filan hi\u00e7 gidemedik ama ondan \u00f6nce d\u00fczenli olarak mekan\u0131m\u0131zd\u0131. <i>Mimar tayfas\u0131yla<\/i> (\u015eibe, Levent, Hamiyet) her cuma orada toplan\u0131yorduk.<\/p>\n<p>Mevcut arkada\u015flar\u0131m\u0131n \u00e7o\u011fuyla daha internet yokken bile varolan <a href=\"http:\/\/www.hitnet.bbs.tr\">HiTNet<\/a> mesajla\u015fma a\u011f\u0131 sayesinde tan\u0131\u015ft\u0131m. Hatta bana Ankara&#8217;daki evi <b><i>[[fch]]<\/i><\/b>&#8216;\u0131n kap\u0131lar\u0131n\u0131 a\u00e7an can\u0131m patronum <a href=\"http:\/\/zzz.fisek.com.tr\/seyir-defteri\/\">Doruk Fi\u015fek<\/a> olmasa idi, belki de hi\u00e7 Ankara&#8217;ya gelemeyecektim. Bu arada, b\u00f6yle da\u011f\u0131n\u0131k da\u011f\u0131n\u0131k paragraflar yi\u011fitli\u011fin \u015fan\u0131ndan olmasa da, o kadar alakas\u0131z de\u011fildirler, zira ara ara girip ekleme \/ d\u00fczeltme yapmaktay\u0131m bu giri\u015fe.. <\/p>\n<p>Son y\u0131llarda fena halde sinema ile ha\u015f\u0131r ne\u015fir oldum. Neyse, a\u015fa\u011f\u0131daki ba\u015fl\u0131klardan \u00e7e\u015fitli listelere ula\u015fabilirsiniz. B\u00f6yle bir \u015feyler. Ara ara g\u00fcncellerim bu sayfay\u0131 da.<\/p>\n<p>\u00e7i\u00e7ekler, b\u00f6cekler,<br \/>\n<b>Emre Sururi<\/b><\/p>\n<p><u><b>Listeler<\/b><\/u><\/p>\n<li><a href=\"index.php?msg=313\"><b>Edebiyat<\/b><\/a>\n<li><a href=\"index.php?msg=347\"><b>Sinema<\/b><\/a>\n<li><a href=\"index.php?msg=343\"><b>M\u00fczik<\/b><\/a>\n<li><a href=\"index.php?msg=366\"><b>Makaleler [Fizik]<\/b><\/a>\n<p><center><img decoding=\"async\" src=\"images\/sururi.jpg\" alt=\"emre sururi is WATCHING YOU!!\"><\/center><\/p>\n","protected":false},"excerpt":{"rendered":"<p>Bo\u015f b\u0131rakmamak laz\u0131m buralar\u0131.. Efendim, ad\u0131m Emre Sururi Ta\u015fc\u0131, 1977 do\u011fumluyum. \u0130lkokulu \u00d6zel Evrim Lisesi&#8216;nde tamamlad\u0131ktan sonra ortaokul ve liseyi de \u00d6zel Bo\u011fazi\u00e7i Koleji&#8216;nde bitirdim. Lise sonda ilk defa Ankara&#8217;ya geldim ve ilk g\u00f6r\u00fc\u015fte vuruldum. 1996 y\u0131l\u0131n\u0131n yaz\u0131nda tatil i\u00e7in d\u00fczenli olarak gitti\u011fimiz Bal\u0131kesir&#8217;deki Ar-Tur &#8220;k\u00f6y\u00fcnde&#8221; Beng\u00fc Yaz\u0131c\u0131o\u011flu Han\u0131mefendi ile tan\u0131\u015ft\u0131k. \u0130stanbul Teknik \u00dcniversitesi Fizik &hellip; <a href=\"https:\/\/www.emresururi.com\/blogs\/sururi\/emre-sururi-hakkinda\/\" class=\"more-link\">Okumaya devam et<span class=\"screen-reader-text\"> &#8220;Emre Sururi Hakk\u0131nda&#8221;<\/span><\/a><\/p>\n","protected":false},"author":1,"featured_media":0,"parent":0,"menu_order":0,"comment_status":"open","ping_status":"open","template":"","meta":[],"_links":{"self":[{"href":"https:\/\/www.emresururi.com\/blogs\/sururi\/wp-json\/wp\/v2\/pages\/364"}],"collection":[{"href":"https:\/\/www.emresururi.com\/blogs\/sururi\/wp-json\/wp\/v2\/pages"}],"about":[{"href":"https:\/\/www.emresururi.com\/blogs\/sururi\/wp-json\/wp\/v2\/types\/page"}],"author":[{"embeddable":true,"href":"https:\/\/www.emresururi.com\/blogs\/sururi\/wp-json\/wp\/v2\/users\/1"}],"replies":[{"embeddable":true,"href":"https:\/\/www.emresururi.com\/blogs\/sururi\/wp-json\/wp\/v2\/comments?post=364"}],"version-history":[{"count":1,"href":"https:\/\/www.emresururi.com\/blogs\/sururi\/wp-json\/wp\/v2\/pages\/364\/revisions"}],"predecessor-version":[{"id":6052,"href":"https:\/\/www.emresururi.com\/blogs\/sururi\/wp-json\/wp\/v2\/pages\/364\/revisions\/6052"}],"wp:attachment":[{"href":"https:\/\/www.emresururi.com\/blogs\/sururi\/wp-json\/wp\/v2\/media?parent=364"}],"curies":[{"name":"wp","href":"https:\/\/api.w.org\/{rel}","templated":true}]}}