{"id":366,"date":"2005-11-17T15:44:40","date_gmt":"2005-11-17T15:44:40","guid":{"rendered":""},"modified":"-0001-11-30T00:00:00","modified_gmt":"-0001-11-29T21:00:00","slug":"makaleler","status":"publish","type":"page","link":"https:\/\/www.emresururi.com\/blogs\/sururi\/makaleler\/","title":{"rendered":"Makaleler"},"content":{"rendered":"<ol>\n<li>E.S. Ta\u015fc\u0131 and \u015e. Erko\u00e7, &#8220;Simulation of the Casimir-Polder Effect for Various Geometries&#8221;, Int. J. Mod. Phys. C 13, 979(2002)<\/li>\n<li>\u015e. Erko\u00e7, O.B. Malc\u0131o\u011flu, and E. Ta\u015fc\u0131, &#8220;Structural and electronic properties of single-wall GaN nanotubes: Semi-empirical SCF-MO calculations&#8221;, J. Mol. Struc. (Theochem) 674, 1(2004).<\/li>\n<li>E. Yazgan, E. Ta\u015fc\u0131, and \u015e. Erko\u00e7, &#8220;An Algorithm to Generate Toroidal and Helical Cage Structures Using Pentagons, Hexagons and Heptagons&#8221;, Int. J. Mod. Phys. C 15, 267(2004).<\/li>\n<li>E. Yazgan, E. Ta\u015fc\u0131, O.B. Malc\u0131o\u011flu, and \u015e. Erko\u00e7, &#8220;Electronic Properties of Carbon Nanotoroidal Structures&#8221;, J. Mol. Struc. (Theochem) 681, 231(2004).<\/li>\n<li>E. Ta\u015fc\u0131, E. Yazgan, O.B. Malc\u0131o\u011flu, and \u015e. Erko\u00e7, &#8220;Stability of Carbon Nanotori Under Heat Treatment: Molecular-Dynamics Simulations&#8221;, Fullerenes, Nanotubes, and Carbon Nanostructures 13(2), 147 (2005).<\/li>\n<li>E. Ta\u015fc\u0131, O.B. Malc\u0131o\u011flu, and \u015e. Erko\u00e7, &#8220;Junction Formation in Crossed Nanotubes Under Pressure: Molecular-Dynamics Simulations&#8221;, Int. J. Mod. Phys. C 16(9) (2005) 1371.<\/li>\n<li>O.B. Malc\u0131o\u011flu, E. Ta\u015fc\u0131, and \u015e. Erko\u00e7, &#8220;Structural and molecular electronic properties of BN ring doped single-wall carbon nanotubes&#8221;, Physica E 29(3) 296 (2005).<\/li>\n<li>O.B. Malc\u0131o\u011flu, E. Ta\u015fc\u0131, and \u015e. Erko\u00e7, &#8220;Single Wall Bamboo Shaped Carbon Nanotube: A Molecular Dynamics and Electronic Study&#8221;, Int. J. Mod. Phys. C 17(2) (2006) 187.<\/li>\n<li>E. Ta\u015fc\u0131, and \u015e. Erko\u00e7, &#8220;An algorithm for constructing various kinds of nanojunctions using zigzag and armchair nanotubes&#8221;, J. Nanosci. Nanotech. 7 (4-5) (2007) 1653.<\/li>\n<\/ol>\n<p>En guncel liste icin bkz. <a href=\"http:\/\/www.emresururi.com\/CV-Emre_Tasci-2009.pdf\">CV<\/a>&#8216;m..<\/p>\n<ol>\n<li><center><a href=\"index.php?msg=364\">Biyografime D\u00f6n\u00fc\u015f<\/a><\/center><\/li>\n<\/ol>\n","protected":false},"excerpt":{"rendered":"<p>E.S. Ta\u015fc\u0131 and \u015e. Erko\u00e7, &#8220;Simulation of the Casimir-Polder Effect for Various Geometries&#8221;, Int. J. Mod. Phys. C 13, 979(2002) \u015e. Erko\u00e7, O.B. Malc\u0131o\u011flu, and E. Ta\u015fc\u0131, &#8220;Structural and electronic properties of single-wall GaN nanotubes: Semi-empirical SCF-MO calculations&#8221;, J. Mol. Struc. (Theochem) 674, 1(2004). E. Yazgan, E. Ta\u015fc\u0131, and \u015e. Erko\u00e7, &#8220;An Algorithm to Generate &hellip; <a href=\"https:\/\/www.emresururi.com\/blogs\/sururi\/makaleler\/\" class=\"more-link\">Okumaya devam et<span class=\"screen-reader-text\"> &#8220;Makaleler&#8221;<\/span><\/a><\/p>\n","protected":false},"author":1,"featured_media":0,"parent":0,"menu_order":0,"comment_status":"open","ping_status":"open","template":"","meta":[],"_links":{"self":[{"href":"https:\/\/www.emresururi.com\/blogs\/sururi\/wp-json\/wp\/v2\/pages\/366"}],"collection":[{"href":"https:\/\/www.emresururi.com\/blogs\/sururi\/wp-json\/wp\/v2\/pages"}],"about":[{"href":"https:\/\/www.emresururi.com\/blogs\/sururi\/wp-json\/wp\/v2\/types\/page"}],"author":[{"embeddable":true,"href":"https:\/\/www.emresururi.com\/blogs\/sururi\/wp-json\/wp\/v2\/users\/1"}],"replies":[{"embeddable":true,"href":"https:\/\/www.emresururi.com\/blogs\/sururi\/wp-json\/wp\/v2\/comments?post=366"}],"version-history":[{"count":0,"href":"https:\/\/www.emresururi.com\/blogs\/sururi\/wp-json\/wp\/v2\/pages\/366\/revisions"}],"wp:attachment":[{"href":"https:\/\/www.emresururi.com\/blogs\/sururi\/wp-json\/wp\/v2\/media?parent=366"}],"curies":[{"name":"wp","href":"https:\/\/api.w.org\/{rel}","templated":true}]}}