{"id":4424,"date":"2010-11-16T22:22:43","date_gmt":"2010-11-16T22:22:43","guid":{"rendered":""},"modified":"-0001-11-30T00:00:00","modified_gmt":"-0001-11-29T21:00:00","slug":"very-close-and-yes-cigar-ya-da-your-dog-days-are-over","status":"publish","type":"page","link":"https:\/\/www.emresururi.com\/blogs\/sururi\/very-close-and-yes-cigar-ya-da-your-dog-days-are-over\/","title":{"rendered":"very close and yes cigar. ya da your dog days are over."},"content":{"rendered":"<p><em>&#8220;\u015eu g\u00fcnlerde i\u00e7kiye d\u00fc\u015ft\u00fcm, ondan m\u0131d\u0131r bilmem,<br \/>\nDaha \u00e7ok seviyorum Cansever&#8217;i, Uyar&#8217;\u0131, Can Y\u00fccel&#8217;i&#8221;<br \/>\n<\/em>Cemal S\u00fcreya, &#8220;Oteller Hanlar Hamamlar i\u00e7in S\u00fcrekli \u015eiir&#8221;den detay.<\/p>\n<p>\u0130\u00e7kiyle aram oldum olas\u0131 pek olmad\u0131. Sosyal i\u00e7ici mi denir, hani \u00f6yle partilerde bir iki kadeh, hi\u00e7 \u00f6yle bir \u015fey beceremedim, \u015fi\u015feden i\u00e7tim, sarho\u015f olmadan b\u0131rakmad\u0131m \u00e7o\u011fu zaman. Bera&#8217;yla vermut i\u00e7erdik, ben \u00e7ilek lik\u00f6r\u00fc severdim, \u015farap da i\u00e7ti\u011fim niceydi, rak\u0131dan ho\u015flanmaz, tekilay\u0131 haval\u0131 diye i\u00e7erdim. Bir tek Baileys&#8217;i severek i\u00e7erdik, puromun yan\u0131na \u00e7ok yak\u0131\u015f\u0131rd\u0131 \u00e7\u00fcnk\u00fc.<\/p>\n<p>Puro i\u00e7meye lise sonda ba\u015flad\u0131m. Arkada\u015flar\u0131mdan gizli i\u00e7erdim, ailem bilirdi, \u00f6yle ilgin\u00e7 bir durumdu. King Edward beyaz al\u0131rd\u0131m \u00c7i\u00e7ek Pasaj\u0131&#8217;n\u0131n giri\u015findeki t\u00fct\u00fcnc\u00fcden, Kafka&#8217;ya gider, buz gibi so\u011fuk bir kolayla tad\u0131n\u0131 \u00e7\u0131kar\u0131rd\u0131m. Sonra beyaz pek bulunmamaya ba\u015flad\u0131, sar\u0131y\u0131 da ben sevemedim (beyaz ger\u00e7ek t\u00fct\u00fcne sar\u0131l\u0131rken, sar\u0131da sentetik t\u00fct\u00fcn kullan\u0131l\u0131rd\u0131 &#8212; ka\u00e7ak olduklar\u0131ndan kelli, patlak \u00e7\u0131kt\u0131klar\u0131 da olurdu s\u0131k s\u0131k), t\u00fcketim k\u00fcs\u00fcrat\u0131n\u0131 da artt\u0131rm\u0131\u015ft\u0131m zaten, hal b\u00f6yle olunca Bera&#8217;yla T\u00fcrk purolar\u0131na ge\u00e7tik, malumunuz, T\u00fcrk t\u00fct\u00fcn\u00fc me\u015fhur bir \u015fey. Hem de ucuz nispeten. Mecidiyek\u00f6y&#8217;den bir sonraki durak Lik\u00f6r Fabrikas\u0131&#8217;d\u0131r, orada bir Tekel sat\u0131\u015f d\u00fckkan\u0131 vard\u0131r, az bilinir, g\u00fczeldir, g\u00fczeldi. Oradan a\u011f\u0131rl\u0131kl\u0131 olarak &#8220;G\u00fczel&#8221; Marmara sigarillolar\u0131 olmak \u00fczere, aralarda ho\u015f g\u00f6r\u00fcn\u00fcyor diye \u0130stanbul panatela, oturakl\u0131 diye Pazar purosundan, param\u0131z \u00e7ok gelip bat\u0131yorsa da Topkap\u0131 purolar\u0131ndan al\u0131rd\u0131k. Arkada\u015flar\u0131m\/tan\u0131d\u0131klar gittikleri yerlerden bana hediye olarak puro getirdiklerinden sayelerinde gen\u00e7 ya\u015fta Cohiba i\u00e7mi\u015fli\u011fim de oldu, Romea y Julieta da (hayat\u0131mda bir tek kere bay\u0131ld\u0131m, oturdu\u011fum iskemleyle beraber s\u0131rt\u00fcst\u00fc kapaklanm\u0131\u015ft\u0131m yere Ankara&#8217;da, Kafe Anki&#8217;de, ba\u015f\u0131m kanam\u0131\u015ft\u0131, marifet diye s\u00f6ylemiyorum yani).<\/p>\n<p>Puro en g\u00fczel s\u00fctle gider, \u0131l\u0131k s\u00fct benim tercihimdir. \u00c7ok puro i\u00e7tik Bera&#8217;yla, sonra ben hi\u00e7bir \u015fey hat\u0131rlamaz oldum. Hep s\u00f6ylerim, ne zaman ki arkada\u015flar\u0131m bana benimle olan an\u0131lar\u0131n\u0131, yapt\u0131klar\u0131 i\u015fleri bir ba\u015fkas\u0131yla yapm\u0131\u015flarcas\u0131na anlatmaya ba\u015flad\u0131lar, i\u015fte o zaman durumun vehametini anlad\u0131m. <\/p>\n<p>99&#8217;da 5 y\u0131ll\u0131k yol arkada\u015f\u0131m puro&#8217;ya veda edip, daha hafif diye pipoya ba\u015flad\u0131m. Pipo da g\u00fczeldi \u015fimdi, hakk\u0131n\u0131 yemeyeyim ama puro olamad\u0131\u011f\u0131 i\u00e7indi bir yandan da. Pipoya puronun g\u00f6rg\u00fcs\u00fczl\u00fc\u011f\u00fcyle ge\u00e7i\u015f yapt\u0131\u011f\u0131mdan, harcad\u0131\u011f\u0131m pipolar\u0131n haddi hesab\u0131 yoktur. Pipoda Captain Black Gold t\u00fct\u00fcn\u00fcn\u00fc sevdim, Ankara&#8217;da Amerikan Pasaj\u0131&#8217;n\u0131n yan\u0131nda Lale Pasaj\u0131 vard\u0131r, alt kata inince Cengiz (Bey)&#8217;in d\u00fckkan\u0131, sa\u011folsun, \u00e7ok iyi adamd\u0131. Ama yine de illa ki patlak \u00e7\u0131kt\u0131\u011f\u0131 da \u00e7ok oluyordu (adi t\u00fct\u00fcn\u00fcn \u00fczerine viski d\u00f6kerler, ba\u015fka yok diye ci\u011feriniz yana yana i\u00e7ersiniz, mecbursunuz ya i\u00e7meye, doktor tavsiyesi fakyeh). Piponun da hayr\u0131n\u0131 g\u00f6rd\u00fcm.<\/p>\n<p>2006 y\u0131l\u0131nda, 2005\/2006 y\u0131lba\u015f\u0131nda pipoyu da b\u0131rakt\u0131m, Ece geliyordu neticede. Nargileyi \u00e7ok severim, ilk bizi G\u00f6rkem g\u00f6t\u00fcrm\u00fc\u015ft\u00fc \u00c7orlulu Ali Pa\u015fa Medresesine, sene 1995, ondan sonra m\u00fcdavimi olduk. Evde de vard\u0131 nargile ama uzun i\u015fti, olmuyordu T\u00f6mbeki&#8217;deki gibi.<\/p>\n","protected":false},"excerpt":{"rendered":"<p>&#8220;\u015eu g\u00fcnlerde i\u00e7kiye d\u00fc\u015ft\u00fcm, ondan m\u0131d\u0131r bilmem, Daha \u00e7ok seviyorum Cansever&#8217;i, Uyar&#8217;\u0131, Can Y\u00fccel&#8217;i&#8221; Cemal S\u00fcreya, &#8220;Oteller Hanlar Hamamlar i\u00e7in S\u00fcrekli \u015eiir&#8221;den detay. \u0130\u00e7kiyle aram oldum olas\u0131 pek olmad\u0131. Sosyal i\u00e7ici mi denir, hani \u00f6yle partilerde bir iki kadeh, hi\u00e7 \u00f6yle bir \u015fey beceremedim, \u015fi\u015feden i\u00e7tim, sarho\u015f olmadan b\u0131rakmad\u0131m \u00e7o\u011fu zaman. Bera&#8217;yla vermut i\u00e7erdik, ben &hellip; <a href=\"https:\/\/www.emresururi.com\/blogs\/sururi\/very-close-and-yes-cigar-ya-da-your-dog-days-are-over\/\" class=\"more-link\">Okumaya devam et<span class=\"screen-reader-text\"> &#8220;very close and yes cigar. ya da your dog days are over.&#8221;<\/span><\/a><\/p>\n","protected":false},"author":1,"featured_media":0,"parent":0,"menu_order":0,"comment_status":"open","ping_status":"open","template":"","meta":[],"_links":{"self":[{"href":"https:\/\/www.emresururi.com\/blogs\/sururi\/wp-json\/wp\/v2\/pages\/4424"}],"collection":[{"href":"https:\/\/www.emresururi.com\/blogs\/sururi\/wp-json\/wp\/v2\/pages"}],"about":[{"href":"https:\/\/www.emresururi.com\/blogs\/sururi\/wp-json\/wp\/v2\/types\/page"}],"author":[{"embeddable":true,"href":"https:\/\/www.emresururi.com\/blogs\/sururi\/wp-json\/wp\/v2\/users\/1"}],"replies":[{"embeddable":true,"href":"https:\/\/www.emresururi.com\/blogs\/sururi\/wp-json\/wp\/v2\/comments?post=4424"}],"version-history":[{"count":0,"href":"https:\/\/www.emresururi.com\/blogs\/sururi\/wp-json\/wp\/v2\/pages\/4424\/revisions"}],"wp:attachment":[{"href":"https:\/\/www.emresururi.com\/blogs\/sururi\/wp-json\/wp\/v2\/media?parent=4424"}],"curies":[{"name":"wp","href":"https:\/\/api.w.org\/{rel}","templated":true}]}}