{"id":4615,"date":"2011-03-13T01:23:34","date_gmt":"2011-03-13T01:23:34","guid":{"rendered":""},"modified":"-0001-11-30T00:00:00","modified_gmt":"-0001-11-29T21:00:00","slug":"8090birkiuc","status":"publish","type":"page","link":"https:\/\/www.emresururi.com\/blogs\/sururi\/8090birkiuc\/","title":{"rendered":"8090birki\u00fc\u00e7"},"content":{"rendered":"<p><em>\u00e7ok a\u011f\u0131rl\u0131kl\u0131 olarak <\/em>80lerden ve t\u00fcm\u00fcyle (bana g\u00f6re en az\u0131ndan) 80lere ait t\u0131n\u0131lardan, lay\u0131kiyetlerden (bunu ben uydurdum) m\u00fcrekkep el eme\u011fi, g\u00f6z nurum (mp3)8090birki\u00fc\u00e7 listem:<\/p>\n<table>\n<tr>\n<td>4 Non Blondes<\/td>\n<td>What&#8217;s Up?<\/td>\n<\/tr>\n<tr>\n<td>Abba<\/td>\n<td>Honey Honey<\/td>\n<\/tr>\n<tr>\n<td>Adam And The Ants<\/td>\n<td>Prince Charming<\/td>\n<\/tr>\n<tr>\n<td>Aerosmith<\/td>\n<td>Janie&#8217;s Got A Gun<\/td>\n<\/tr>\n<tr>\n<td>A-Ha<\/td>\n<td>Take On Me<\/td>\n<\/tr>\n<tr>\n<td>The Alan Parsons Project<\/td>\n<td>Eye In The Sky<\/td>\n<\/tr>\n<tr>\n<td>B52&#8217;s<\/td>\n<td>Love Shack<\/td>\n<\/tr>\n<tr>\n<td>Baltimore<\/td>\n<td>Tarzan boy<\/td>\n<\/tr>\n<tr>\n<td>Bananarama<\/td>\n<td>Cruel Summer<\/td>\n<\/tr>\n<tr>\n<td>Bananarama<\/td>\n<td>Venus<\/td>\n<\/tr>\n<tr>\n<td>Bangles<\/td>\n<td>Manic Monday<\/td>\n<\/tr>\n<tr>\n<td>Bangles<\/td>\n<td>Eternal Flame<\/td>\n<\/tr>\n<tr>\n<td>Bangles<\/td>\n<td>Walking Like An Egyptian<\/td>\n<\/tr>\n<tr>\n<td>Bay City Rollers<\/td>\n<td>Bye Bye Baby<\/td>\n<\/tr>\n<tr>\n<td>Beach Boys<\/td>\n<td>Woudn&#8217;t It Be Nice<\/td>\n<\/tr>\n<tr>\n<td>Bee Gees<\/td>\n<td>How Deep Is Your Love<\/td>\n<\/tr>\n<tr>\n<td>Belinda Carlisle<\/td>\n<td>Heaven is a place on earth<\/td>\n<\/tr>\n<tr>\n<td>The Belle Stars<\/td>\n<td>Iko Iko<\/td>\n<\/tr>\n<tr>\n<td>Billy Idol<\/td>\n<td>Hot in the city<\/td>\n<\/tr>\n<tr>\n<td>Billy Idol<\/td>\n<td>Dancing with Myself<\/td>\n<\/tr>\n<tr>\n<td>Billy Joel<\/td>\n<td>Uptown Girl<\/td>\n<\/tr>\n<tr>\n<td>Billy Joel<\/td>\n<td>The River Of Dreams<\/td>\n<\/tr>\n<tr>\n<td>Billy Ocean<\/td>\n<td>Get into my car<\/td>\n<\/tr>\n<tr>\n<td>Billy Ocean<\/td>\n<td>Loverboy<\/td>\n<\/tr>\n<tr>\n<td>Billy Ocean<\/td>\n<td>There&#8217;ll Be Sad Songs (To Make<\/td>\n<\/tr>\n<tr>\n<td>Black<\/td>\n<td>Wonderful Life<\/td>\n<\/tr>\n<tr>\n<td>Blondie<\/td>\n<td>The Tide Is High<\/td>\n<\/tr>\n<tr>\n<td>Bon Jovi<\/td>\n<td>Bad Medicine<\/td>\n<\/tr>\n<tr>\n<td>Bonnie Tyler<\/td>\n<td>I need a hero<\/td>\n<\/tr>\n<tr>\n<td>Bonnie Tyler<\/td>\n<td>Total Eclipse of the Heart<\/td>\n<\/tr>\n<tr>\n<td>Boston<\/td>\n<td>More Than A Feeling<\/td>\n<\/tr>\n<tr>\n<td>Boy George And Culture Club<\/td>\n<td>The Crying Game<\/td>\n<\/tr>\n<tr>\n<td>The Buggles<\/td>\n<td>Video Killed the Radio Star<\/td>\n<\/tr>\n<tr>\n<td>Carl Carlton<\/td>\n<td>Bu &#8211; Everlasting Love<\/td>\n<\/tr>\n<tr>\n<td>The Cars<\/td>\n<td>Drive<\/td>\n<\/tr>\n<tr>\n<td>Charles and Eddie<\/td>\n<td>Would I Lie to You<\/td>\n<\/tr>\n<tr>\n<td>Cher<\/td>\n<td>The Shoop Shoop Song (It&#8217;s in His Kiss)<\/td>\n<\/tr>\n<tr>\n<td>Cindy Lauper<\/td>\n<td>True Colors<\/td>\n<\/tr>\n<tr>\n<td>The Clash<\/td>\n<td>Should I Stay or Should I Go<\/td>\n<\/tr>\n<tr>\n<td>Climie Fisher<\/td>\n<td>Love changes (Everything)<\/td>\n<\/tr>\n<tr>\n<td>Crowded House<\/td>\n<td>Don&#8217;t Dream It&#8217;s Over<\/td>\n<\/tr>\n<tr>\n<td>Crowded House<\/td>\n<td>Weather with you<\/td>\n<\/tr>\n<tr>\n<td>Culture Club<\/td>\n<td>Do You Really Want To Hurt Me<\/td>\n<\/tr>\n<tr>\n<td>Cyndi Lauper<\/td>\n<td>Girls Just Want to Have Fun<\/td>\n<\/tr>\n<tr>\n<td>Daniella&#8217;s Daze<\/td>\n<td>100%Jesus<\/td>\n<\/tr>\n<tr>\n<td>Dave Brubeck<\/td>\n<td>Take Five (single)<\/td>\n<\/tr>\n<tr>\n<td>Depeche Mode<\/td>\n<td>Personal Jesus<\/td>\n<\/tr>\n<tr>\n<td>Dexy&#8217;s Midnight Runners<\/td>\n<td>Come On Eileen<\/td>\n<\/tr>\n<tr>\n<td>Diana Ross &amp; The Supremes<\/td>\n<td>Reflections<\/td>\n<\/tr>\n<tr>\n<td>Dire Straits<\/td>\n<td>Walk of life<\/td>\n<\/tr>\n<tr>\n<td>Duran Duran<\/td>\n<td>Come Undone<\/td>\n<\/tr>\n<tr>\n<td>Duran Duran<\/td>\n<td>A View To Kill<\/td>\n<\/tr>\n<tr>\n<td>Duran Duran<\/td>\n<td>The Wild Boys<\/td>\n<\/tr>\n<tr>\n<td>Duran Duran<\/td>\n<td>Notorius<\/td>\n<\/tr>\n<tr>\n<td>Echobelly<\/td>\n<td>Cold Feet Warm Heart<\/td>\n<\/tr>\n<tr>\n<td>Eddy Grant<\/td>\n<td>Gimme Hope Jo&#8217;anna<\/td>\n<\/tr>\n<tr>\n<td>Edwyn Collins<\/td>\n<td>A Girl Like You<\/td>\n<\/tr>\n<tr>\n<td>Elastica<\/td>\n<td>Annie<\/td>\n<\/tr>\n<tr>\n<td>Enya<\/td>\n<td>Orinoco Flow<\/td>\n<\/tr>\n<tr>\n<td>Erasure<\/td>\n<td>Always<\/td>\n<\/tr>\n<tr>\n<td>Fairground Attraction<\/td>\n<td>Perfect<\/td>\n<\/tr>\n<tr>\n<td>Fine Young Cannibals<\/td>\n<td>She Drives Me Crazy<\/td>\n<\/tr>\n<tr>\n<td>Fleetwood Mac<\/td>\n<td>Dreams<\/td>\n<\/tr>\n<tr>\n<td>Fleetwood Mac<\/td>\n<td>Peacekeeper<\/td>\n<\/tr>\n<tr>\n<td>Fools Garden<\/td>\n<td>Lemon Tree<\/td>\n<\/tr>\n<tr>\n<td>Foreigner<\/td>\n<td>Want to Know What Love Is<\/td>\n<\/tr>\n<tr>\n<td>Frankie Goes to Hollywood<\/td>\n<td>Relax<\/td>\n<\/tr>\n<tr>\n<td>Frankie Vallie<\/td>\n<td>Can&#8217;t Take My Eyes Off You<\/td>\n<\/tr>\n<tr>\n<td>Gabrielle<\/td>\n<td>Dreams<\/td>\n<\/tr>\n<tr>\n<td>Gazebo<\/td>\n<td>I Like Chopin<\/td>\n<\/tr>\n<tr>\n<td>Genesis<\/td>\n<td>That&#8217;s All<\/td>\n<\/tr>\n<tr>\n<td>Genesis<\/td>\n<td>Jesus He knows me<\/td>\n<\/tr>\n<tr>\n<td>Genesis<\/td>\n<td>Invisible touch<\/td>\n<\/tr>\n<tr>\n<td>Genesis<\/td>\n<td>Land of Confusion<\/td>\n<\/tr>\n<tr>\n<td>Genesis<\/td>\n<td>In Too Deep<\/td>\n<\/tr>\n<tr>\n<td>George Harrison<\/td>\n<td>Got my mind set on you<\/td>\n<\/tr>\n<tr>\n<td>George Michael<\/td>\n<td>Careless whisper<\/td>\n<\/tr>\n<tr>\n<td>George Michael<\/td>\n<td>Faith<\/td>\n<\/tr>\n<tr>\n<td>George Michael<\/td>\n<td>Faith<\/td>\n<\/tr>\n<tr>\n<td>Glenn Medeiros<\/td>\n<td>Nothing&#8217;s Gonna Change My Love for You<\/td>\n<\/tr>\n<tr>\n<td>Gloria Estefan<\/td>\n<td>Conga<\/td>\n<\/tr>\n<tr>\n<td>Green Day<\/td>\n<td>When I Come Around<\/td>\n<\/tr>\n<tr>\n<td>Heart<\/td>\n<td>Alone<\/td>\n<\/tr>\n<tr>\n<td>Heart<\/td>\n<td>Barracuda<\/td>\n<\/tr>\n<tr>\n<td>The Heights<\/td>\n<td>How Do You Talk to an Angel?<\/td>\n<\/tr>\n<tr>\n<td>Hunters and Collectors<\/td>\n<td>Throw your arms around me<\/td>\n<\/tr>\n<tr>\n<td>Irene Cara<\/td>\n<td>What a Feeling<\/td>\n<\/tr>\n<tr>\n<td>Irene Cara<\/td>\n<td>Fame<\/td>\n<\/tr>\n<tr>\n<td>The Jam<\/td>\n<td>Town Called Malice<\/td>\n<\/tr>\n<tr>\n<td>Jason Donovan<\/td>\n<td>Sealed With A Kiss<\/td>\n<\/tr>\n<tr>\n<td>Jem<\/td>\n<td>24<\/td>\n<\/tr>\n<tr>\n<td>Johnny Logan<\/td>\n<td>Hold Me Now<\/td>\n<\/tr>\n<tr>\n<td>John Waite<\/td>\n<td>Missing You<\/td>\n<\/tr>\n<tr>\n<td>Journey<\/td>\n<td>Don&#8217;t Stop Believin&#8217;<\/td>\n<\/tr>\n<tr>\n<td>Kajagoogoo<\/td>\n<td>Too Shy<\/td>\n<\/tr>\n<tr>\n<td>Kansas<\/td>\n<td>Dust In The Wind<\/td>\n<\/tr>\n<tr>\n<td>Katrina &amp; The Waves<\/td>\n<td>Walking On Sunshine<\/td>\n<\/tr>\n<tr>\n<td>Kc &amp; The Sunshine Band<\/td>\n<td>That&#8217;s The Way I Like It<\/td>\n<\/tr>\n<tr>\n<td>Kenny Loggins<\/td>\n<td>Footloose<\/td>\n<\/tr>\n<tr>\n<td>The Knack<\/td>\n<td>My Sharona<\/td>\n<\/tr>\n<tr>\n<td>Kool And The Gang<\/td>\n<td>Cherish<\/td>\n<\/tr>\n<tr>\n<td>Kool &amp; the Gang<\/td>\n<td>She&#8217;s Fresh<\/td>\n<\/tr>\n<tr>\n<td>Kris Kross<\/td>\n<td>Jump<\/td>\n<\/tr>\n<tr>\n<td>Laura Branigan<\/td>\n<td>Self Control<\/td>\n<\/tr>\n<tr>\n<td>Lee Garrett<\/td>\n<td>You&#8217;re My Everything<\/td>\n<\/tr>\n<tr>\n<td>Limahl<\/td>\n<td>Never Ending Story<\/td>\n<\/tr>\n<tr>\n<td>Linda Ronstadt<\/td>\n<td>All My Life<\/td>\n<\/tr>\n<tr>\n<td>Lionel Richie<\/td>\n<td>Hello<\/td>\n<\/tr>\n<tr>\n<td>Lipps Inc<\/td>\n<td>Funky Town<\/td>\n<\/tr>\n<tr>\n<td>Madness<\/td>\n<td>Our House<\/td>\n<\/tr>\n<tr>\n<td>Madonna<\/td>\n<td>Cherish<\/td>\n<\/tr>\n<tr>\n<td>Madonna<\/td>\n<td>Like A Virgin<\/td>\n<\/tr>\n<tr>\n<td>Madonna<\/td>\n<td>Material Girl<\/td>\n<\/tr>\n<tr>\n<td>Madonna<\/td>\n<td>Open Your Heart<\/td>\n<\/tr>\n<tr>\n<td>Marc Almond &amp; Gene Pitney<\/td>\n<td>Somethings Gotten Hold of my Heart<\/td>\n<\/tr>\n<tr>\n<td>Martika<\/td>\n<td>Love Thy Will Be Done<\/td>\n<\/tr>\n<tr>\n<td>Martika<\/td>\n<td>Toy Soldiers<\/td>\n<\/tr>\n<tr>\n<td>Mc Hammer<\/td>\n<td>Addams Groove<\/td>\n<\/tr>\n<tr>\n<td>MC Hammer<\/td>\n<td>U Can&#8217;t Touch This<\/td>\n<\/tr>\n<tr>\n<td>Men At Work<\/td>\n<td>Who Can It Be Now<\/td>\n<\/tr>\n<tr>\n<td>Michael Jackson<\/td>\n<td>The way you make me feel<\/td>\n<\/tr>\n<tr>\n<td>Michael Jackson<\/td>\n<td>Michael Jackson &#8211; Smooth Criminal<\/td>\n<\/tr>\n<tr>\n<td>Michael Sembello<\/td>\n<td>Maniac<\/td>\n<\/tr>\n<tr>\n<td>Midnight Oil<\/td>\n<td>Beds Are Burning<\/td>\n<\/tr>\n<tr>\n<td>Mike Oldfield<\/td>\n<td>Moonlight Shadow<\/td>\n<\/tr>\n<tr>\n<td>Minnie Riperton<\/td>\n<td>Loving You<\/td>\n<\/tr>\n<tr>\n<td>Modern Talking<\/td>\n<td>Brother Louie<\/td>\n<\/tr>\n<tr>\n<td>Natalie Cole<\/td>\n<td>Pink Cadillac (Club Vocal)<\/td>\n<\/tr>\n<tr>\n<td>Nena<\/td>\n<td>99 Luftballons<\/td>\n<\/tr>\n<tr>\n<td>Nik Kershaw<\/td>\n<td>I won&#8217;t let the sun go down on me<\/td>\n<\/tr>\n<tr>\n<td>Nik Kershaw<\/td>\n<td>The Riddle<\/td>\n<\/tr>\n<tr>\n<td>Nik Kershaw<\/td>\n<td>Wouldn&#8217;t it be Good<\/td>\n<\/tr>\n<tr>\n<td>No Doubt<\/td>\n<td>In My Head<\/td>\n<\/tr>\n<tr>\n<td>Olivia Newton<\/td>\n<td>Hopelessly Devoted to You<\/td>\n<\/tr>\n<tr>\n<td>Pat Benetar<\/td>\n<td>Hit Me with Your Best Shot<\/td>\n<\/tr>\n<tr>\n<td>Patrick Swayze<\/td>\n<td>I&#8217;ve Had The Time Of My Life<\/td>\n<\/tr>\n<tr>\n<td>Paula Abdul<\/td>\n<td>Straight Up<\/td>\n<\/tr>\n<tr>\n<td>Paul Simon<\/td>\n<td>You Can Call Me Al<\/td>\n<\/tr>\n<tr>\n<td>Paul Young<\/td>\n<td>Everytime You Go Away<\/td>\n<\/tr>\n<tr>\n<td>Paul Young<\/td>\n<td>Don&#8217;t Dream It&#8217;s Over<\/td>\n<\/tr>\n<tr>\n<td>Peter Cetera<\/td>\n<td>Glory of love<\/td>\n<\/tr>\n<tr>\n<td>Pet Shop Boys<\/td>\n<td>What Have I done to deserve this?<\/td>\n<\/tr>\n<tr>\n<td>Pet Shop Boys<\/td>\n<td>Always On My Mind<\/td>\n<\/tr>\n<tr>\n<td>Phil Collins<\/td>\n<td>A Groovy Kind Of Love<\/td>\n<\/tr>\n<tr>\n<td>Phil Collins<\/td>\n<td>You Can&#8217;t Hurry Love<\/td>\n<\/tr>\n<tr>\n<td>The Pointer Sisters<\/td>\n<td>Jump (For My Love)<\/td>\n<\/tr>\n<tr>\n<td>The Police<\/td>\n<td>Every Breath You Take<\/td>\n<\/tr>\n<tr>\n<td>Pretenders<\/td>\n<td>Don&#8217;t Get Me Wrong<\/td>\n<\/tr>\n<tr>\n<td>Pulp<\/td>\n<td>Common People<\/td>\n<\/tr>\n<tr>\n<td>Queen<\/td>\n<td>Sheer Heart Attack<\/td>\n<\/tr>\n<tr>\n<td>Richard Marx<\/td>\n<td>Right Here Waiting<\/td>\n<\/tr>\n<tr>\n<td>Rick Astley<\/td>\n<td>Never Gonna Give You Up<\/td>\n<\/tr>\n<tr>\n<td>Rick Astley<\/td>\n<td>Whenever you need somebody<\/td>\n<\/tr>\n<tr>\n<td>Rick Astley<\/td>\n<td>My Arms Keep Missing You<\/td>\n<\/tr>\n<tr>\n<td>The Righteous Brothers<\/td>\n<td>You&#8217;ve Lost That Loving Feeling<\/td>\n<\/tr>\n<tr>\n<td>Roberta Flack<\/td>\n<td>Killing me softly with his song<\/td>\n<\/tr>\n<tr>\n<td>Robert Palmer<\/td>\n<td>Johnny and Mary<\/td>\n<\/tr>\n<tr>\n<td>The Rolling Stones<\/td>\n<td>Start Me Up<\/td>\n<\/tr>\n<tr>\n<td>Roxette<\/td>\n<td>It Must Have Been Love<\/td>\n<\/tr>\n<tr>\n<td>Roxette<\/td>\n<td>Listen to your heart<\/td>\n<\/tr>\n<tr>\n<td>Roxette<\/td>\n<td>She&#8217;s got the Look<\/td>\n<\/tr>\n<tr>\n<td>Sade<\/td>\n<td>Smooth Operator<\/td>\n<\/tr>\n<tr>\n<td>Sam Brown<\/td>\n<td>Stop<\/td>\n<\/tr>\n<tr>\n<td>Sandra<\/td>\n<td>In The Heat Of The Night<\/td>\n<\/tr>\n<tr>\n<td>Sandra<\/td>\n<td>Maria Magdalena<\/td>\n<\/tr>\n<tr>\n<td>Sandra Kim<\/td>\n<td>J&#8217;aime La Vie<\/td>\n<\/tr>\n<tr>\n<td>Seal<\/td>\n<td>Crazy<\/td>\n<\/tr>\n<tr>\n<td>Shane MacGowan &amp; Sin\u00e9ad O&#8217;Connor<\/td>\n<td>Haunted<\/td>\n<\/tr>\n<tr>\n<td>Shania Twain<\/td>\n<td>Youre Still The One<\/td>\n<\/tr>\n<tr>\n<td>Sheena Easton<\/td>\n<td>Morning Train (Nine To Five)<\/td>\n<\/tr>\n<tr>\n<td>Simple Minds<\/td>\n<td>Don&#8217;t You (Forget About Me)<\/td>\n<\/tr>\n<tr>\n<td>Sinead O&#8217;Connor<\/td>\n<td>Nothing Compares 2 U<\/td>\n<\/tr>\n<tr>\n<td>Sixpence None The Richer<\/td>\n<td>There She Goes<\/td>\n<\/tr>\n<tr>\n<td>Skunk Anansie<\/td>\n<td>Twisted (Everyday Hurts)<\/td>\n<\/tr>\n<tr>\n<td>The Smiths<\/td>\n<td>Girlfriend in a Coma<\/td>\n<\/tr>\n<tr>\n<td>The Smiths<\/td>\n<td>There Is A Light That Never Goes Out<\/td>\n<\/tr>\n<tr>\n<td>Snow<\/td>\n<td>Informer<\/td>\n<\/tr>\n<tr>\n<td>Soft Cell<\/td>\n<td>Tainted Love<\/td>\n<\/tr>\n<tr>\n<td>Soul II Soul<\/td>\n<td>Back to Life<\/td>\n<\/tr>\n<tr>\n<td>Space<\/td>\n<td>Me &amp; You Vs The World<\/td>\n<\/tr>\n<tr>\n<td>SPAGNA<\/td>\n<td>Call Me<\/td>\n<\/tr>\n<tr>\n<td>Spandauballet<\/td>\n<td>True<\/td>\n<\/tr>\n<tr>\n<td>Spin Doctors<\/td>\n<td>Two princes<\/td>\n<\/tr>\n<tr>\n<td>Status Quo<\/td>\n<td>In The Army Now<\/td>\n<\/tr>\n<tr>\n<td>Steve Winwood<\/td>\n<td>Valerie<\/td>\n<\/tr>\n<tr>\n<td>Stevie Wonder<\/td>\n<td>I Just Called to Say I love You<\/td>\n<\/tr>\n<tr>\n<td>Stevie Wonder<\/td>\n<td>Part time lover<\/td>\n<\/tr>\n<tr>\n<td>Stevie Wonder<\/td>\n<td>I Believe (When I Fall in Love)<\/td>\n<\/tr>\n<tr>\n<td>Styx<\/td>\n<td>Mr. Roboto<\/td>\n<\/tr>\n<tr>\n<td>Supertramp<\/td>\n<td>Give A Little Bit<\/td>\n<\/tr>\n<tr>\n<td>The Supremes<\/td>\n<td>Baby Love<\/td>\n<\/tr>\n<tr>\n<td>Survivor<\/td>\n<td>Eye Of the Tiger<\/td>\n<\/tr>\n<tr>\n<td>Talking Heads<\/td>\n<td>Psycho Killer<\/td>\n<\/tr>\n<tr>\n<td>Talking Heads<\/td>\n<td>Wild, Wild Life<\/td>\n<\/tr>\n<tr>\n<td>Tammy Wynette<\/td>\n<td>Stand By Your Man<\/td>\n<\/tr>\n<tr>\n<td>Tanita Tikaram<\/td>\n<td>Twist in my Sobriety<\/td>\n<\/tr>\n<tr>\n<td>Tasmin Archer<\/td>\n<td>Sleeping Satellite<\/td>\n<\/tr>\n<tr>\n<td>Taylor Dayne<\/td>\n<td>Tell it to my heart<\/td>\n<\/tr>\n<tr>\n<td>Tears For Fears<\/td>\n<td>Everybody Wants to Rule the World<\/td>\n<\/tr>\n<tr>\n<td>Tears For Fears<\/td>\n<td>Shout<\/td>\n<\/tr>\n<tr>\n<td>Terence Trent D&#8217;Arby<\/td>\n<td>Wishing Well<\/td>\n<\/tr>\n<tr>\n<td>Terrance Trent D&#8217;Arby<\/td>\n<td>Sign you name<\/td>\n<\/tr>\n<tr>\n<td>The Vapors<\/td>\n<td>Turning Japanese<\/td>\n<\/tr>\n<tr>\n<td>Tiffany<\/td>\n<td>Think We&#8217;re Alone Now<\/td>\n<\/tr>\n<tr>\n<td>Tina Turner<\/td>\n<td>What&#8217;s Love Got To Do With It<\/td>\n<\/tr>\n<tr>\n<td>Tina Turner<\/td>\n<td>Proud Mary<\/td>\n<\/tr>\n<tr>\n<td>Toto<\/td>\n<td>Rosana<\/td>\n<\/tr>\n<tr>\n<td>Toto<\/td>\n<td>Africa<\/td>\n<\/tr>\n<tr>\n<td>T&#8217;pau<\/td>\n<td>China In Yor Hand<\/td>\n<\/tr>\n<tr>\n<td>Tracey Ullman<\/td>\n<td>Breakaway<\/td>\n<\/tr>\n<tr>\n<td>Tracy Chapman<\/td>\n<td>Crossroads<\/td>\n<\/tr>\n<tr>\n<td>UB40<\/td>\n<td>Can&#8217;t Help Falling in Love with You<\/td>\n<\/tr>\n<tr>\n<td>Vanilla Ice<\/td>\n<td>Ice Ice Baby<\/td>\n<\/tr>\n<tr>\n<td>V\u00e4rttin\u00e4<\/td>\n<td>Tuulilta tuleva<\/td>\n<\/tr>\n<tr>\n<td>Vonda Shepard<\/td>\n<td>Searchin&#8217; My Soul<\/td>\n<\/tr>\n<tr>\n<td>Wet Wet Wet<\/td>\n<td>Love Is All Around<\/td>\n<\/tr>\n<tr>\n<td>Wham!<\/td>\n<td>Wake Me Up Before You Go Go<\/td>\n<\/tr>\n<tr>\n<td>Wham!<\/td>\n<td>Last Christmas<\/td>\n<\/tr>\n<tr>\n<td>Whitney Houston<\/td>\n<td>I Wanna Dance With Somebody<\/td>\n<\/tr>\n<tr>\n<td>Yazoo<\/td>\n<td>Nobody&#8217;s Diary<\/td>\n<\/tr>\n<tr>\n<td>Yazoo<\/td>\n<td>Only You<\/td>\n<\/tr>\n<tr>\n<td>Yes<\/td>\n<td>Owner Of A Lonely Heart<\/td>\n<\/tr>\n<\/table>\n","protected":false},"excerpt":{"rendered":"<p>\u00e7ok a\u011f\u0131rl\u0131kl\u0131 olarak 80lerden ve t\u00fcm\u00fcyle (bana g\u00f6re en az\u0131ndan) 80lere ait t\u0131n\u0131lardan, lay\u0131kiyetlerden (bunu ben uydurdum) m\u00fcrekkep el eme\u011fi, g\u00f6z nurum (mp3)8090birki\u00fc\u00e7 listem: 4 Non Blondes What&#8217;s Up? Abba Honey Honey Adam And The Ants Prince Charming Aerosmith Janie&#8217;s Got A Gun A-Ha Take On Me The Alan Parsons Project Eye In The Sky &hellip; <a href=\"https:\/\/www.emresururi.com\/blogs\/sururi\/8090birkiuc\/\" class=\"more-link\">Okumaya devam et<span class=\"screen-reader-text\"> &#8220;8090birki\u00fc\u00e7&#8221;<\/span><\/a><\/p>\n","protected":false},"author":1,"featured_media":0,"parent":0,"menu_order":0,"comment_status":"open","ping_status":"open","template":"","meta":[],"_links":{"self":[{"href":"https:\/\/www.emresururi.com\/blogs\/sururi\/wp-json\/wp\/v2\/pages\/4615"}],"collection":[{"href":"https:\/\/www.emresururi.com\/blogs\/sururi\/wp-json\/wp\/v2\/pages"}],"about":[{"href":"https:\/\/www.emresururi.com\/blogs\/sururi\/wp-json\/wp\/v2\/types\/page"}],"author":[{"embeddable":true,"href":"https:\/\/www.emresururi.com\/blogs\/sururi\/wp-json\/wp\/v2\/users\/1"}],"replies":[{"embeddable":true,"href":"https:\/\/www.emresururi.com\/blogs\/sururi\/wp-json\/wp\/v2\/comments?post=4615"}],"version-history":[{"count":0,"href":"https:\/\/www.emresururi.com\/blogs\/sururi\/wp-json\/wp\/v2\/pages\/4615\/revisions"}],"wp:attachment":[{"href":"https:\/\/www.emresururi.com\/blogs\/sururi\/wp-json\/wp\/v2\/media?parent=4615"}],"curies":[{"name":"wp","href":"https:\/\/api.w.org\/{rel}","templated":true}]}}