{"id":5632,"date":"2013-07-03T16:01:54","date_gmt":"2013-07-03T16:01:54","guid":{"rendered":""},"modified":"-0001-11-30T00:00:00","modified_gmt":"-0001-11-29T21:00:00","slug":"bazen","status":"publish","type":"page","link":"https:\/\/www.emresururi.com\/blogs\/sururi\/bazen\/","title":{"rendered":"Bazen."},"content":{"rendered":"<p>(politik bir yaz\u0131)<\/p>\n<p>Bilim-kurgunun kurgusu bazen insan\u0131 epey karamsarla\u015ft\u0131r\u0131r. \u0130deal bir d&uuml;nya d&uuml;\u015flersiniz, sonra bir s&uuml;r&uuml; delikler fark edersiniz gerdi\u011finiz &ccedil;ar\u015fafta (genel g&ouml;relilik g&uuml;me gitti, bowling toplar\u0131 &ccedil;uhay\u0131 deldi). Benim bunlar\u0131 yazmaya debelendi\u011fim \u015fu s\u0131ralarda M\u0131s\u0131r&#8217;da hayli kritik geli\u015fmeler oluyor. Halk g&uuml;nlerdir sokakta, devlet ba\u015fkan\u0131 &quot;\u0131l\u0131ml\u0131 islamc\u0131&quot; Mursi&#8217;nin gitmesini istiyor. \u0130ki g&uuml;n &ouml;nce ordu ultimatom verdi, 1.5 saat sonra tan\u0131nan m&uuml;hlet doluyor, az evvel haberlere bakarken, devlet televizyonunun kontrol&uuml;n&uuml; de ald\u0131\u011f\u0131n\u0131 okudum (kullanmayacaksa niye als\u0131n, evde dolu var). Olaylarda \u015fimdiden 20 ki\u015fi &ouml;ld&uuml;, Mursi&#8217;nin ba\u011fl\u0131 oldu\u011fu &quot;M&uuml;sl&uuml;man Karde\u015fler&quot;, &quot;kanlar\u0131n\u0131n son damlas\u0131na kadar Mursi&#8217;yi savunacaklar\u0131n\u0131&quot; beyan ediyorlar.<\/p>\n<p>&Ccedil;&ouml;z&uuml;m nedir? Mursi hemen \u015fu dakika &quot;tamam, istifa ediyorum!&quot; dese ne olacak? <a href=\"http:\/\/www.nytimes.com\/2013\/07\/03\/opinion\/in-egypt-democrats-vs-liberals.html\">NY Times&#8217;da &ccedil;\u0131kan bir inceleme yaz\u0131s\u0131nda<\/a>&nbsp;\u015f&ouml;yle bir yorum var:<\/p>\n<div style=\"background-color:#DBCA8C;border: solid 1px #663300;\ttext-align: justify;\">\nM\u0131s\u0131r&#8217;\u0131n ikilemi: siyaset liberal olmayan demokratlarla, demokrat olmayan liberaller taraf\u0131ndan y&ouml;netiliyor. (&#8230;) Adil (hilesiz) se&ccedil;imler Karde\u015fli\u011fin se&ccedil;im h&uuml;nerlerine katk\u0131da bulundu. Ama grup ne &ccedil;o\u011fulculu\u011fa ne de az\u0131nl\u0131k haklar\u0131na kendini adam\u0131\u015f de\u011fil. Demokrasiye kat\u0131l\u0131yor, ama g&uuml;c&uuml;n&uuml; payla\u015fmak istemiyor.<\/p>\n<p>&Ouml;te yandan, muhalefetin &ouml;nemli bir k\u0131sm\u0131, az\u0131nl\u0131k haklar\u0131na, ki\u015fisel &ouml;zg&uuml;rl&uuml;klere, sivil haklara g&ouml;n&uuml;lden inan\u0131yor ve se&ccedil;imle olu\u015fturulacak koalisyonlar\u0131 destekliyor &#8212; islamc\u0131lar\u0131n iktidara gelmesini &ouml;nledi\u011fi m&uuml;ddet&ccedil;e.<\/p>\n<p><a href=\"http:\/\/www.nytimes.com\/2013\/07\/03\/opinion\/in-egypt-democrats-vs-liberals.html\">&quot;In Egypt, Democrats vs. Liberals&quot;<\/a><br \/>\nSAMER S. SHEHATA &#8211; The New York Times, 7\/3\/2013<br type=\"_moz\" \/><br \/>\n<br \/>\n&nbsp;<\/div>\n<p>Hayat, ille de -ama mant\u0131kl\u0131, mant\u0131ks\u0131z- bir &ccedil;&ouml;z&uuml;m&uuml; olan bir adventure oyunu de\u011fil (&ouml;\u011frendim, &ouml;\u011frendim). Mursi, diyorduk, &quot;tamam, istifa ediyorum!&quot; dese ne olacak? 6 y\u0131l &ouml;nceye, 1997&#8217;ye geri sar\u0131n, a\u011f\u0131r &ccedil;ekimde oynat\u0131n, bak\u0131n ne oluyor. &Ccedil;&ouml;z&uuml;m ne bilmiyorum. Asker muht\u0131ra vermeseydi, toplanan kalabal\u0131klar Mursi&#8217;nin hi&ccedil; umrunda olmazd\u0131, &ouml;yle tahmin ediyorum (M\u0131s\u0131r polisi destanlar yazard\u0131 belki &#8211; ger&ccedil;i polis de tavr\u0131n\u0131 protestoculardan yana koymu\u015f, hatta d\u0131\u015f i\u015fleri ve i&ccedil; i\u015fleri de \/ i\u015fler biraz de\u011fi\u015fik yani). Mursi istifa etmesin, demokrasiyi hep kendine yontmas\u0131n, demokrasiyi &quot;&ccedil;o\u011funlu\u011fu elinde tutan\u0131n &ouml;tt&uuml;rd&uuml;\u011f&uuml; d&uuml;d&uuml;k&quot; olarak g&ouml;rmesin, bir \u015fey yaparken herkesin g&ouml;r&uuml;\u015f&uuml;n&uuml; als\u0131n, ona g&ouml;re davrans\u0131n, hayat bayram olsun&#8230; &ouml;yle olsa zaten bu noktaya gelinmeyecekti.<\/p>\n<p>Hi&ccedil; g&uuml;zel g&uuml;nler g&ouml;rmeyece\u011fiz (&ccedil;ocuklar), ya\u015fam ba\u015fka yerde de de\u011fil. En az\u0131ndan insan\u0131n oldu\u011fu bir yerde de\u011fil. Halbuki 2012&#8217;de k\u0131yamet kopsayd\u0131, Aztek takvimi vs., \u015fimdi bunlarla u\u011fra\u015f\u0131yor olmayacakt\u0131k. Yine de hala uzayl\u0131lardan umutluyum, onlar kurtaracak bizi (en son ne zaman bir kar\u0131ncay\u0131 al\u0131p 1 kilo \u015feker tepesinin &uuml;zerine b\u0131rakt\u0131n\u0131z?).<\/p>\n<p>&Ouml;dev: Ka\u011f\u0131t kalem al\u0131n\u0131z \/ yaz\u0131 program\u0131n\u0131z\u0131 a&ccedil;\u0131n\u0131z, \u015fu andan ba\u015flay\u0131p, t&uuml;m sorunlar\u0131n giderildi\u011fi bir hikaye kurgulay\u0131n\u0131z. Nas\u0131l olacak? (<a href=\"index.php?msg=4722\">Rapture<\/a> kullanmak yasak &#8212; kimse bir anda bir yerlere \u0131\u015f\u0131nlanm\u0131yor).<\/p>\n<p>Latinlerin &quot;lex talionis&quot;, \u0130ngilizlerin &quot;eye for an eye&quot; dedi\u011fi, bizim de &quot;sana yap\u0131lmas\u0131n\u0131 istemedi\u011fin \u015feyi ba\u015fkalar\u0131na yapma&quot; &nbsp;anlay\u0131\u015f\u0131n\u0131n neticesi (corollary) olan &quot;k\u0131sasa k\u0131sas&quot; dedi\u011fimiz bir uygulama var: sistemdeki tersinme (inversion) simetrilerini gideriyor. Nurnberg&#8217;de bol bol kullan\u0131ld\u0131 &quot;senin ba\u015fkalar\u0131n\u0131n ya\u015fama hakk\u0131na sayg\u0131n olmad\u0131\u011f\u0131 i&ccedil;in, biz de senin ya\u015fama hakk\u0131na sayg\u0131 g&ouml;stermeyece\u011fiz&quot; \u015feklinde c&uuml;mle i&ccedil;inde. Daha yumu\u015fa\u011f\u0131 &quot;demokrasiye sayg\u0131n olmad\u0131\u011f\u0131 i&ccedil;in sana demokraside yer vermeyece\u011fiz&quot; oluyor. &Ccedil;ok da kat\u0131ld\u0131\u011f\u0131m bir s&ouml;ylem oldu\u011fu s&ouml;ylenemez (s&uuml;rpriz, s&uuml;rpriz), &ccedil;&uuml;nk&uuml; benim u&ccedil; &ccedil;\u0131kar\u0131mlar\u0131m buradan &quot;bar\u0131\u015f i&ccedil;in sava\u015f&quot;a kadar yol al\u0131yor, halbuki son yar\u0131m saattir aray\u0131p da bulamad\u0131\u011f\u0131m bir blog giri\u015finde bir ihtimal demi\u015f olabilece\u011fim gibi (Neil Postman&#8217;dan esinle): bir zamanlar bir kabile varm\u0131\u015f, i\u015fgalciler geliyor, diyorlar ki &quot;ya X yapars\u0131n\u0131z (X k&ouml;t&uuml; bir \u015fey), ya da hepinizi &ouml;ld&uuml;r&uuml;r&uuml;z&quot;, onlar da yok olup gidiyorlar. [Sonradan not &#8211; buldum o yaz\u0131y\u0131, aynen &ouml;zetledi\u011fim gibiymi\u015f:<\/p>\n<div style=\"background-color:#DBCA8C;border: solid 1px #663300;\ttext-align: justify;\">\nAhkam: Hi&ccedil;bir (canl\u0131?) sistem evrim ge&ccedil;irmeden, adapte olmadan, de\u011fi\u015fmeden varl\u0131\u011f\u0131n\u0131 s&uuml;rd&uuml;remez. Bir zamanlar bir kavim varm\u0131\u015f, kimseye zararlar\u0131 yokmu\u015f; iyilik, bar\u0131\u015f ve bilgelik i&ccedil;inde ya\u015fay\u0131p giderlermi\u015f. Bir g&uuml;n buraya istilac\u0131 bir ba\u015fka kavim gelmi\u015f, say\u0131ca &ccedil;ok daha azlarm\u0131\u015f ama &ccedil;ok vah\u015filermi\u015f. Bar\u0131\u015f&ccedil;\u0131l kavime, &quot;ya bize kat\u0131l\u0131n, ya sizi yok edelim&quot; demi\u015fler, bar\u0131\u015f&ccedil;\u0131 kavim onlara kat\u0131lmayacaklar\u0131n\u0131 s&ouml;yleyince de kad\u0131n, erkek, &ccedil;oluk, &ccedil;ocuk hepsini k\u0131l\u0131&ccedil;tan ge&ccedil;irmi\u015f, bar\u0131\u015f&ccedil;\u0131 kavimden geriye hi&ccedil;bir iz b\u0131rakmam\u0131\u015flar. <\/p>\n<p>Ya da \u015f&ouml;yle bir hikaye anlatabilirdim: vah\u015filer bar\u0131\u015f&ccedil;\u0131 kavmi yemeye ba\u015flam\u0131\u015flar, yedikleri her bir birey yiyeni kendisine &ccedil;evirmi\u015f, bar\u0131\u015f&ccedil;\u0131 kavim yok olmam\u0131\u015f, bilakis kendisine sald\u0131ran\u0131 asimile etmi\u015f (resistence is futile), k&ouml;r g&ouml;ze parmak bu sembolizmde, i\u015fte iyili\u011fin eninde sonunda uzun vadede k&ouml;t&uuml;ye bask\u0131n gelece\u011fi, vs&#8230; Ama istatistiklere bak\u0131ld\u0131\u011f\u0131nda, neyin ne oldu\u011fu ortada.<\/p>\n<p><a href=\"index.php?msg=5311\">Yours Truly,&nbsp;<br \/>\n<\/a><\/p>\n<div><a href=\"index.php?msg=5311\">Ho\u015fnutsuzlu\u011fumuzun K\u0131\u015f\u0131 ve &#8230;<\/a><\/div>\n<div><a href=\"index.php?msg=5311\">19 \u015eubat 2012 Pazar, 22:21<\/a><\/div>\n<\/div>\n<p><br type=\"_moz\" \/><br \/><\/p>\n","protected":false},"excerpt":{"rendered":"<p>(politik bir yaz\u0131) Bilim-kurgunun kurgusu bazen insan\u0131 epey karamsarla\u015ft\u0131r\u0131r. \u0130deal bir d&uuml;nya d&uuml;\u015flersiniz, sonra bir s&uuml;r&uuml; delikler fark edersiniz gerdi\u011finiz &ccedil;ar\u015fafta (genel g&ouml;relilik g&uuml;me gitti, bowling toplar\u0131 &ccedil;uhay\u0131 deldi). Benim bunlar\u0131 yazmaya debelendi\u011fim \u015fu s\u0131ralarda M\u0131s\u0131r&#8217;da hayli kritik geli\u015fmeler oluyor. Halk g&uuml;nlerdir sokakta, devlet ba\u015fkan\u0131 &quot;\u0131l\u0131ml\u0131 islamc\u0131&quot; Mursi&#8217;nin gitmesini istiyor. \u0130ki g&uuml;n &ouml;nce ordu ultimatom &hellip; <a href=\"https:\/\/www.emresururi.com\/blogs\/sururi\/bazen\/\" class=\"more-link\">Okumaya devam et<span class=\"screen-reader-text\"> &#8220;Bazen.&#8221;<\/span><\/a><\/p>\n","protected":false},"author":1,"featured_media":0,"parent":0,"menu_order":0,"comment_status":"open","ping_status":"open","template":"","meta":[],"_links":{"self":[{"href":"https:\/\/www.emresururi.com\/blogs\/sururi\/wp-json\/wp\/v2\/pages\/5632"}],"collection":[{"href":"https:\/\/www.emresururi.com\/blogs\/sururi\/wp-json\/wp\/v2\/pages"}],"about":[{"href":"https:\/\/www.emresururi.com\/blogs\/sururi\/wp-json\/wp\/v2\/types\/page"}],"author":[{"embeddable":true,"href":"https:\/\/www.emresururi.com\/blogs\/sururi\/wp-json\/wp\/v2\/users\/1"}],"replies":[{"embeddable":true,"href":"https:\/\/www.emresururi.com\/blogs\/sururi\/wp-json\/wp\/v2\/comments?post=5632"}],"version-history":[{"count":0,"href":"https:\/\/www.emresururi.com\/blogs\/sururi\/wp-json\/wp\/v2\/pages\/5632\/revisions"}],"wp:attachment":[{"href":"https:\/\/www.emresururi.com\/blogs\/sururi\/wp-json\/wp\/v2\/media?parent=5632"}],"curies":[{"name":"wp","href":"https:\/\/api.w.org\/{rel}","templated":true}]}}