{"id":5873,"date":"2014-12-12T10:28:36","date_gmt":"2014-12-12T10:28:36","guid":{"rendered":""},"modified":"-0001-11-30T00:00:00","modified_gmt":"-0001-11-29T21:00:00","slug":"hatirlayamadigim-bilmedigim-seyler","status":"publish","type":"page","link":"https:\/\/www.emresururi.com\/blogs\/sururi\/hatirlayamadigim-bilmedigim-seyler\/","title":{"rendered":"hat\u0131rlayamad\u0131\u011f\u0131m, bilmedi\u011fim \u015feyler&#8230;"},"content":{"rendered":"<ul><\/p>\n<li>EHU&#8217;deki organik kimyac\u0131, Getxo&#8217;dan gelen misafir Alman<\/li>\n<p><\/p>\n<li>Belle &amp; Sebastian&#8217;a benzeyen, bir k\u0131\u015f evinde ge&ccedil;en klip<\/li>\n<p><\/p>\n<li>Siyah beyaz, hullabaloo program\u0131na benzer, k\u0131zlar\u0131n ellerinde yar\u0131 otomatik silahlarla dans etti\u011fi anti-karizmatik grubun klibi<br \/>\n<table class=\"moz-email-headers-table\" border=\"0\" cellpadding=\"0\" cellspacing=\"0\">\n<tr>\n                Subject:<\/p>\n<td>Help needed about a band!<\/td>\n<\/tr>\n<tr>\n                Date:<\/p>\n<td>Sat, 12 Mar 2011 21:36:34 +0100<\/td>\n<\/tr>\n<tr>\n                From:<\/p>\n<td>Emre S. Tasci &lt;emre.tasci@ehu.es&gt;<\/td>\n<\/tr>\n<tr>\n                To:<\/p>\n<td>adams@sabanciuniv.edu<\/td>\n<\/tr>\n<\/table>\n<pre>\nHi Adam,\n\nI hope everything is going well in Istanbul. After suffering from an  \nobsession for the last 8 months, it suddenly occurred to me that you  \nmight be able to relieve me from this torture of  \nidentifying\/recovering a band from the 60s (late 60s, maybe early 70s)  \nfrom the description of their video clip (or session shot).\n\nI'm stuck with this band from (I guess) 70s which I remember\nhaving a name of a guy and his band (like &quot;The Spencer Davis Group&quot; or\n&quot;Dave Matthews Band&quot; or maybe &quot;Derek and the Dominos&quot; like). Can't  \nremember their hit song but it had a catchy chorus (like &quot;gimme some  \nlovin'&quot;) and the music video was shot in a decor\/set as if they were  \nin front of a house, playing in the street and there were 3 girls  \n(like the gogos from Hullabaloo or Shindig, though I don't remember  \nseeing any visible audiance) holding machine (\/and other types of)  \nguns and dancing lamely, spoiling the clip. 8) Oh, and it was in  \nblack\/white, this video.\n\nRings any bell? I've been going through 70s hits to no avail. They\nweren't that famous and mostly looked like losers.\n\nCheers'n all from Bilbao, take good care of my hometown! 8)\nEmre<\/pre>\n<\/li>\n<p><\/p>\n<li>2014 y\u0131l\u0131nda akl\u0131ma tak\u0131lan indie \u015fark\u0131<\/li>\n<p>\n<\/ul>\n","protected":false},"excerpt":{"rendered":"<p>EHU&#8217;deki organik kimyac\u0131, Getxo&#8217;dan gelen misafir Alman Belle &amp; Sebastian&#8217;a benzeyen, bir k\u0131\u015f evinde ge&ccedil;en klip Siyah beyaz, hullabaloo program\u0131na benzer, k\u0131zlar\u0131n ellerinde yar\u0131 otomatik silahlarla dans etti\u011fi anti-karizmatik grubun klibi Subject: Help needed about a band! Date: Sat, 12 Mar 2011 21:36:34 +0100 From: Emre S. Tasci &lt;emre.tasci@ehu.es&gt; To: adams@sabanciuniv.edu Hi Adam, I hope &hellip; <a href=\"https:\/\/www.emresururi.com\/blogs\/sururi\/hatirlayamadigim-bilmedigim-seyler\/\" class=\"more-link\">Okumaya devam et<span class=\"screen-reader-text\"> &#8220;hat\u0131rlayamad\u0131\u011f\u0131m, bilmedi\u011fim \u015feyler&#8230;&#8221;<\/span><\/a><\/p>\n","protected":false},"author":1,"featured_media":0,"parent":0,"menu_order":0,"comment_status":"open","ping_status":"open","template":"","meta":[],"_links":{"self":[{"href":"https:\/\/www.emresururi.com\/blogs\/sururi\/wp-json\/wp\/v2\/pages\/5873"}],"collection":[{"href":"https:\/\/www.emresururi.com\/blogs\/sururi\/wp-json\/wp\/v2\/pages"}],"about":[{"href":"https:\/\/www.emresururi.com\/blogs\/sururi\/wp-json\/wp\/v2\/types\/page"}],"author":[{"embeddable":true,"href":"https:\/\/www.emresururi.com\/blogs\/sururi\/wp-json\/wp\/v2\/users\/1"}],"replies":[{"embeddable":true,"href":"https:\/\/www.emresururi.com\/blogs\/sururi\/wp-json\/wp\/v2\/comments?post=5873"}],"version-history":[{"count":0,"href":"https:\/\/www.emresururi.com\/blogs\/sururi\/wp-json\/wp\/v2\/pages\/5873\/revisions"}],"wp:attachment":[{"href":"https:\/\/www.emresururi.com\/blogs\/sururi\/wp-json\/wp\/v2\/media?parent=5873"}],"curies":[{"name":"wp","href":"https:\/\/api.w.org\/{rel}","templated":true}]}}