{"id":5910,"date":"2015-02-11T15:39:43","date_gmt":"2015-02-11T15:39:43","guid":{"rendered":""},"modified":"-0001-11-30T00:00:00","modified_gmt":"-0001-11-29T21:00:00","slug":"ispanak-patlican-moru-ve-akademik-halim","status":"publish","type":"page","link":"https:\/\/www.emresururi.com\/blogs\/sururi\/ispanak-patlican-moru-ve-akademik-halim\/","title":{"rendered":"\u0131spanak, patl\u0131can moru ve akademik halim&#8230;"},"content":{"rendered":"<p>Ispanak pi\u015firdiyseniz, oradaki sihre de \u015fahit olmu\u015fsunuzdur: y\u0131karken en b&uuml;y&uuml;k salata kab\u0131m\u0131za (aka &quot;pa\u015fa&quot; ya da di\u011fer ad\u0131yla <a href=\"http:\/\/www.ikea.com.tr\/urun-katalogu\/yemek-odalari\/sofralar\/servis-tabak-ve-kaseleri\/00057256\/blanda-servis-kasesi.aspx\">IKEA Blanda 36cm<\/a>) zor s\u0131\u011fan \u0131spanak<\/p>\n","protected":false},"excerpt":{"rendered":"<p>Ispanak pi\u015firdiyseniz, oradaki sihre de \u015fahit olmu\u015fsunuzdur: y\u0131karken en b&uuml;y&uuml;k salata kab\u0131m\u0131za (aka &quot;pa\u015fa&quot; ya da di\u011fer ad\u0131yla IKEA Blanda 36cm) zor s\u0131\u011fan \u0131spanak<\/p>\n","protected":false},"author":1,"featured_media":0,"parent":0,"menu_order":0,"comment_status":"open","ping_status":"open","template":"","meta":[],"_links":{"self":[{"href":"https:\/\/www.emresururi.com\/blogs\/sururi\/wp-json\/wp\/v2\/pages\/5910"}],"collection":[{"href":"https:\/\/www.emresururi.com\/blogs\/sururi\/wp-json\/wp\/v2\/pages"}],"about":[{"href":"https:\/\/www.emresururi.com\/blogs\/sururi\/wp-json\/wp\/v2\/types\/page"}],"author":[{"embeddable":true,"href":"https:\/\/www.emresururi.com\/blogs\/sururi\/wp-json\/wp\/v2\/users\/1"}],"replies":[{"embeddable":true,"href":"https:\/\/www.emresururi.com\/blogs\/sururi\/wp-json\/wp\/v2\/comments?post=5910"}],"version-history":[{"count":0,"href":"https:\/\/www.emresururi.com\/blogs\/sururi\/wp-json\/wp\/v2\/pages\/5910\/revisions"}],"wp:attachment":[{"href":"https:\/\/www.emresururi.com\/blogs\/sururi\/wp-json\/wp\/v2\/media?parent=5910"}],"curies":[{"name":"wp","href":"https:\/\/api.w.org\/{rel}","templated":true}]}}