{"id":649,"date":"2006-05-17T22:16:45","date_gmt":"2006-05-17T22:16:45","guid":{"rendered":""},"modified":"-0001-11-30T00:00:00","modified_gmt":"-0001-11-29T21:00:00","slug":"pause-tusuna-basilmis-arkadasliklar","status":"publish","type":"page","link":"https:\/\/www.emresururi.com\/blogs\/sururi\/pause-tusuna-basilmis-arkadasliklar\/","title":{"rendered":"Pause Tu\u015funa Bas\u0131lm\u0131\u015f Arkada\u015fl\u0131klar"},"content":{"rendered":"<p><b>Subject: [DUZYAZI] emir&#8217;le ben bir g\u00fcn&#8230;<br \/>\nFrom: Emre Sururi Tasci <br \/>\nDate:Tue, 18 Mar 2003 23:47:12 +0200<br \/>\nTo:Duzyazi Alani Sakinleri <\/b><\/p>\n<p>yaz\u0131 yazas\u0131m geldi. yazas\u0131m geldi yaz\u0131. anne bitti.<\/p>\n<p>dedi \u00e7ocuk Do, annesi gelip, Do&#8217;nun k\u0131\u00e7\u0131n\u0131 bir g\u00fczel y\u0131kad\u0131.<\/p>\n<p>she said living with me is bringing her down dedi. \u00fc\u00e7.<\/p>\n<p>ne dedim ben \u015fimdi? aferin. \u00fc\u00e7.<\/p>\n<p>ulan hepinizi \u00f6zledim &#8211; \u00f6zlem adama neler yapt\u0131r\u0131yor..<\/p>\n<p>esat canerler&#8217;deki kasiyer nihal.<br \/>\nd\u00fcnyan\u0131n en \u015firin insanlar\u0131ndan. onu \u00e7ok seviyorum &#8211; \u00e7ok seviyoruz<br \/>\nailecek. ama konumlar\u0131m\u0131zdan dolay\u0131 s\u0131cak tebess\u00fcmlerle s\u00fcsl\u00fc<br \/>\n&#8220;nas\u0131ls\u0131n\u0131z?&#8221; &#8220;\u00e7ok iyiyim, te\u015fekk\u00fcr ederim, siz?&#8221; &#8220;ben de iyiyim&#8221;<br \/>\n-buraya konu\u015facak bir \u015fey bulamama s\u0131k\u0131nt\u0131s\u0131n\u0131n olu\u015fturdu\u011fu sessizlik<br \/>\ngirecek- &#8220;peki, size kolay gelsin o zaman&#8221;dan ba\u015fka bir \u015fey<br \/>\nkonu\u015famad\u0131k. bazen ekspres kasan\u0131n ba\u015f\u0131nda oluyor, o zaman onunla<br \/>\nkonu\u015fam\u0131yoruz. bir de arkada\u015f\u0131 dilek han\u0131m var- dilek han\u0131m sa\u00e7lar\u0131n\u0131<br \/>\nk\u0131z\u0131la boyatm\u0131\u015ft\u0131 3 hafta kadar evvelinde, hala k\u0131z\u0131ld\u0131 bug\u00fcn de.<br \/>\nbug\u00fcn nihal han\u0131m\u0131n kasas\u0131 \u00e7ok doluydu, ben de dilek han\u0131m\u0131n kasas\u0131nda<br \/>\n\u00f6deme yapt\u0131m, yine de merhabala\u015ft\u0131k, i\u015fte standart diyalo\u011fumuzu<br \/>\nolu\u015fturduk kendisiyle. sabah 10&#8217;dan ak\u015fam 10&#8217;a kadar \u00e7al\u0131\u015f\u0131yormu\u015f,<br \/>\ncumartesileri izinli. yine de hep g\u00fclery\u00fczl\u00fc. bir ayd\u0131r g\u00f6zl\u00fck<br \/>\ntak\u0131yor.<\/p>\n<p>bir de servisteki kocaman k\u0131z var tan\u0131yor olmaktan mutlu oldu\u011fum \/<br \/>\nizlemekten, bu d\u00fcnya \u00fczerinde onun gibi birinin de oldu\u011funu bilmekten.<br \/>\nama onunla daha hi\u00e7 konu\u015fmad\u0131k. zaten konu\u015fmaya \/ tan\u0131\u015fmaya gerek var<br \/>\nm\u0131 ki? mutluluk kayna\u011f\u0131(m) olan bu insanlar in\u015fallah kendi &#8220;ger\u00e7ek&#8221;<br \/>\nya\u015famlar\u0131nda da mutludurlar. ke\u015fke y\u0131lba\u015f\u0131nda filan falan b\u00fcy\u00fck<br \/>\nikramiye \u00e7\u0131km\u0131\u015f olsayd\u0131, yahut da nobel falan olmu\u015f olsayd\u0131&#8230;<\/p>\n<p>ally mcbeal&#8217;deki jenny&#8217;yi de ele alabiliriz pek\u00e2la&#8230; bir dolu \u00e7ili,<br \/>\nkal\u0131n say\u0131labilecek ka\u015flar\u0131 var &#8211; a little bit clumsy maybe ama<br \/>\nhangimiz de\u011filiz ki?<\/p>\n<p>\u00e7etin bey, erdem karaadam, g\u00fcrer bey, kemal bey&#8230; oh ne g\u00fczel<br \/>\ninsanlar bunlar, what a wonderful world it is k\u00e2bilinden. bug\u00fcn benim<br \/>\nyumu\u015fak u (\u00fb), yumu\u015fak a (\u00e2) kullanma g\u00fcn\u00fcm, kime ne zarar, dostum<br \/>\nde\u011fil misiniz? (toprak olur, da\u015f olurum, yoluna yolda\u015f olurum,<br \/>\ndilersen garda\u015f olurum &#8211; marak etme sen)<\/p>\n<p>kom\u015fum totoro&#8217;yu izledi\u011fimden beri benim can\u0131m dobi\u011fim l\u00f6ker i\u00e7in bir<br \/>\nhikaye var akl\u0131mda, hem hikaye, hem anlat\u0131 bab\u0131nda, zaman\u0131nda sururi \/<br \/>\nmustafa \/ serkan i\u00e7in yazd\u0131\u011f\u0131m \u00fc\u00e7 k\u0131sa yaz\u0131 gibi(n) t\u0131pk\u0131 ama hala<br \/>\nyazamad\u0131m.<\/p>\n<p>ulan \u00f6zlemekle \u00f6m\u00fcr ge\u00e7iyor &#8211; bu sa\u011fl\u0131kl\u0131 bir \u015fey midir? de\u011fildir<br \/>\nelbet. de\u011fildir ama bu da \u00e7ok g\u00fczel, pek g\u00f6zel bir u\u011fra\u015f. arkada\u015f,<br \/>\n\u00fczerinde \u00f6len varsa arkada\u015ft\u0131r, arkada\u015f, insan\u0131n do\u011fdu\u011fu yer de\u011fil,<br \/>\ndoydu\u011fu yerdir ve ak ak\u00e7e kara g\u00fcn i\u00e7indir ve sakla saman\u0131&#8230; gelir<br \/>\nzaman\u0131.<\/p>\n<p>asl\u0131nda, sa\u011fl\u0131ks\u0131z olsa da, yine de g\u00fczel b\u00f6yle bir \u00f6zleme<br \/>\nal\u0131\u015fkanl\u0131\u011f\u0131m\u0131z\u0131n olmas\u0131, birbirimize sevgimizin hi\u00e7 bitmemesi,<br \/>\ng\u00f6r\u00fc\u015ft\u00fc\u011f\u00fcm\u00fcz anda pause&#8217;lu ya\u015famlar\u0131m\u0131zdan \u00e7\u0131k\u0131p, kald\u0131\u011f\u0131 yerden devam<br \/>\netmesi &#8211; kald\u0131\u011f\u0131 bir yer de yok asl\u0131nda, s\u00fcrekli bir ili\u015fki ya\u015f\u0131yoruz<br \/>\nbirbirlerimizle, i\u015fte aralarda biz de switch ediyoruz o aralara, yoksa<br \/>\nili\u015fkiye olan bir \u015fey, o kesintisiz sektesi g\u00fczelce, devam ediyor.<br \/>\nwhat is go(o)d in irish murdoc? i\u015fte this is&#8230;<\/p>\n<p>a pencil, a yellow mr. brown.<\/p>\n<p>\u015fair ne de g\u00fczel demi\u015f, de\u011fil mi:<\/p>\n<p>Sen ona bir gemisin, y\u00f6n\u00fc senin y\u00f6n\u00fcnd\u00fcr<br \/>\nBir sanc\u0131s\u0131n ge\u00e7erken denizlerini \u00f6zg\u00fcr<br \/>\nO da bir ada olsun, sana \u00e7evrili dursun<br \/>\nDa\u011f\u0131n\u0131n dalgalarla, y\u00fcz\u00fcn\u00fcn r\u00fczgarlarla<br \/>\nBa\u011fland\u0131\u011f\u0131 kendini sende \u00e7\u00f6z\u00fclm\u00fc\u015f g\u00f6r\u00fcr.<\/p>\n<p>Gemiler g\u00f6r\u00fcnd\u00fck\u00e7e adalar da d\u00fc\u015f g\u00f6r\u00fcr<br \/>\n\u0130nsanlar nerede olsa bir oray\u0131 d\u00fc\u015f\u00fcn\u00fcr<br \/>\nDerler adadakiler, \u015fu gemi bir g\u00fcn gelse<br \/>\nGitsek buradan \u00f6te, nereye gideceksek<br \/>\nBilseler gemiler de bir aday\u0131 d\u00fc\u015f\u00fcn\u00fcr.<\/p>\n<p>(duygusal, \u00f6zdemir asaf)<\/p>\n<p>\nbirden siz gelseniz akl\u0131m\u0131za, sizi unutsak baz\u0131 baz\u0131&#8230;<\/p>\n<p>\nWords are flowing out like endless rain into a paper cup,<br \/>\nThey slither wildly as they slip away across the universe.<br \/>\nPools of sorrow, waves of joy are drifting through my open mind,<br \/>\nPossessing and caressing me.<br \/>\nJai guru deva om.<\/p>\n<p>Nothing&#8217;s gonna change my world,<br \/>\nNothing&#8217;s gonna change my world,<br \/>\nNothing&#8217;s gonna change my world,<br \/>\nNothing&#8217;s gonna change my world.<\/p>\n<p>Images of broken light which dance before me like a million eyes,<br \/>\nThay call me on and on across the universe.<br \/>\nThoughts meander like a restless wind inside a letter box,<br \/>\nThey tumble blindly as they make their way across the universe.<br \/>\nJai guru deva om.<\/p>\n<p>Nothing&#8217;s gonna change my world,<br \/>\nNothing&#8217;s gonna change my world,<br \/>\nNothing&#8217;s gonna change my world,<br \/>\nNothing&#8217;s gonna change my world.<\/p>\n<p>Sounds of laughter shades of love are ringing through my open ears,<br \/>\nInciting and inviting me.<br \/>\nLimitless undying love which shines around me like a million suns,<br \/>\nIt calls me on and on across the universe.<br \/>\nJai guru deva om.<\/p>\n<p>Nothing&#8217;s gonna change my world,<br \/>\nNothing&#8217;s gonna change my world,<br \/>\nNothing&#8217;s gonna change my world,<br \/>\nNothing&#8217;s gonna change my world.<\/p>\n<p>Jai guru deva om,<br \/>\nJai guru deva om,<br \/>\nJai guru deva om&#8230;<\/p>\n<p>yani, diyece\u011fim, i\u015fin \u00f6z\u00fc \u015fudur ki: jai guru deva om, jai guru deva<br \/>\nom, jai guru deva om anas\u0131n\u0131 satay\u0131m&#8230;<\/p>\n<p>&#8230; potpotpot[kucak sonrasi]potpotpot[obur tarafa]rrrrhhhhhh[havaya<br \/>\n&#8230; kaldiris]&#8230;&#8230;&#8230;&#8230;&#8230;&#8230;[siritis]         K.l\u00f6kEr.<\/p>\n<p>&#8230; KillIng iN the nAmE of!             ?          !FO emaN ehT nI gNILLIK<\/p>\n<p>&#8212;&#8212;&#8212;&#8212;&#8212;&#8212;&#8212;&#8212;&#8212;&#8212;&#8212;&#8212;&#8212;&#8212;&#8212;&#8212;&#8212;&#8212;&#8212;&#8212;&#8212;&#8212;&#8212;&#8212;&#8212;&#8212;-<br \/>\nOrigin : HiTNeT E-Posta Listeleri &#8211; http:\/\/www.hitnet.bbs.tr<\/p>\n<p><b>Date: Wed, 19 Mar 2003 14:49:20 \/etc\/localtime<br \/>\nFrom: Hande Tekin <br \/>\nSubject: [DUZYAZI] pause&#8217;a bas\u0131lm\u0131\u015f arkada\u015fl\u0131klar<br \/>\nTo: &#8220;Emre&#8221; <\/b><\/p>\n<p>Ave Emre,<\/p>\n<p>Senin \u015fu yaz\u0131n\u0131 okudum da, bu aralar san\u0131r\u0131m &#8220;pause&#8217;a bas\u0131lm\u0131\u015f arkada\u015fl\u0131klarda tekrar play&#8217;e basma&#8221; mevsimi. Hatta rating mod\u00fclleri aras\u0131nda k\u0131sa bir yaz\u0131 da yazm\u0131\u015ft\u0131m -ka\u011f\u0131t \u00fczerine- bir ara buraya da g\u00f6ndereyim yaz\u0131p.<\/p>\n<p>Pazartesi ben de &#8220;play&#8221;e bast\u0131m da&#8230;<\/p>\n<p>Sevgiler, vs.<br \/>\nAnde<br \/>\n&#8212;&#8212;&#8212;&#8212;&#8212;&#8212;&#8212;&#8212;&#8212;&#8212;&#8212;&#8212;&#8212;&#8212;&#8212;&#8212;&#8212;&#8212;&#8212;&#8212;&#8212;&#8212;&#8212;&#8212;&#8212;&#8212;-<br \/>\nOrigin : HiTNeT E-Posta Listeleri &#8211; http:\/\/www.hitnet.bbs.tr<\/p>\n<p><b>Date: Wed, 19 Mar 2003 22:11:33 +0200<br \/>\nFrom: Emre Sururi Tasci <br \/>\nTo: Hande Tekin <\/b><\/p>\n<p>\nQuoting Hande Tekin:<\/p>\n<p>HT> Ave Emre,<br \/>\nHave Ande!<\/p>\n<p>HT> Senin \u015fu yaz\u0131n\u0131 okudum da, bu aralar san\u0131r\u0131m &#8220;pause&#8217;a bas\u0131lm\u0131\u015f arkada\u015fl\u0131klarda tekrar play&#8217;e basma&#8221; mevsimi. Hatta rating mod\u00fclleri aras\u0131nda k\u0131sa bir yaz\u0131 da yazm\u0131\u015ft\u0131m -ka\u011f\u0131t \u00fczerine- bir ara<br \/>\nHT> buraya da g\u00f6ndereyim yaz\u0131p.<\/p>\n<p>HT> Pazartesi ben de &#8220;play&#8221;e bast\u0131m da&#8230;<br \/>\nbiz buradayiz efendim, hep burday\u0131z, hep burdayd\u0131k, hep bekledik, hep<br \/>\nbekleriz..<\/p>\n<p>sevgiler<br \/>\nmre z.<\/p>\n<p>hami\u015f: dante&#8217;yi harbiden yakarak m\u0131 \u00f6ld\u00fcrm\u00fc\u015fler?<\/p>\n<p>\n&#8230; veda sozleri, elveda sozleri                                    a.e.g.<\/p>\n<p>&#8212;&#8212;&#8212;&#8212;&#8212;&#8212;&#8212;&#8212;&#8212;&#8212;&#8212;&#8212;&#8212;&#8212;&#8212;&#8212;&#8212;&#8212;&#8212;&#8212;&#8212;&#8212;&#8212;&#8212;&#8212;&#8212;-<br \/>\nOrigin : HiTNeT E-Posta Listeleri &#8211; http:\/\/www.hitnet.bbs.tr<\/p>\n<p><b>Date: Thu, 20 Mar 2003 09:37:42 \/etc\/localtime<br \/>\nFrom: Hande Tekin <br \/>\nTo: &#8220;Emre&#8221; <\/b><\/p>\n<p>\nAve Emre!<\/p>\n<p>\n>> hami\u015f: dante&#8217;yi harbiden yakarak m\u0131 \u00f6ld\u00fcrm\u00fc\u015fler?<\/p>\n<p>Yok can\u0131\u0131\u0131\u0131\u0131m, kim uydurmu\u015f? Adam do\u011fal nedenlerden \u00f6l\u00fcyor. S\u00fcrg\u00fcnde&#8230;<\/p>\n<p>Sevgiler, vs.<br \/>\nAnde<br \/>\n&#8212;&#8212;&#8212;&#8212;&#8212;&#8212;&#8212;&#8212;&#8212;&#8212;&#8212;&#8212;&#8212;&#8212;&#8212;&#8212;&#8212;&#8212;&#8212;&#8212;&#8212;&#8212;&#8212;&#8212;&#8212;&#8212;-<br \/>\nOrigin : HiTNeT E-Posta Listeleri &#8211; http:\/\/www.hitnet.bbs.tr<\/p>\n<p><b>Date: Thu, 20 Mar 2003 09:54:14 \/etc\/localtime<br \/>\nFrom: Hande Tekin <\/b><\/p>\n<p>>>> > hami\u015f: dante&#8217;yi harbiden yakarak m\u0131 \u00f6ld\u00fcrm\u00fc\u015fler?<br \/>\n><br \/>\n>> Yok can\u0131\u0131\u0131\u0131\u0131m, kim uydurmu\u015f? Adam do\u011fal nedenlerden \u00f6l\u00fcyor. S\u00fcrg\u00fcnde&#8230;<\/p>\n<p>Oha, &#8220;\u00f6l\u00fcyor&#8221; yazm\u0131\u015f\u0131m!<br \/>\n&#8212;&#8212;&#8212;&#8212;&#8212;&#8212;&#8212;&#8212;&#8212;&#8212;&#8212;&#8212;&#8212;&#8212;&#8212;&#8212;&#8212;&#8212;&#8212;&#8212;&#8212;&#8212;&#8212;&#8212;&#8212;&#8212;-<br \/>\nOrigin : HiTNeT E-Posta Listeleri &#8211; http:\/\/www.hitnet.bbs.tr<\/p>\n<p><b>Date: Thu, 20 Mar 2003 23:28:55 +0200<br \/>\nFrom: Emre Sururi Tasci <\/b><\/p>\n<p>Quoting Hande Tekin:<\/p>\n<p>>>>>> > hami\u015f: dante&#8217;yi harbiden yakarak m\u0131 \u00f6ld\u00fcrm\u00fc\u015fler?<br \/>\n>><br \/>\n>>>> Yok can\u0131\u0131\u0131\u0131\u0131m, kim uydurmu\u015f? Adam do\u011fal nedenlerden \u00f6l\u00fcyor. S\u00fcrg\u00fcnde&#8230;<\/p>\n<p>HT> Oha, &#8220;\u00f6l\u00fcyor&#8221; yazm\u0131\u015f\u0131m!<br \/>\n??? pardon pls? anlayamad\u0131m&#8230; ne yazmak gerekiyordu? yani &#8220;Hak&#8217;k\u0131n<br \/>\nrahmetine kavu\u015fuyor&#8221; veyahut &#8220;\u00f6nceden bir arkada\u015fa bak\u0131p \u00e7\u0131kt\u0131\u011f\u0131<br \/>\nyerlere temelli gidiyor&#8221; demek gerekiyordu anlam\u0131nda m\u0131yd\u0131 bu o-ha?<\/p>\n<p>hami\u015f: bu arada, &#8220;bir arkada\u015fa bak\u0131p \u00e7\u0131kt\u0131\u011f\u0131 yerler..&#8221; esprime \u00e7ok<br \/>\ng\u00fcld\u00fcm, kendimi tebrik ediyorum, in\u015fallah siz de oku\u011funuz s\u0131rada bir \u015feyler<br \/>\ni\u00e7iyorsunuzdur da p\u00fcsk\u00fcrtm\u00fc\u015fs\u00fcn\u00fczd\u00fcr 8)<\/p>\n<p>\nsevgiler,<br \/>\nmre s.<\/p>\n<p>&#8230; bUt looove, LoVE WIll tEar us aPart&#8230;&#8230;..AgaIN.          Joy dIv.<\/p>\n<p>&#8212;&#8212;&#8212;&#8212;&#8212;&#8212;&#8212;&#8212;&#8212;&#8212;&#8212;&#8212;&#8212;&#8212;&#8212;&#8212;&#8212;&#8212;&#8212;&#8212;&#8212;&#8212;&#8212;&#8212;&#8212;&#8212;-<br \/>\nOrigin : HiTNeT E-Posta Listeleri &#8211; http:\/\/www.hitnet.bbs.tr<\/p>\n<p><b>Date: Fri, 21 Mar 2003 02:35:48 +0300<br \/>\nFrom: Dogan Gegeoglu <br \/>\nTo: Emre Sururi Tasci <\/b><\/p>\n<p>EST> esat canerler&#8217;deki kasiyer nihal.<br \/>\nEST> d\u00fcnyan\u0131n en \u015firin insanlar\u0131ndan. onu \u00e7ok seviyorum &#8211; \u00e7ok seviyoruz<br \/>\nEST> ailecek. ama konumlar\u0131m\u0131zdan dolay\u0131 s\u0131cak tebess\u00fcmlerle s\u00fcsl\u00fc<br \/>\nEST> &#8220;nas\u0131ls\u0131n\u0131z?&#8221; &#8220;\u00e7ok iyiyim, te\u015fekk\u00fcr ederim, siz?&#8221; &#8220;ben de iyiyim&#8221;<br \/>\nEST> -buraya konu\u015facak bir \u015fey bulamama s\u0131k\u0131nt\u0131s\u0131n\u0131n olu\u015fturdu\u011fu sessizlik<br \/>\nEST> girecek- &#8220;peki, size kolay gelsin o zaman&#8221;dan ba\u015fka bir \u015fey<br \/>\nEST> konu\u015famad\u0131k. bazen ekspres kasan\u0131n ba\u015f\u0131nda oluyor, o zaman onunla<br \/>\nEST> konu\u015fam\u0131yoruz. bir de arkada\u015f\u0131 dilek han\u0131m var- dilek han\u0131m sa\u00e7lar\u0131n\u0131<br \/>\nEST> k\u0131z\u0131la boyatm\u0131\u015ft\u0131 3 hafta kadar evvelinde, hala k\u0131z\u0131ld\u0131 bug\u00fcn de.<br \/>\nEST> bug\u00fcn nihal han\u0131m\u0131n kasas\u0131 \u00e7ok doluydu, ben de dilek han\u0131m\u0131n kasas\u0131nda<br \/>\nEST> \u00f6deme yapt\u0131m, yine de merhabala\u015ft\u0131k, i\u015fte standart diyalo\u011fumuzu<br \/>\nEST> olu\u015fturduk kendisiyle. sabah 10&#8217;dan ak\u015fam 10&#8217;a kadar \u00e7al\u0131\u015f\u0131yormu\u015f,<br \/>\nEST> cumartesileri izinli. yine de hep g\u00fclery\u00fczl\u00fc. bir ayd\u0131r g\u00f6zl\u00fck<br \/>\nEST> tak\u0131yor.<br \/>\nsovyet rusya&#8217;da uzun sure yasamis birisiyle konusmustum bir zamanlar.<br \/>\nlaf donup dolasip bir sekilde komunizmin istihdam politikasina<br \/>\ngelince kasiyerlerden bahsetmisti bana.. &#8220;herkese is vermeye calisan<br \/>\ndevlet&#8221;, diyordu (mangaldan yeni cikmis etini kesmeye calisirken),<br \/>\n&#8220;ozellikle buyuk sehirlerde bir supermarketteki tek bir kasa basina en<br \/>\naz 4~5 kasiyer atiyor ve bu da surekli gittigin marketin kasiyerlerini<br \/>\nbile taniyamamana neden oluyor.&#8221;<\/p>\n<p>uzun uzun konusmustuk o aksam. amerikan hayrani bir kadin da vardi,<br \/>\nsurekli igneleyip durmustu adami. cok yemistik ama hepimiz, belki de<br \/>\nondan. <\/p>\n<p>Sevgiler<\/p>\n<p>&#8230; gul  =  Gul  =  guL  =  gUl  =  gul  =  Gul  =  guL  =  gul<\/p>\n<p>&#8212;&#8212;&#8212;&#8212;&#8212;&#8212;&#8212;&#8212;&#8212;&#8212;&#8212;&#8212;&#8212;&#8212;&#8212;&#8212;&#8212;&#8212;&#8212;&#8212;&#8212;&#8212;&#8212;&#8212;&#8212;&#8212;-<br \/>\nOrigin : HiTNeT E-Posta Listeleri &#8211; http:\/\/www.hitnet.bbs.tr<\/p>\n<p><b>Date: Fri, 21 Mar 2003 10:31:31 \/etc\/localtime<br \/>\nFrom: Hande Tekin <\/b><\/p>\n<p>Selam,<\/p>\n<p>\n>>>>> >> > hami\u015f: dante&#8217;yi harbiden yakarak m\u0131 \u00f6ld\u00fcrm\u00fc\u015fler?<br \/>\n>>><br \/>\n>>>> >> Yok can\u0131\u0131\u0131\u0131\u0131m, kim uydurmu\u015f? Adam do\u011fal nedenlerden \u00f6l\u00fcyor. S\u00fcrg\u00fcnde&#8230;<br \/>\n><br \/>\n>> HT> Oha, &#8220;\u00f6l\u00fcyor&#8221; yazm\u0131\u015f\u0131m!<br \/>\n>> ??? pardon pls? anlayamad\u0131m&#8230; ne yazmak gerekiyordu? yani &#8220;Hak&#8217;k\u0131n<\/p>\n<p>Ne bileyim, &#8220;\u00f6l\u00fcyor&#8221; yerine &#8220;\u00f6lm\u00fc\u015f&#8221; demek daha do\u011fru. \u0130talya&#8217;da adam<br \/>\nh\u00e2l\u00e2 \u00f6l\u00fcyormu\u015f falan&#8230; Neyse, d\u00fcn \u00e7ok tuhaf gelmi\u015fti &#8220;\u00f6l\u00fcyor&#8221; bug\u00fcn biraz daha <br \/>\naz tuhaf geldi.<\/p>\n<p>\n>> rahmetine kavu\u015fuyor&#8221; veyahut &#8220;\u00f6nceden bir arkada\u015fa bak\u0131p \u00e7\u0131kt\u0131\u011f\u0131<br \/>\n>> yerlere temelli gidiyor&#8221; demek gerekiyordu anlam\u0131nda m\u0131yd\u0131 bu o-ha?<\/p>\n<p>\nAyr\u0131ca &#8220;un altro chiarificazione&#8221; (Do\u011fan&#8217;\u0131n \u0130talyan ajan\u0131 oldu\u011fundan \u015f\u00fcpheleniyorum.<br \/>\n\u0130talyanca falan biliyor asl\u0131nda ama \u00e7akt\u0131rm\u0131yor&#8230;) Ha, hay\u0131r, &#8220;a\u00e7\u0131kl\u0131\u011fa kavu\u015fturma&#8221;<br \/>\nDo\u011fan&#8217;\u0131n durumu de\u011fildi tabii.  \ud83d\ude42  Dante, &#8220;do\u011fal \u00f6l\u00fcm&#8221; kavram\u0131n\u0131 epey geni\u015f tutarsak<br \/>\ndo\u011fal bir \u015fekilde \u00f6lm\u00fc\u015f: s\u0131tma salg\u0131n\u0131ndan nasibini alm\u0131\u015f. \u0130dil s\u00f6yledi sa\u011folsun. <br \/>\nCesedinin de yak\u0131ld\u0131\u011f\u0131n\u0131 s\u00f6yledi hatta. Bunu d\u00fcn ak\u015fam arad\u0131m arad\u0131m ama <br \/>\nbulamad\u0131m. Gayet mant\u0131kl\u0131 ama.<\/p>\n<p>Bu yakma konusu biraz kar\u0131\u015ft\u0131rmaya meyilli asl\u0131nda. Adam cezas\u0131n\u0131 \u00f6dememek i\u00e7in<br \/>\ns\u00fcrg\u00fcne gidiyor ya, &#8220;bir daha Floransa&#8217;ya gelirse yak\u0131larak \u00f6ld\u00fcr\u00fclece\u011fi&#8221; \u015feklinde bir<br \/>\nkarar \u00e7\u0131kart\u0131yorlar. Ama adam hayat\u0131n\u0131 s\u00fcrg\u00fcnde tamaml\u0131yor. Hatta rivayete g\u00f6re<br \/>\n&#8220;Cennet&#8221;i yazmay\u0131 bitirdikten birka\u00e7 saat sonra. (&#8220;Cennet&#8221; beni fena halde baym\u0131\u015ft\u0131,<br \/>\nDante&#8217;yi de \u00f6ld\u00fcrm\u00fc\u015f, daha fena&#8230; Halbuki &#8220;Cehennem&#8221; pek renkliydi. :))  )<\/p>\n<p>Neyse, Alberto gelsin, ona soraca\u011f\u0131m Dante&#8217;nin cesedinin yak\u0131l\u0131p yak\u0131lmad\u0131\u011f\u0131n\u0131. <br \/>\n\u0130talyan olmas\u0131na ve elektronik m\u00fchendisi olmas\u0131na ra\u011fmen &#8220;Ke\u015fke felsefe <br \/>\nokusayd\u0131m&#8221; demi\u015f olmas\u0131na g\u00fcveniyorum.<\/p>\n<p>\n>> hami\u015f: bu arada, &#8220;bir arkada\u015fa bak\u0131p \u00e7\u0131kt\u0131\u011f\u0131 yerler..&#8221; esprime \u00e7ok<br \/>\n>> g\u00fcld\u00fcm, kendimi tebrik ediyorum, <\/p>\n<p>Ben de sizi tebrik ediyorum, sabah \u00e7ok \u00e7ok g\u00fcld\u00fcm. Buradaki arkada\u015flar art\u0131k<br \/>\nbu tepkilerime al\u0131\u015ft\u0131klar\u0131 i\u00e7in bu sefer bir\u015fey demediler. :))<\/p>\n<p>\n>> in\u015fallah siz de oku\u011funuz s\u0131rada bir \u015feyler<br \/>\n>> i\u00e7iyorsunuzdur da p\u00fcsk\u00fcrtm\u00fc\u015fs\u00fcn\u00fczd\u00fcr 8)<\/p>\n<p>Yok, o anda a\u011fz\u0131mda bir par\u00e7a po\u011fa\u00e7a vard\u0131, ama 5 saniye \u00f6ncesi veya<br \/>\nsonras\u0131nda g\u00f6rm\u00fc\u015f olsayd\u0131m mont\u00f6r\u00fcmde kahve-po\u011fa\u00e7a kar\u0131\u015f\u0131m\u0131 par\u00e7ac\u0131klar<br \/>\nolacakt\u0131. :))<\/p>\n<p>Sevgiler, vs.<br \/>\nAnde<br \/>\n&#8212;&#8212;&#8212;&#8212;&#8212;&#8212;&#8212;&#8212;&#8212;&#8212;&#8212;&#8212;&#8212;&#8212;&#8212;&#8212;&#8212;&#8212;&#8212;&#8212;&#8212;&#8212;&#8212;&#8212;&#8212;&#8212;-<br \/>\nOrigin : HiTNeT E-Posta Listeleri &#8211; http:\/\/www.hitnet.bbs.tr<\/p>\n<p>\n<b><br \/>\nDate: Fri, 21 Mar 2003 20:50:37 +0200<br \/>\nFrom: \u0130dil Peltek <br \/>\nTo: Hande Tekin <\/b><\/p>\n<p>Sevgili Hande,<\/p>\n<p>Friday, March 21, 2003, 12:31:31 PM, you wrote:<\/p>\n<p>HT> Do\u011fan&#8217;\u0131n durumu de\u011fildi tabii.  \ud83d\ude42  Dante, &#8220;do\u011fal \u00f6l\u00fcm&#8221; kavram\u0131n\u0131 epey geni\u015f tutarsak<br \/>\nHT> do\u011fal bir \u015fekilde \u00f6lm\u00fc\u015f: s\u0131tma salg\u0131n\u0131ndan nasibini alm\u0131\u015f. \u0130dil s\u00f6yledi sa\u011folsun. <br \/>\nHT> Cesedinin de yak\u0131ld\u0131\u011f\u0131n\u0131 s\u00f6yledi hatta. Bunu d\u00fcn ak\u015fam arad\u0131m arad\u0131m ama <br \/>\n     diil  efendim  diil,  oyle  demek  istemedim,  cesedinin  yak\u0131l\u0131p<br \/>\n     yak\u0131lmad\u0131g\u0131n\u0131 bilmiyorum. yak\u0131lma konusu da bildi\u011fim kadar\u0131yla<br \/>\n     soyle: dante siyasal yasam\u0131nda ceza al\u0131r, para cezas\u0131 ve surgun<br \/>\n     edilecektir bir sureli\u011fine. fakat danta odeyemez paray\u0131 cunku o<br \/>\n     s\u0131rada floransa&#8217;da de\u011fildir. para cezas\u0131n\u0131 odeyemedi\u011finden<br \/>\n     yak\u0131larak idam\u0131na karar verilir. dante tabi hayvan kars\u0131 c\u0131kar bu<br \/>\n     duruma, ama nafile. bir daha da floransa &#8216;ya donemez. eserlerinde<br \/>\n     floransa ozlemi ozellikle bundand\u0131r&#8230;  paradiso&#8217;yu<br \/>\n     bitirir (evet oyle bir rivayet vard\u0131r ve dogrudur o gece \u00f6l\u00fcr)<br \/>\n     s\u0131tmadan \u00f6l\u00fcr. daha detayli bilgi i\u00e7in odam\u0131 alust etmem laz\u0131m, ama<br \/>\n     isterseniz sizin o guzel hat\u0131r\u0131n\u0131z i\u00e7in onu da yapar\u0131m Ande&#8217;ci\u011fim.<br \/>\n     bu dante&#8217;nin yak\u0131larak olduruldugu bilgisi cok yayg\u0131nd\u0131r, t\u0131pk\u0131<br \/>\n     nietzsche&#8217;nin delirerek oldugune inan\u0131lmas\u0131 gibi. bir gun gelip te \u015fu<br \/>\n     almanlar\u0131n i\u015fime yarayacag\u0131 hi\u00e7 akl\u0131ma gelmezdi dogrusu. ne iyi<br \/>\n     etmi\u015f de kast\u0131rm\u0131\u015flar zaman\u0131nda bana.<\/p>\n<p> \u0130dil                            <br \/>\n potkal@hitnet.bbs.tr<\/p>\n<p>&#8212;&#8212;&#8212;&#8212;&#8212;&#8212;&#8212;&#8212;&#8212;&#8212;&#8212;&#8212;&#8212;&#8212;&#8212;&#8212;&#8212;&#8212;&#8212;&#8212;&#8212;&#8212;&#8212;&#8212;&#8212;&#8212;-<br \/>\nOrigin : HiTNeT E-Posta Listeleri &#8211; http:\/\/www.hitnet.bbs.tr<\/p>\n","protected":false},"excerpt":{"rendered":"<p>Subject: [DUZYAZI] emir&#8217;le ben bir g\u00fcn&#8230; From: Emre Sururi Tasci Date:Tue, 18 Mar 2003 23:47:12 +0200 To:Duzyazi Alani Sakinleri yaz\u0131 yazas\u0131m geldi. yazas\u0131m geldi yaz\u0131. anne bitti. dedi \u00e7ocuk Do, annesi gelip, Do&#8217;nun k\u0131\u00e7\u0131n\u0131 bir g\u00fczel y\u0131kad\u0131. she said living with me is bringing her down dedi. \u00fc\u00e7. ne dedim ben \u015fimdi? aferin. \u00fc\u00e7. ulan &hellip; <a href=\"https:\/\/www.emresururi.com\/blogs\/sururi\/pause-tusuna-basilmis-arkadasliklar\/\" class=\"more-link\">Okumaya devam et<span class=\"screen-reader-text\"> &#8220;Pause Tu\u015funa Bas\u0131lm\u0131\u015f Arkada\u015fl\u0131klar&#8221;<\/span><\/a><\/p>\n","protected":false},"author":1,"featured_media":0,"parent":0,"menu_order":0,"comment_status":"open","ping_status":"open","template":"","meta":[],"_links":{"self":[{"href":"https:\/\/www.emresururi.com\/blogs\/sururi\/wp-json\/wp\/v2\/pages\/649"}],"collection":[{"href":"https:\/\/www.emresururi.com\/blogs\/sururi\/wp-json\/wp\/v2\/pages"}],"about":[{"href":"https:\/\/www.emresururi.com\/blogs\/sururi\/wp-json\/wp\/v2\/types\/page"}],"author":[{"embeddable":true,"href":"https:\/\/www.emresururi.com\/blogs\/sururi\/wp-json\/wp\/v2\/users\/1"}],"replies":[{"embeddable":true,"href":"https:\/\/www.emresururi.com\/blogs\/sururi\/wp-json\/wp\/v2\/comments?post=649"}],"version-history":[{"count":0,"href":"https:\/\/www.emresururi.com\/blogs\/sururi\/wp-json\/wp\/v2\/pages\/649\/revisions"}],"wp:attachment":[{"href":"https:\/\/www.emresururi.com\/blogs\/sururi\/wp-json\/wp\/v2\/media?parent=649"}],"curies":[{"name":"wp","href":"https:\/\/api.w.org\/{rel}","templated":true}]}}