{"id":810,"date":"2006-07-11T22:34:05","date_gmt":"2006-07-11T22:34:05","guid":{"rendered":""},"modified":"-0001-11-30T00:00:00","modified_gmt":"-0001-11-29T21:00:00","slug":"40-derece-ahmet-hasim","status":"publish","type":"page","link":"https:\/\/www.emresururi.com\/blogs\/sururi\/40-derece-ahmet-hasim\/","title":{"rendered":"40 derece \/ Ahmet Ha\u015fim"},"content":{"rendered":"<p>K\u0131rk Derece<\/p>\n<p>\tTadn\u0131d\u0131klar\u0131mdan bir ki\u015fi meyveleri, hi\u00e7 sevmez, \u00e7\u00fcnk\u00fc i\u015fitmi\u015f  ki \u00e7o\u011funluk yaz hastal\u0131klar\u0131, \u00f6zellikle meyveden gelir. Meyvelere kar\u015f\u0131 nefreti o kadar b\u00fcy\u00fckt\u00fcr ki onlardan bahsedilmesine bile tahamm\u00fcl edemez. Hatta en h\u00fcrmet etti\u011fi bir adam\u0131 meyve yerken g\u00f6rse, ona kar\u015f\u0131 h\u00fcrmetinin b\u00fcy\u00fck \u00f6l\u00e7\u00fcde eksilece\u011fini itiraf eder.<\/p>\n<p>\tBen, onun aksine olarak meyveleri s\u0131rf hastal\u0131k verdikleri i\u00e7in severim. Bu sat\u0131rlar\u0131 hafif bir meyve rahats\u0131zl\u0131\u011f\u0131n\u0131n tatl\u0131 iyile\u015fme d\u00f6nemi sonunda yaz\u0131yorum. \u0130ki \u00fc\u00e7 fazla armut ve \u015feftali yemek y\u00fcz\u00fcnden kan\u0131m\u0131 tutu\u015fturan k\u0131rk derecelik bir ate\u015f sayesinde g\u00f6r\u00fclmemi\u015f bir alemde efsanevi bir seyahat yapm\u0131\u015f gibi, sinirlerim \u015fimdi \u015fa\u015f\u0131lacak birtak\u0131m hat\u0131ralar\u0131n izlenimleriyle doludur.<\/p>\n<p>\tK\u0131rk derece ate\u015f!.. Bu \u00c7in, Japon, Amerika ve Afrika&#8217;dan ziyade bir insan i\u00e7in g\u00f6r\u00fclmesi zorunlu, merakl\u0131 bir d\u00fcnyad\u0131r. Yaln\u0131z nabz\u0131n\u0131z\u0131 saymak i\u00e7in bile\u011finizi tutan elin b\u00fcy\u00fcm\u00fc\u015f k\u0131llar\u0131n\u0131 seyretmek, g\u00f6\u011fs\u00fcn\u00fcz\u00fc dinlemek \u00fczere \u00fczerinize e\u011filen ba\u015f\u0131n tayfun g\u00fcr\u00fclt\u00fclerini and\u0131ran\u0131 nefesini i\u015fitmek, k\u0131rk derece ate\u015fin korkun\u00e7 zevklerini tatt\u0131rmaya kafidir. Dalga ge\u00e7iren esrarke\u015fin g\u00f6z\u00fc ne g\u00f6r\u00fcrse, k\u0131rk derece ate\u015fle yanan adam\u0131n d\u0131\u015far\u0131 f\u0131rlam\u0131\u015f g\u00f6z\u00fc de onu g\u00f6r\u00fcr: Doktorun ba\u015f\u0131 y\u00fcz\u00fcme yakla\u015ft\u0131k\u00e7a, k\u0131pk\u0131z\u0131l bir \u00e7ehreye tak\u0131lm\u0131\u015f hortum \u015feklinde iri, m\u00fcthi\u015f bir burnun s\u00fcng\u00fcler gibi dimdik duran k\u0131llarla dolu delikleri, ba\u015f\u0131ma birer siyah k\u00fclah gibi ge\u00e7mek tehlikesini g\u00f6steriyordu. Bir kuruntu eseri olduu bilinen, fakat ger\u00e7ek imi\u015f gibi insana \u00fcrperti ve korku veren s\u0131tman\u0131n heyecan veren tehlikeleri!..<\/p>\n<p>\tFakat k\u0131rk derecelik ate\u015fin en b\u00fcy\u00fck fazileti, hastan\u0131n g\u00f6z\u00fcne, etraf\u0131ndaki insanlar\u0131 as\u0131l ruhlar\u0131n\u0131n \u00e7ehreleriyle g\u00f6stermesidir. Sanki derisi soyulmu\u015f ve k\u0131pk\u0131z\u0131l etleri kanayan, fakat buna ra\u011fmen yine k\u0131s k\u0131s g\u00fclen dost ve akraba \u00e7ehreleri!..<\/p>\n<p>Ahmet Ha\u015fim, Bize G\u00f6re.<\/p>\n<p>Haz\u0131rlayan: Do\u00e7 Dr. Mustafa \u00c7i\u00e7ekler, alk\u0131m yay\u0131nlar\u0131. 2006<\/p>\n","protected":false},"excerpt":{"rendered":"<p>K\u0131rk Derece Tadn\u0131d\u0131klar\u0131mdan bir ki\u015fi meyveleri, hi\u00e7 sevmez, \u00e7\u00fcnk\u00fc i\u015fitmi\u015f ki \u00e7o\u011funluk yaz hastal\u0131klar\u0131, \u00f6zellikle meyveden gelir. Meyvelere kar\u015f\u0131 nefreti o kadar b\u00fcy\u00fckt\u00fcr ki onlardan bahsedilmesine bile tahamm\u00fcl edemez. Hatta en h\u00fcrmet etti\u011fi bir adam\u0131 meyve yerken g\u00f6rse, ona kar\u015f\u0131 h\u00fcrmetinin b\u00fcy\u00fck \u00f6l\u00e7\u00fcde eksilece\u011fini itiraf eder. Ben, onun aksine olarak meyveleri s\u0131rf hastal\u0131k verdikleri i\u00e7in &hellip; <a href=\"https:\/\/www.emresururi.com\/blogs\/sururi\/40-derece-ahmet-hasim\/\" class=\"more-link\">Okumaya devam et<span class=\"screen-reader-text\"> &#8220;40 derece \/ Ahmet Ha\u015fim&#8221;<\/span><\/a><\/p>\n","protected":false},"author":1,"featured_media":0,"parent":0,"menu_order":0,"comment_status":"open","ping_status":"open","template":"","meta":[],"_links":{"self":[{"href":"https:\/\/www.emresururi.com\/blogs\/sururi\/wp-json\/wp\/v2\/pages\/810"}],"collection":[{"href":"https:\/\/www.emresururi.com\/blogs\/sururi\/wp-json\/wp\/v2\/pages"}],"about":[{"href":"https:\/\/www.emresururi.com\/blogs\/sururi\/wp-json\/wp\/v2\/types\/page"}],"author":[{"embeddable":true,"href":"https:\/\/www.emresururi.com\/blogs\/sururi\/wp-json\/wp\/v2\/users\/1"}],"replies":[{"embeddable":true,"href":"https:\/\/www.emresururi.com\/blogs\/sururi\/wp-json\/wp\/v2\/comments?post=810"}],"version-history":[{"count":0,"href":"https:\/\/www.emresururi.com\/blogs\/sururi\/wp-json\/wp\/v2\/pages\/810\/revisions"}],"wp:attachment":[{"href":"https:\/\/www.emresururi.com\/blogs\/sururi\/wp-json\/wp\/v2\/media?parent=810"}],"curies":[{"name":"wp","href":"https:\/\/api.w.org\/{rel}","templated":true}]}}